{"id":139416,"date":"2023-11-29T09:48:35","date_gmt":"2023-11-29T09:48:35","guid":{"rendered":"https:\/\/moto-oprema.com\/Artikel\/dainese-racing-hoodie-zenska-majica-s-kapuljacom\/"},"modified":"2023-11-29T09:48:35","modified_gmt":"2023-11-29T09:48:35","slug":"dainese-racing-hoodie-zenska-majica-s-kapuljacom","status":"publish","type":"product","link":"https:\/\/moto-oprema.com\/hr\/Artikel\/dainese-racing-hoodie-zenska-majica-s-kapuljacom\/","title":{"rendered":"DAINESE RACING HOODIE \u017dENSKA MAJICA S KAPULJA\u010cOM"},"content":{"rendered":"<p>\u017denska majica s kapulja\u010dom.<\/p>\n<p> Sastav sirovine: 100% pamuk.<\/p>\n","protected":false},"excerpt":{"rendered":"<p>\u017denska majica s kapulja\u010dom. Sastav sirovine: 100% pamuk.<\/p>\n","protected":false},"featured_media":139425,"comment_status":"open","ping_status":"open","template":"","meta":{"_acf_changed":false},"brand":[2800],"gender":[],"product_brand":[],"product_cat":[2905,2829],"product_tag":[],"class_list":{"0":"post-139416","1":"product","2":"type-product","3":"status-publish","4":"has-post-thumbnail","6":"brand-dainese-hr","7":"product_cat-dzemperi-i-kardigani","8":"product_cat-lezerna-odjeca","9":"pa_velikost-st-l-hr","10":"pa_velikost-st-m-hr","11":"pa_velikost-st-s-hr","12":"pa_velikost-st-xs-hr","14":"first","15":"instock","16":"sale","17":"taxable","18":"shipping-taxable","19":"purchasable","20":"product-type-variable"},"acf":[],"_links":{"self":[{"href":"https:\/\/moto-oprema.com\/hr\/wp-json\/wp\/v2\/product\/139416","targetHints":{"allow":["GET"]}}],"collection":[{"href":"https:\/\/moto-oprema.com\/hr\/wp-json\/wp\/v2\/product"}],"about":[{"href":"https:\/\/moto-oprema.com\/hr\/wp-json\/wp\/v2\/types\/product"}],"replies":[{"embeddable":true,"href":"https:\/\/moto-oprema.com\/hr\/wp-json\/wp\/v2\/comments?post=139416"}],"wp:featuredmedia":[{"embeddable":true,"href":"https:\/\/moto-oprema.com\/hr\/wp-json\/wp\/v2\/media\/139425"}],"wp:attachment":[{"href":"https:\/\/moto-oprema.com\/hr\/wp-json\/wp\/v2\/media?parent=139416"}],"wp:term":[{"taxonomy":"brand","embeddable":true,"href":"https:\/\/moto-oprema.com\/hr\/wp-json\/wp\/v2\/brand?post=139416"},{"taxonomy":"gender","embeddable":true,"href":"https:\/\/moto-oprema.com\/hr\/wp-json\/wp\/v2\/gender?post=139416"},{"taxonomy":"product_brand","embeddable":true,"href":"https:\/\/moto-oprema.com\/hr\/wp-json\/wp\/v2\/product_brand?post=139416"},{"taxonomy":"product_cat","embeddable":true,"href":"https:\/\/moto-oprema.com\/hr\/wp-json\/wp\/v2\/product_cat?post=139416"},{"taxonomy":"product_tag","embeddable":true,"href":"https:\/\/moto-oprema.com\/hr\/wp-json\/wp\/v2\/product_tag?post=139416"}],"curies":[{"name":"wp","href":"https:\/\/api.w.org\/{rel}","templated":true}]}}