{"id":139294,"date":"2023-11-13T11:59:59","date_gmt":"2023-11-13T11:59:59","guid":{"rendered":"https:\/\/moto-oprema.com\/Artikel\/hjc-jet-kaciga-rpha-31-kouv-mc21sf\/"},"modified":"2023-11-13T11:59:59","modified_gmt":"2023-11-13T11:59:59","slug":"hjc-jet-kaciga-rpha-31-kouv-mc21sf","status":"publish","type":"product","link":"https:\/\/moto-oprema.com\/hr\/Artikel\/hjc-jet-kaciga-rpha-31-kouv-mc21sf\/","title":{"rendered":"HJC JET KACIGA RPHA 31 KOUV MC21SF"},"content":{"rendered":"<p>RPHA 31 nudi pobolj\u0161anu otpornost na udarce i maksimalnu za\u0161titu zahvaljuju\u0107i Premium Integrated Matrix (PIM) Evo \u0161koljci i EPS-u vi\u0161e gusto\u0107e. Opremljen \u0161titnikom za sunce, RPHA 31 razvijen je opse\u017enim testiranjem u aerotunelu kako bi se osigurala ti\u0161a i aerodinami\u010dnija vo\u017enja, smanjuju\u0107i razinu buke i turbulencije vjetra. RPHA 31 je tako\u0111er kompatibilan s drugom generacijom SMART HJC Bluetooth komunikacijskog sustava, \u0161to omogu\u0107uje voza\u010du da ostane povezan i usredoto\u010den na cestu.  <\/p>\n<p>Zna\u010dajke:<\/p>\n<p>PIM-EVO \u0161koljka: novi materijal \u0161koljke s uglji\u010dnim aramidnim vlaknima, uglji\u010dnim vlaknima, staklenim vlaknima, organskim netkanim materijalom i prirodnim lanenim vlaknima za pobolj\u0161anu otpornost na udarce te udobniju i lak\u0161u kacigu<br \/>\n Napredna tkanina omogu\u0107uje pobolj\u0161ano odvo\u0111enje vlage i brzo su\u0161enje<br \/>\n RPHA 31 ima produ\u017eenu \u0161koljku i EPS \u0161titnik za bradu, \u0161to nudi bolje pristajanje u usporedbi s kacigama koje pokrivaju cijelo lice.<br \/>\nS potpuno novim uvla\u010divim deflektorom vizira i dr\u017ea\u010dem vizira za smanjenje buke, pri\u010dvr\u0161\u0107ivanje vizira i blokiranje dolaznog vjetra<br \/>\n3D konturni jastu\u010di\u0107i za obraze<br \/>\nReflektiraju\u0107i materijal za sigurnost<br \/>\nIzmjenjivi jastu\u010di\u0107i za obraze svih veli\u010dina za individualno pode\u0161avanje<br \/>\nPeriva udobna podloga i jastu\u010di\u0107i za obraze<br \/>\nKompatibilno s drugom generacijom HJC Smart komunikacijskih sustava<br \/>\nPogodno za nositelje nao\u010dala<\/p>\n<p>Tehni\u010dki podaci:<\/p>\n<p>Materijal: PIM Evo Composite: ugljik, aramidna vlakna, staklena vlakna i netkani tekstil<br \/>\n Zadovoljava: Standard: 22.06<br \/>\n Zatvaranje: mikrometrijsko zatvaranje s \u010degrtaljkom<br \/>\n Vrsta vizira: HJ-39, premaz protiv zamagljivanja, zaklju\u010dava se<br \/>\n \u0160titnik za sunce: HJ-V12<br \/>\n Veli\u010dine:<\/p>\n<p>Veli\u010dina kacige\/\u0161titnika za obraze\/\u0161titnika za glavu:<br \/>\n XS (54-55 cm)\/40 mm\/12 mm<br \/>\n S (55-56 cm) \/ 35 mm \/ 9 mm<br \/>\n M (57-58 cm) \/ 35 mm 9 mm<br \/>\n D (58-59 cm) \/ 35 mm \/ 9 mm<br \/>\n XL (60-61 cm)\/35 mm\/12 mm<br \/>\n XXL (62-63 cm)\/25 mm\/7 mm<\/p>\n","protected":false},"excerpt":{"rendered":"<p>HJC kaciga za jet RPHA 31<\/p>\n","protected":false},"featured_media":24044,"comment_status":"open","ping_status":"open","template":"","meta":{"_acf_changed":false},"brand":[2130],"gender":[],"product_brand":[],"product_cat":[1358,2919,1356],"product_tag":[],"class_list":{"0":"post-139294","1":"product","2":"type-product","3":"status-publish","4":"has-post-thumbnail","6":"brand-hjc-hr","7":"product_cat-kacige","8":"product_cat-mlaznjak","9":"product_cat-motociklisticka-oprema","10":"pa_size-l-hr","11":"pa_size-m-hr","12":"pa_size-s-hr","13":"pa_size-xl-hr","14":"pa_size-xs-hr","15":"pa_size-xxl-hr","17":"first","18":"instock","19":"taxable","20":"shipping-taxable","21":"purchasable","22":"product-type-variable"},"acf":[],"_links":{"self":[{"href":"https:\/\/moto-oprema.com\/hr\/wp-json\/wp\/v2\/product\/139294","targetHints":{"allow":["GET"]}}],"collection":[{"href":"https:\/\/moto-oprema.com\/hr\/wp-json\/wp\/v2\/product"}],"about":[{"href":"https:\/\/moto-oprema.com\/hr\/wp-json\/wp\/v2\/types\/product"}],"replies":[{"embeddable":true,"href":"https:\/\/moto-oprema.com\/hr\/wp-json\/wp\/v2\/comments?post=139294"}],"wp:featuredmedia":[{"embeddable":true,"href":"https:\/\/moto-oprema.com\/hr\/wp-json\/wp\/v2\/media\/24044"}],"wp:attachment":[{"href":"https:\/\/moto-oprema.com\/hr\/wp-json\/wp\/v2\/media?parent=139294"}],"wp:term":[{"taxonomy":"brand","embeddable":true,"href":"https:\/\/moto-oprema.com\/hr\/wp-json\/wp\/v2\/brand?post=139294"},{"taxonomy":"gender","embeddable":true,"href":"https:\/\/moto-oprema.com\/hr\/wp-json\/wp\/v2\/gender?post=139294"},{"taxonomy":"product_brand","embeddable":true,"href":"https:\/\/moto-oprema.com\/hr\/wp-json\/wp\/v2\/product_brand?post=139294"},{"taxonomy":"product_cat","embeddable":true,"href":"https:\/\/moto-oprema.com\/hr\/wp-json\/wp\/v2\/product_cat?post=139294"},{"taxonomy":"product_tag","embeddable":true,"href":"https:\/\/moto-oprema.com\/hr\/wp-json\/wp\/v2\/product_tag?post=139294"}],"curies":[{"name":"wp","href":"https:\/\/api.w.org\/{rel}","templated":true}]}}