{"id":139266,"date":"2023-11-14T09:49:54","date_gmt":"2023-11-14T09:49:54","guid":{"rendered":"https:\/\/moto-oprema.com\/Artikel\/hjc-jet-kaciga-f31-cisto-bijela\/"},"modified":"2023-11-14T09:49:54","modified_gmt":"2023-11-14T09:49:54","slug":"hjc-jet-kaciga-f31-cisto-bijela","status":"publish","type":"product","link":"https:\/\/moto-oprema.com\/hr\/Artikel\/hjc-jet-kaciga-f31-cisto-bijela\/","title":{"rendered":"HJC JET KACIGA F31 \u010cISTO BIJELA"},"content":{"rendered":"<p>Napredna \u0161koljka od stakloplastike: lagana, s izvrsnim pristajanjem i udobno\u0161\u0107u zahvaljuju\u0107i naprednoj CAD tehnologiji.<br \/>\n VIZIR HJ-43 Ready: Pru\u017ea 99% UV za\u0161titu, premaz protiv ogrebotina, dvosmjernu \u010degrtaljku za zaklju\u010davanje, glatko zaklju\u010davanje i bolje brtvljenje.<br \/>\n Vi\u0161estupanjska dinami\u010dka za\u0161tita od sunca za optimiziran polo\u017eaj.<br \/>\n Napredni sustav ventilacije &#8220;ACS&#8221;: Potpuna ventilacija od prednje prema stra\u017enjoj strani omogu\u0107uje izlazak topline i vlage iz kacige.<br \/>\n Unutra\u0161njost: podstava i odvod vlage.<br \/>\n Unutarnja \u0161koljka i jastu\u010di\u0107i za obraze su uklonjivi i perivi.<br \/>\n Spremno za SMART HJC 11B, 21B i 50B Bluetooth<br \/>\n (dostupno zasebno).<br \/>\n Pinlock uklju\u010den.<br \/>\n 3 veli\u010dine \u0161koljke: XS-S, ML, XL-2XL.<\/p>\n","protected":false},"excerpt":{"rendered":"<p>HJC kaciga za mlazni pogon F 31<\/p>\n","protected":false},"featured_media":24080,"comment_status":"open","ping_status":"open","template":"","meta":{"_acf_changed":false},"brand":[2130],"gender":[],"product_brand":[],"product_cat":[1358,2919,1356],"product_tag":[],"class_list":{"0":"post-139266","1":"product","2":"type-product","3":"status-publish","4":"has-post-thumbnail","6":"brand-hjc-hr","7":"product_cat-kacige","8":"product_cat-mlaznjak","9":"product_cat-motociklisticka-oprema","10":"pa_size-l-hr","11":"pa_size-m-hr","12":"pa_size-s-hr","13":"pa_size-xl-hr","14":"pa_size-xs-hr","15":"pa_size-xxl-hr","17":"first","18":"instock","19":"taxable","20":"shipping-taxable","21":"purchasable","22":"product-type-variable"},"acf":[],"_links":{"self":[{"href":"https:\/\/moto-oprema.com\/hr\/wp-json\/wp\/v2\/product\/139266","targetHints":{"allow":["GET"]}}],"collection":[{"href":"https:\/\/moto-oprema.com\/hr\/wp-json\/wp\/v2\/product"}],"about":[{"href":"https:\/\/moto-oprema.com\/hr\/wp-json\/wp\/v2\/types\/product"}],"replies":[{"embeddable":true,"href":"https:\/\/moto-oprema.com\/hr\/wp-json\/wp\/v2\/comments?post=139266"}],"wp:featuredmedia":[{"embeddable":true,"href":"https:\/\/moto-oprema.com\/hr\/wp-json\/wp\/v2\/media\/24080"}],"wp:attachment":[{"href":"https:\/\/moto-oprema.com\/hr\/wp-json\/wp\/v2\/media?parent=139266"}],"wp:term":[{"taxonomy":"brand","embeddable":true,"href":"https:\/\/moto-oprema.com\/hr\/wp-json\/wp\/v2\/brand?post=139266"},{"taxonomy":"gender","embeddable":true,"href":"https:\/\/moto-oprema.com\/hr\/wp-json\/wp\/v2\/gender?post=139266"},{"taxonomy":"product_brand","embeddable":true,"href":"https:\/\/moto-oprema.com\/hr\/wp-json\/wp\/v2\/product_brand?post=139266"},{"taxonomy":"product_cat","embeddable":true,"href":"https:\/\/moto-oprema.com\/hr\/wp-json\/wp\/v2\/product_cat?post=139266"},{"taxonomy":"product_tag","embeddable":true,"href":"https:\/\/moto-oprema.com\/hr\/wp-json\/wp\/v2\/product_tag?post=139266"}],"curies":[{"name":"wp","href":"https:\/\/api.w.org\/{rel}","templated":true}]}}