{"id":139078,"date":"2023-10-26T09:32:09","date_gmt":"2023-10-26T09:32:09","guid":{"rendered":"https:\/\/moto-oprema.com\/Artikel\/spidi-charged-hlace-zenske-crne\/"},"modified":"2023-10-26T09:32:09","modified_gmt":"2023-10-26T09:32:09","slug":"spidi-charged-hlace-zenske-crne","status":"publish","type":"product","link":"https:\/\/moto-oprema.com\/hr\/Artikel\/spidi-charged-hlace-zenske-crne\/","title":{"rendered":"SPIDI CHARGED HLA\u010cE \u017dENSKE CRNE"},"content":{"rendered":"<p>SPIDI Charged hla\u010de: ro\u0111ene i razvijene na temelju trenutnog modela gornje odje\u0107e, vo\u0111ene ciljem sigurnosti. Lagane i elasti\u010dne hla\u010de uvjerljivo prolaze CE certifikat klase A i nude jedinstvenu udobnost vo\u017enje. Razvili smo tkaninu na bazi najlona koja nudi maksimalnu prozra\u010dnost s visokom elasti\u010dno\u0161\u0107u zahvaljuju\u0107i 4% elastana. Kona\u010dno smo postigli cilj kombiniranja ovih specifikacija s CE zahtjevima za otpornost na rezanje i habanje. Rezultat su izuzetno lagane, izdr\u017eljive hla\u010de, idealne za ljetnu upotrebu na bilo kojoj vrsti motocikla. 2 prednja d\u017eepa s dubokim zakrivljenim otvorima za jednostavan pristup, u kombinaciji s bo\u010dnim prednjim d\u017eepom ispod YKK\u00ae patentnog zatvara\u010da s puno prostora za pohranu. Uklonjivi i po visini podesivi Warrior Lite Level 1 \u0161titnici nalaze se na koljenima, dok su Warrior \u0161titnici za bokove dostupni zasebno. 10 cm kra\u0107a verzija dostupna je i kao Charged Short.<\/p>\n","protected":false},"excerpt":{"rendered":"<p>SPIDI Charged \u017eenske hla\u010de crne boje<\/p>\n","protected":false},"featured_media":23816,"comment_status":"open","ping_status":"open","template":"","meta":{"_acf_changed":false},"brand":[2732],"gender":[1314],"product_brand":[],"product_cat":[2832,1356,2857],"product_tag":[],"class_list":{"0":"post-139078","1":"product","2":"type-product","3":"status-publish","4":"has-post-thumbnail","6":"brand-spidi-hr","7":"gender-zenska","8":"product_cat-hlace-hr","9":"product_cat-motociklisticka-oprema","10":"product_cat-tekstilne-hlace-hr","11":"pa_size-27-hr","12":"pa_size-28-hr","13":"pa_size-29-hr","14":"pa_size-30-hr","15":"pa_size-31-hr","16":"pa_size-32-hr","17":"pa_size-33-hr","18":"pa_size-34-hr","20":"first","21":"instock","22":"taxable","23":"shipping-taxable","24":"purchasable","25":"product-type-variable"},"acf":[],"_links":{"self":[{"href":"https:\/\/moto-oprema.com\/hr\/wp-json\/wp\/v2\/product\/139078","targetHints":{"allow":["GET"]}}],"collection":[{"href":"https:\/\/moto-oprema.com\/hr\/wp-json\/wp\/v2\/product"}],"about":[{"href":"https:\/\/moto-oprema.com\/hr\/wp-json\/wp\/v2\/types\/product"}],"replies":[{"embeddable":true,"href":"https:\/\/moto-oprema.com\/hr\/wp-json\/wp\/v2\/comments?post=139078"}],"wp:featuredmedia":[{"embeddable":true,"href":"https:\/\/moto-oprema.com\/hr\/wp-json\/wp\/v2\/media\/23816"}],"wp:attachment":[{"href":"https:\/\/moto-oprema.com\/hr\/wp-json\/wp\/v2\/media?parent=139078"}],"wp:term":[{"taxonomy":"brand","embeddable":true,"href":"https:\/\/moto-oprema.com\/hr\/wp-json\/wp\/v2\/brand?post=139078"},{"taxonomy":"gender","embeddable":true,"href":"https:\/\/moto-oprema.com\/hr\/wp-json\/wp\/v2\/gender?post=139078"},{"taxonomy":"product_brand","embeddable":true,"href":"https:\/\/moto-oprema.com\/hr\/wp-json\/wp\/v2\/product_brand?post=139078"},{"taxonomy":"product_cat","embeddable":true,"href":"https:\/\/moto-oprema.com\/hr\/wp-json\/wp\/v2\/product_cat?post=139078"},{"taxonomy":"product_tag","embeddable":true,"href":"https:\/\/moto-oprema.com\/hr\/wp-json\/wp\/v2\/product_tag?post=139078"}],"curies":[{"name":"wp","href":"https:\/\/api.w.org\/{rel}","templated":true}]}}