{"id":139000,"date":"2023-10-26T10:02:58","date_gmt":"2023-10-26T10:02:58","guid":{"rendered":"https:\/\/moto-oprema.com\/Artikel\/spidi-kozno-1kom-odijelo-dp-progressive-pro-perf-crvena\/"},"modified":"2023-10-26T10:02:58","modified_gmt":"2023-10-26T10:02:58","slug":"spidi-kozno-1kom-odijelo-dp-progressive-pro-perf-crvena","status":"publish","type":"product","link":"https:\/\/moto-oprema.com\/hr\/Artikel\/spidi-kozno-1kom-odijelo-dp-progressive-pro-perf-crvena\/","title":{"rendered":"SPIDI KO\u017dNO 1KOM ODIJELO DP PROGRESSIVE PRO PERF. CRVENA"},"content":{"rendered":"<div id=\"tw-target-text-container\" class=\"tw-ta-container tw-nfl\">\n<p>Razvijen u suradnji s Aldom Drudijem, SPIDI DP Progressive Pro slavi brzinu i boju, inspiriran MotoGP kulturom i naslije\u0111em cestovnih utrka.<br \/>\n Dizajniran za ljubitelje sigurnosti i performansi, DP Progressive Pro ima CE certifikat prema prEN 17092-2:2020 klasi AAA i odlikuje se \u010dvrstom talijanskom ko\u017enom konstrukcijom debljine 1,1 do 1,3 mm s visoko\u010dvrstim elasti\u010dnim najlonom na fleksibilnim podru\u010djima i izuzetnom otporno\u0161\u0107u na habanje. <\/p>\n<p>Svako odijelo uklju\u010duje CE certificirane \u0161titnike za ramena, laktove, kukove i koljena prema normi EN 1621-1:2012 s d\u017eepom za Warrior \u0161titnik za le\u0111a razine 1 ili 2 i d\u017eepom za Warrior \u0161titnik za prsa. Gornji dio koljena i ramena ima harmonika\u0161ke ko\u017ene panele za vrhunsku udobnost, dok djelomi\u010dne perforacije ko\u017ee osiguravaju savr\u0161en protok zraka u najtoplijim danima. Kako biste ostali hidrirani u pokretu, odijelo ima mogu\u0107nost dr\u017eanja Hydroback torbe i slamke, dok uklonjiva mre\u017easta podstava omogu\u0107uje vam da odijelo odr\u017eavate \u010distim uz \u010desto pranje.  <\/p>\n<p>Aerodinami\u010dna grba na le\u0111ima podr\u017eava aerodinamiku, a odijelo tako\u0111er ima podesive i uklonjive kliza\u010de za koljena i laktove inspirirane utrkama.<\/p>\n<p>Zna\u010dajke:<\/p>\n<ul>\n<li>Uklonjiva mre\u017easta podstava od 2\u00b0 sloja<\/li>\n<li>Ovratnik s neoprenskim umetcima<\/li>\n<li>Donji dio nogavica izra\u0111en od udobnog materijala<\/li>\n<li>Harmonika umetci za bolje pristajanje<\/li>\n<li>visoko elasti\u010dni Flex-Tenax najlon 6.6, izuzetno otporan na abraziju<\/li>\n<li>prozra\u010dna ko\u017ea<\/li>\n<li>Neopren: elasti\u010dan, udoban i vodootporan materijal<\/li>\n<li>Gove\u0111a ko\u017ea, debljine 1,2\/1,3 mm, visoka sigurnost<\/li>\n<li>Vrhunska ko\u017ea, \u0161tavljena u Italiji<\/li>\n<li>Priprema za Hydroback torbu (V39)<\/li>\n<li>Priprema slamke Hydroback (V40)<\/li>\n<li>MSC mikrometrijski kliza\u010d<\/li>\n<li>Za\u0161titna oprema za motocikle u skladu s Uredbom (EU) 2016\/454<\/li>\n<li>OZO &#8211; Za\u0161titna odje\u0107a za motocikliste (Pr En 17092-2: 2020 klasa AAA)<\/li>\n<li>Za\u0161titni ure\u0111aj za le\u0111a (Z53, razina 1)<\/li>\n<li>Za\u0161titni ure\u0111aj za le\u0111a (Z54, razina 1)<\/li>\n<li>tanki krajnji dio<\/li>\n<li>podesivi i uklonjivi kliza\u010di za koljena<\/li>\n<li>Uklonjivi Force-Tech (EN 1621-1:2012) \u0161titnici na laktovima<\/li>\n<li>Za\u0161titni ure\u0111aj za le\u0111a (Z147, razina 2)<\/li>\n<li>Warrior \u0161titnici za ramena i laktove<\/li>\n<li>Za\u0161titni ure\u0111aj za le\u0111a (Z172, razina 2)<\/li>\n<li>Priprema za \u0161titnik za prsa (Z138, razina 1)<\/li>\n<li>Warrior \u0161titnici za ramena (EN 1621-1 razina 1)<\/li>\n<li>Fiksni \u0161titnici za kukove (EN 1621-1:2012)<\/li>\n<li>uklonjivi \u0161titnici za trke (EN 1621-1:2012)<\/li>\n<\/ul>\n<p>Sastav sirovine: 100% ko\u017ea<\/p>\n<\/div>\n","protected":false},"excerpt":{"rendered":"<p>DP Progressive Pro perforirano ko\u017eno odijelo za trke temelji se na iskustvu MotoGP i WSBK voza\u010da&#8230;.<\/p>\n","protected":false},"featured_media":23840,"comment_status":"open","ping_status":"open","template":"","meta":{"_acf_changed":false},"brand":[2732],"gender":[1313],"product_brand":[],"product_cat":[2879,1356],"product_tag":[],"class_list":{"0":"post-139000","1":"product","2":"type-product","3":"status-publish","4":"has-post-thumbnail","6":"brand-spidi-hr","7":"gender-moski","8":"product_cat-jednodijelni-kombinezoni","9":"product_cat-motociklisticka-oprema","10":"pa_size-46-hr","11":"pa_size-48-hr","12":"pa_size-50-hr","13":"pa_size-52-hr","14":"pa_size-54-hr","15":"pa_size-56-hr","16":"pa_size-58-hr","18":"first","19":"instock","20":"taxable","21":"shipping-taxable","22":"purchasable","23":"product-type-variable"},"acf":[],"_links":{"self":[{"href":"https:\/\/moto-oprema.com\/hr\/wp-json\/wp\/v2\/product\/139000","targetHints":{"allow":["GET"]}}],"collection":[{"href":"https:\/\/moto-oprema.com\/hr\/wp-json\/wp\/v2\/product"}],"about":[{"href":"https:\/\/moto-oprema.com\/hr\/wp-json\/wp\/v2\/types\/product"}],"replies":[{"embeddable":true,"href":"https:\/\/moto-oprema.com\/hr\/wp-json\/wp\/v2\/comments?post=139000"}],"wp:featuredmedia":[{"embeddable":true,"href":"https:\/\/moto-oprema.com\/hr\/wp-json\/wp\/v2\/media\/23840"}],"wp:attachment":[{"href":"https:\/\/moto-oprema.com\/hr\/wp-json\/wp\/v2\/media?parent=139000"}],"wp:term":[{"taxonomy":"brand","embeddable":true,"href":"https:\/\/moto-oprema.com\/hr\/wp-json\/wp\/v2\/brand?post=139000"},{"taxonomy":"gender","embeddable":true,"href":"https:\/\/moto-oprema.com\/hr\/wp-json\/wp\/v2\/gender?post=139000"},{"taxonomy":"product_brand","embeddable":true,"href":"https:\/\/moto-oprema.com\/hr\/wp-json\/wp\/v2\/product_brand?post=139000"},{"taxonomy":"product_cat","embeddable":true,"href":"https:\/\/moto-oprema.com\/hr\/wp-json\/wp\/v2\/product_cat?post=139000"},{"taxonomy":"product_tag","embeddable":true,"href":"https:\/\/moto-oprema.com\/hr\/wp-json\/wp\/v2\/product_tag?post=139000"}],"curies":[{"name":"wp","href":"https:\/\/api.w.org\/{rel}","templated":true}]}}