{"id":138992,"date":"2023-10-26T08:32:06","date_gmt":"2023-10-26T08:32:06","guid":{"rendered":"https:\/\/moto-oprema.com\/Artikel\/spidi-rr-pro-2-zenske-kozne-hlace-crno-bijele\/"},"modified":"2023-10-26T08:32:06","modified_gmt":"2023-10-26T08:32:06","slug":"spidi-rr-pro-2-zenske-kozne-hlace-crno-bijele","status":"publish","type":"product","link":"https:\/\/moto-oprema.com\/hr\/Artikel\/spidi-rr-pro-2-zenske-kozne-hlace-crno-bijele\/","title":{"rendered":"SPIDI RR PRO 2 \u017dENSKE KO\u017dNE HLA\u010cE CRNO-BIJELE"},"content":{"rendered":"<p>\u017denske ko\u017ene motociklisti\u010dke hla\u010de Spidi RR Pro 2<\/p>\n<p>Ko\u017ene hla\u010de SPIDI RR PRO 2 imaju CE certifikat prema najnovijem sigurnosnom standardu prEN 17092-2:2017 i uklju\u010duju uklonjive Warrior Lite \u0161titnike certificirane prema standardima EN 1621-1:2012. Kako bi se osiguralo savr\u0161eno pristajanje i prilago\u0111avanje, hla\u010de RR PRO 2 imaju pode\u0161avanje \u0161irine \u010di\u010dkom u podru\u010dju bokova\/lumbalnog dijela, velike ko\u017ene rastezljive umetke iznad koljena i nogavice u podru\u010dju ma\u010da s velikodu\u0161nim Flex-Tenax materijalom za najbolju udobnost i prikladne \u010dizme. Kao \u0161to se i o\u010dekuje od tako kvalitetnih motociklisti\u010dkih hla\u010da, RR PRO 2 ima podesive i uklonjive kliza\u010de na koljenima i Spidijev vlastiti razvoj MSC (Micrometric Slide Control). Za dodatnu i o\u010ditu sigurnost, hla\u010de imaju patentni zatvara\u010d koji se spaja s jaknom i izra\u0111ene su od vrlo otporne kravlje ko\u017ee (talijanske proizvodnje) debljine od 1,1 mm do 1,3 mm. Flex Tenax umetci u podru\u010djima s velikim prometom kretanja, \u010dvrsto pri\u010dvr\u0161\u0107ena podstava i ko\u017ena zavr\u0161na obrada za pribli\u017eno 50% vodootpornosti upotpunjuju sna\u017ean izgled.     <\/p>\n<p>Zna\u010dajke:<\/p>\n<p>Podesivi i uklonjivi kliza\u010di za koljena za natjecatelje (uklju\u010deni)<br \/>\n Fiksni termalni jastu\u010di\u0107 50 g<br \/>\n Vodoodbojna odje\u0107a (50% vodootporna)<br \/>\n Donji dio nogavice izra\u0111en od udobnog materijala<br \/>\n Patentni zatvara\u010d za spajanje jakne i hla\u010da<br \/>\n MSC &#8211; Precizno fiksiranje kliza\u010da za koljeno pomo\u0107u \u010di\u010dka s pozicionerskom \u0161ipkom<br \/>\n Pode\u0161avanje \u0161irine u pojasu<br \/>\n Fleksibilna konstrukcija koljena<br \/>\n Visoko\u010dvrsti, elasti\u010dni Flex Tenax najlon 6.6, posebno otporan na abraziju<br \/>\n Gove\u0111a ko\u017ea, debljine 1,1\/1,3 mm, visoki za\u0161titni u\u010dinak<br \/>\n Podru\u010dja od reflektiraju\u0107eg materijala za vidljivost no\u0107u<\/p>\n<p>Sastav sirovine: 100% ko\u017ea<\/p>\n","protected":false},"excerpt":{"rendered":"<p>\u017denske ko\u017ene motociklisti\u010dke hla\u010de Spidi RR Pro 2 Boja: Crno &#8211; Bijela<\/p>\n","protected":false},"featured_media":23772,"comment_status":"open","ping_status":"open","template":"","meta":{"_acf_changed":false},"brand":[2732],"gender":[1314],"product_brand":[],"product_cat":[2832,2983,1356],"product_tag":[],"class_list":{"0":"post-138992","1":"product","2":"type-product","3":"status-publish","4":"has-post-thumbnail","6":"brand-spidi-hr","7":"gender-zenska","8":"product_cat-hlace-hr","9":"product_cat-kozne-hlace","10":"product_cat-motociklisticka-oprema","11":"pa_size-40-hr","12":"pa_size-42-hr","13":"pa_size-44-hr","14":"pa_size-46-hr","15":"pa_size-48-hr","17":"first","18":"instock","19":"sale","20":"taxable","21":"shipping-taxable","22":"purchasable","23":"product-type-variable"},"acf":[],"_links":{"self":[{"href":"https:\/\/moto-oprema.com\/hr\/wp-json\/wp\/v2\/product\/138992","targetHints":{"allow":["GET"]}}],"collection":[{"href":"https:\/\/moto-oprema.com\/hr\/wp-json\/wp\/v2\/product"}],"about":[{"href":"https:\/\/moto-oprema.com\/hr\/wp-json\/wp\/v2\/types\/product"}],"replies":[{"embeddable":true,"href":"https:\/\/moto-oprema.com\/hr\/wp-json\/wp\/v2\/comments?post=138992"}],"wp:featuredmedia":[{"embeddable":true,"href":"https:\/\/moto-oprema.com\/hr\/wp-json\/wp\/v2\/media\/23772"}],"wp:attachment":[{"href":"https:\/\/moto-oprema.com\/hr\/wp-json\/wp\/v2\/media?parent=138992"}],"wp:term":[{"taxonomy":"brand","embeddable":true,"href":"https:\/\/moto-oprema.com\/hr\/wp-json\/wp\/v2\/brand?post=138992"},{"taxonomy":"gender","embeddable":true,"href":"https:\/\/moto-oprema.com\/hr\/wp-json\/wp\/v2\/gender?post=138992"},{"taxonomy":"product_brand","embeddable":true,"href":"https:\/\/moto-oprema.com\/hr\/wp-json\/wp\/v2\/product_brand?post=138992"},{"taxonomy":"product_cat","embeddable":true,"href":"https:\/\/moto-oprema.com\/hr\/wp-json\/wp\/v2\/product_cat?post=138992"},{"taxonomy":"product_tag","embeddable":true,"href":"https:\/\/moto-oprema.com\/hr\/wp-json\/wp\/v2\/product_tag?post=138992"}],"curies":[{"name":"wp","href":"https:\/\/api.w.org\/{rel}","templated":true}]}}