{"id":138883,"date":"2023-12-13T11:50:19","date_gmt":"2023-12-13T11:50:19","guid":{"rendered":"https:\/\/moto-oprema.com\/Artikel\/dainese-fulcrum-3-gore-tex-cizme-crne\/"},"modified":"2023-12-13T11:50:19","modified_gmt":"2023-12-13T11:50:19","slug":"dainese-fulcrum-3-gore-tex-cizme-crne","status":"publish","type":"product","link":"https:\/\/moto-oprema.com\/hr\/Artikel\/dainese-fulcrum-3-gore-tex-cizme-crne\/","title":{"rendered":"Dainese Fulcrum 3 Gore-tex \u010dizme crne"},"content":{"rendered":"<div class=\"tabs-panels\">\n<p>Dainese Fulcrum 3 GTX vodootporne motociklisti\u010dke \u010dizme<\/p>\n<p>Fulcrum 3 Gore-Tex\u00ae su nove turne \u010dizme za sva \u010detiri godi\u0161nja doba, izra\u0111ene u potpunosti od fine kravlje ko\u017ee i dizajnirane za motocikliste koji se moraju nositi s dugim vo\u017enjama u nepovoljnim vremenskim uvjetima, tako\u0111er zahvaljuju\u0107i integriranoj Gore-Tex\u00ae Performance membrani, koja osigurava visoku klimatsku udobnost i za\u0161titu od najekstremnijih temperatura. Potplat Groundtrax\u00ae ima poseban sastav i uzorak gaznog sloja za upotrebu na cesti i na rijetkim terenskim putovanjima, \u0161to osigurava stabilnost i prianjanje na razli\u010ditim terenima te maksimalnu udobnost pri hodanju izvan motocikla. Kvaliteta i izdr\u017eljivost materijala nadopunjuju udobnost i jednostavnost prilagodbe razli\u010ditim oblicima tijela, \u0161to je osigurano dvostrukim \u010di\u010dkom i rastezljivim materijalom na listu, kao i fleksibilnom i mekom za\u0161titom za dugotrajnu udobnost.  <\/p>\n<p>Zna\u010dajke:<\/p>\n<p>Motociklisti\u010dke \u010dizme za sva godi\u0161nja doba izra\u0111ene od kravlje ko\u017ee s Gore-Tex\u00ae Performance membranom za maksimalnu toplinsku udobnost u nepovoljnim vremenskim uvjetima<br \/>\n Groundtrax\u00ae gumeni potplat za planinarenje i planinarenje s dobrim prianjanjem<br \/>\n Ortholite ulo\u017eak s dugotrajnim jastu\u010di\u0107ima i visokom prozra\u010dno\u0161\u0107u<br \/>\n Reflektiraju\u0107i umetci za dobru vidljivost<br \/>\n Dvostruko pode\u0161avanje lista s remenima za trenutno i udobno pristajanje<br \/>\n Fleksibilni zglobovi za dodatnu udobnost hodanja<br \/>\n Zatvaranje patentnim zatvara\u010dem s unutarnje strane<br \/>\n Gornji dio od kravlje ko\u017ee<br \/>\n Gore-Tex\u00ae Performance Comfort membrana za obu\u0107u<\/p>\n<p>Tehni\u010dki podaci:<\/p>\n<p>Za\u0161titna obu\u0107a za motocikliste (EN 13634:2017) Kat. II &#8211; norma EN 13634<br \/>\n Auxaguard<br \/>\n Oja\u010dani umeci za gle\u017enjeve<br \/>\n Oja\u010danje ru\u010dice mjenja\u010da od bru\u0161ene ko\u017ee i poliuretana <\/p>\n<\/div>\n","protected":false},"excerpt":{"rendered":"<p>Dainese Fulcrum 3 GTX vodootporne motociklisti\u010dke \u010dizme Fulcrum 3 Gore-Tex\u00ae su nove turne \u010dizme za sva&#8230;<\/p>\n","protected":false},"featured_media":138884,"comment_status":"open","ping_status":"closed","template":"","meta":{"_acf_changed":false},"brand":[2800],"gender":[1313],"product_brand":[],"product_cat":[1356,2769,2813],"product_tag":[2969,3275,2862],"class_list":{"0":"post-138883","1":"product","2":"type-product","3":"status-publish","4":"has-post-thumbnail","6":"brand-dainese-hr","7":"gender-moski","8":"product_cat-motociklisticka-oprema","9":"product_cat-obuca","10":"product_cat-obuca-za-planinarenje","11":"product_tag-cizme","12":"product_tag-obilazak","13":"product_tag-odjeca","14":"pa_barva-crna-hr","15":"pa_product-code-da17900049-001-hr","16":"pa_product-id-16694-hr","17":"pa_velikost-st-38-hr","18":"pa_velikost-st-39-hr","19":"pa_velikost-st-40-hr","20":"pa_velikost-st-41-hr","21":"pa_velikost-st-42-hr","22":"pa_velikost-st-43-hr","23":"pa_velikost-st-44-hr","24":"pa_velikost-st-45-hr","25":"pa_velikost-st-46-hr","27":"first","28":"instock","29":"taxable","30":"shipping-taxable","31":"purchasable","32":"product-type-variable"},"acf":[],"_links":{"self":[{"href":"https:\/\/moto-oprema.com\/hr\/wp-json\/wp\/v2\/product\/138883","targetHints":{"allow":["GET"]}}],"collection":[{"href":"https:\/\/moto-oprema.com\/hr\/wp-json\/wp\/v2\/product"}],"about":[{"href":"https:\/\/moto-oprema.com\/hr\/wp-json\/wp\/v2\/types\/product"}],"replies":[{"embeddable":true,"href":"https:\/\/moto-oprema.com\/hr\/wp-json\/wp\/v2\/comments?post=138883"}],"wp:featuredmedia":[{"embeddable":true,"href":"https:\/\/moto-oprema.com\/hr\/wp-json\/wp\/v2\/media\/138884"}],"wp:attachment":[{"href":"https:\/\/moto-oprema.com\/hr\/wp-json\/wp\/v2\/media?parent=138883"}],"wp:term":[{"taxonomy":"brand","embeddable":true,"href":"https:\/\/moto-oprema.com\/hr\/wp-json\/wp\/v2\/brand?post=138883"},{"taxonomy":"gender","embeddable":true,"href":"https:\/\/moto-oprema.com\/hr\/wp-json\/wp\/v2\/gender?post=138883"},{"taxonomy":"product_brand","embeddable":true,"href":"https:\/\/moto-oprema.com\/hr\/wp-json\/wp\/v2\/product_brand?post=138883"},{"taxonomy":"product_cat","embeddable":true,"href":"https:\/\/moto-oprema.com\/hr\/wp-json\/wp\/v2\/product_cat?post=138883"},{"taxonomy":"product_tag","embeddable":true,"href":"https:\/\/moto-oprema.com\/hr\/wp-json\/wp\/v2\/product_tag?post=138883"}],"curies":[{"name":"wp","href":"https:\/\/api.w.org\/{rel}","templated":true}]}}