{"id":138857,"date":"2023-12-13T11:50:26","date_gmt":"2023-12-13T11:50:26","guid":{"rendered":"https:\/\/moto-oprema.com\/Artikel\/dainese-racing-servisna-majica-garden-green\/"},"modified":"2023-12-13T11:50:26","modified_gmt":"2023-12-13T11:50:26","slug":"dainese-racing-servisna-majica-garden-green","status":"publish","type":"product","link":"https:\/\/moto-oprema.com\/hr\/Artikel\/dainese-racing-servisna-majica-garden-green\/","title":{"rendered":"Dainese Racing servisna majica Garden Green"},"content":{"rendered":"<p>Dainese Racing Service majica kratkih rukava je obi\u010dna majica s okruglim izrezom izra\u0111ena od 100% \u010distog pamuka.<\/p>\n<p>Ovaj udoban i prakti\u010dan odjevni predmet ima print na le\u0111ima i logotip Speed Demon na prednjoj strani. Savr\u0161en je za svakodnevnu upotrebu i slobodno vrijeme.<\/p>\n","protected":false},"excerpt":{"rendered":"<p>Dainese Racing Service majica kratkih rukava je obi\u010dna majica s okruglim izrezom izra\u0111ena od 100% \u010distog&#8230;<\/p>\n","protected":false},"featured_media":138866,"comment_status":"open","ping_status":"open","template":"","meta":{"_acf_changed":false},"brand":[2800],"gender":[],"product_brand":[],"product_cat":[2829,2830],"product_tag":[2907,3185,2862],"class_list":{"0":"post-138857","1":"product","2":"type-product","3":"status-publish","4":"has-post-thumbnail","6":"brand-dainese-hr","7":"product_cat-lezerna-odjeca","8":"product_cat-majice-kratkih-rukava","9":"product_tag-lezerno","10":"product_tag-majice-kratkih-rukava","11":"product_tag-odjeca","12":"pa_barva-zelena","13":"pa_product-code-da18900015-33l-hr","14":"pa_product-id-44183-hr","15":"pa_velikost-st-l-hr","16":"pa_velikost-st-m-hr","17":"pa_velikost-st-xl-hr","19":"first","20":"outofstock","21":"taxable","22":"shipping-taxable","23":"purchasable","24":"product-type-variable"},"acf":[],"_links":{"self":[{"href":"https:\/\/moto-oprema.com\/hr\/wp-json\/wp\/v2\/product\/138857","targetHints":{"allow":["GET"]}}],"collection":[{"href":"https:\/\/moto-oprema.com\/hr\/wp-json\/wp\/v2\/product"}],"about":[{"href":"https:\/\/moto-oprema.com\/hr\/wp-json\/wp\/v2\/types\/product"}],"replies":[{"embeddable":true,"href":"https:\/\/moto-oprema.com\/hr\/wp-json\/wp\/v2\/comments?post=138857"}],"wp:featuredmedia":[{"embeddable":true,"href":"https:\/\/moto-oprema.com\/hr\/wp-json\/wp\/v2\/media\/138866"}],"wp:attachment":[{"href":"https:\/\/moto-oprema.com\/hr\/wp-json\/wp\/v2\/media?parent=138857"}],"wp:term":[{"taxonomy":"brand","embeddable":true,"href":"https:\/\/moto-oprema.com\/hr\/wp-json\/wp\/v2\/brand?post=138857"},{"taxonomy":"gender","embeddable":true,"href":"https:\/\/moto-oprema.com\/hr\/wp-json\/wp\/v2\/gender?post=138857"},{"taxonomy":"product_brand","embeddable":true,"href":"https:\/\/moto-oprema.com\/hr\/wp-json\/wp\/v2\/product_brand?post=138857"},{"taxonomy":"product_cat","embeddable":true,"href":"https:\/\/moto-oprema.com\/hr\/wp-json\/wp\/v2\/product_cat?post=138857"},{"taxonomy":"product_tag","embeddable":true,"href":"https:\/\/moto-oprema.com\/hr\/wp-json\/wp\/v2\/product_tag?post=138857"}],"curies":[{"name":"wp","href":"https:\/\/api.w.org\/{rel}","templated":true}]}}