{"id":138837,"date":"2023-12-13T11:50:07","date_gmt":"2023-12-13T11:50:07","guid":{"rendered":"https:\/\/moto-oprema.com\/Artikel\/dainese-suburb-d-wp-zenske-cipele-crne-zeljezne\/"},"modified":"2023-12-13T11:50:07","modified_gmt":"2023-12-13T11:50:07","slug":"dainese-suburb-d-wp-zenske-cipele-crne-zeljezne","status":"publish","type":"product","link":"https:\/\/moto-oprema.com\/hr\/Artikel\/dainese-suburb-d-wp-zenske-cipele-crne-zeljezne\/","title":{"rendered":"Dainese Suburb D-wp \u017eenske cipele crne \u017eeljezne"},"content":{"rendered":"<p>\u010cizme Suburb D-WP WMN su udobne i lagane vodootporne motociklisti\u010dke \u010dizme, idealne za putovanja motociklom u raznim vremenskim uvjetima.<br \/>\n Dizajnirane su kako bi odgovarale ergonomiji \u017eenskog stopala, a najve\u0107u udobnost tijekom tr\u010danja i hodanja pru\u017ea asimetri\u010dni Groundtrax\u00ae potplat &#8211; tehnologija razvijena za optimalnu stabilnost, prianjanje i trakciju. Suburb D-WP cipele WMN pru\u017eaju izvrsnu ventilaciju stopala zahvaljuju\u0107i mre\u017eastoj konstrukciji, a njihov svestrani dizajn u stilu tenisica idealan je za razne svakodnevne prigode.<\/p>\n<p>PREGLED<br \/>\n \u017denske vodootporne gradske cipele inspirirane svijetom tenisica i dizajnirane da odgovaraju \u017eenskom stopalu. Imaju Groundtrax\u00ae potplat i mre\u017easti gornji dio koji je idealan za no\u0161enje na motociklu i izvan njega.<br \/>\n ZNA\u010cAJKE<br \/>\n Obu\u0107a<br \/>\n Elasti\u010dna traka za spremanje vezica<br \/>\n PU za\u0161tita ru\u010dice mjenja\u010da<br \/>\n Groundtrax\u00ae gumeni potplat dizajniran za<br \/>\n Ortholite ulo\u017eak s dugotrajnim jastu\u010di\u0107ima i visokom prozra\u010dno\u0161\u0107u<br \/>\n ERGONOMIJA<br \/>\n Zatvaranje vezicama<br \/>\n GLAVNI MATERIJALI<br \/>\n Gornji dio od bru\u0161ene ko\u017ee i tkanine otporne na habanje<br \/>\n \u0160OK U PERFORMANSAMA<br \/>\n Kruti umetci u podru\u010dju maleolusa s mekim<br \/>\n D-pjena s unutarnje strane<br \/>\n Cipele s CE certifikatom<br \/>\n &#8211; Ma\u010dka. Drugi<br \/>\n &#8211; Norma EN 13634<br \/>\n TEMPERATURA<br \/>\n Mre\u017easta podstava<br \/>\n Vodootporna D-WP\u00ae unutra\u0161njost.<\/p>\n","protected":false},"excerpt":{"rendered":"<p>\u010cizme Suburb D-WP WMN su udobne i lagane vodootporne motociklisti\u010dke \u010dizme, idealne za putovanja motociklom u&#8230;<\/p>\n","protected":false},"featured_media":25243,"comment_status":"open","ping_status":"open","template":"","meta":{"_acf_changed":false},"brand":[2800],"gender":[],"product_brand":[],"product_cat":[2770,1356,2769],"product_tag":[3230,2969,2862],"class_list":{"0":"post-138837","1":"product","2":"type-product","3":"status-publish","4":"has-post-thumbnail","6":"brand-dainese-hr","7":"product_cat-gradska-obuca","8":"product_cat-motociklisticka-oprema","9":"product_cat-obuca","10":"product_tag-cipele","11":"product_tag-cizme","12":"product_tag-odjeca","13":"pa_barva-crna-hr","14":"pa_product-code-da17700012-51j-hr","15":"pa_product-id-44468-hr","16":"pa_velikost-st-36-hr","17":"pa_velikost-st-37-hr","18":"pa_velikost-st-38-hr","20":"first","21":"instock","22":"taxable","23":"shipping-taxable","24":"purchasable","25":"product-type-variable"},"acf":[],"_links":{"self":[{"href":"https:\/\/moto-oprema.com\/hr\/wp-json\/wp\/v2\/product\/138837","targetHints":{"allow":["GET"]}}],"collection":[{"href":"https:\/\/moto-oprema.com\/hr\/wp-json\/wp\/v2\/product"}],"about":[{"href":"https:\/\/moto-oprema.com\/hr\/wp-json\/wp\/v2\/types\/product"}],"replies":[{"embeddable":true,"href":"https:\/\/moto-oprema.com\/hr\/wp-json\/wp\/v2\/comments?post=138837"}],"wp:featuredmedia":[{"embeddable":true,"href":"https:\/\/moto-oprema.com\/hr\/wp-json\/wp\/v2\/media\/25243"}],"wp:attachment":[{"href":"https:\/\/moto-oprema.com\/hr\/wp-json\/wp\/v2\/media?parent=138837"}],"wp:term":[{"taxonomy":"brand","embeddable":true,"href":"https:\/\/moto-oprema.com\/hr\/wp-json\/wp\/v2\/brand?post=138837"},{"taxonomy":"gender","embeddable":true,"href":"https:\/\/moto-oprema.com\/hr\/wp-json\/wp\/v2\/gender?post=138837"},{"taxonomy":"product_brand","embeddable":true,"href":"https:\/\/moto-oprema.com\/hr\/wp-json\/wp\/v2\/product_brand?post=138837"},{"taxonomy":"product_cat","embeddable":true,"href":"https:\/\/moto-oprema.com\/hr\/wp-json\/wp\/v2\/product_cat?post=138837"},{"taxonomy":"product_tag","embeddable":true,"href":"https:\/\/moto-oprema.com\/hr\/wp-json\/wp\/v2\/product_tag?post=138837"}],"curies":[{"name":"wp","href":"https:\/\/api.w.org\/{rel}","templated":true}]}}