{"id":138816,"date":"2023-12-13T11:50:07","date_gmt":"2023-12-13T11:50:07","guid":{"rendered":"https:\/\/moto-oprema.com\/Artikel\/dainese-corso-absoluteshell-pro-jakna-zelena\/"},"modified":"2023-12-13T11:50:07","modified_gmt":"2023-12-13T11:50:07","slug":"dainese-corso-absoluteshell-pro-jakna-zelena","status":"publish","type":"product","link":"https:\/\/moto-oprema.com\/hr\/Artikel\/dainese-corso-absoluteshell-pro-jakna-zelena\/","title":{"rendered":"Dainese Corso Absoluteshell Pro jakna zelena"},"content":{"rendered":"<p>Kratka jakna s vodootpornom Abs\u00f8luteshell\u2122 Pro membranom, lagana je, funkcionalna i za\u0161titna. Idealna za gradska putovanja u svim uvjetima. <\/p>\n<p>Jakna Corso Abs\u00f8luteshell\u2122 Pro je kratka jakna idealna za gradska putovanja u svim godi\u0161njim dobima, dizajnirana da daje prioritet lako\u0107i i funkcionalnosti, zajam\u010denoj sinergijom izme\u0111u mekane i potpuno rastezljive tkanine u \u010detiri smjera i laminirane vodootporne Absoluteshell\u2122 Pro membrane. Za maksimalnu toplinsku udobnost, vodootporna membrana, koja \u0161titi od najte\u017eih klimatskih uvjeta, opremljena je uklonjivom termalnom podstavom od vate koja se po potrebi mo\u017ee koristiti kao zaseban odjevni predmet. Funkcionalna i moderna, Corso je opremljena vodootpornom kapulja\u010dom sa sklopivom metalnom unutarnjom jezgrom (Uno Touch\u2122 Hood Peak tehnologija), sustavom koji vam omogu\u0107uje stvaranje \u0161ilta koji \u0161titi va\u0161e lice od vremenskih uvjeta i zatezanje kapulja\u010de oko lica samo jednom rukom. Donji vodootporni d\u017eepovi opremljeni su termalnom podstavom koja ugodno grije va\u0161e ruke kada ih skinete. Corso ima certifikat EN 17092 klase A i opremljen je uklonjivim Pro-Armor L1 certificiranim \u0161titnicima na ramenima i laktovima, mekanim i s velikim ventilacijskim i d\u017eepnim podru\u010djima za umetanje G1 i G2 \u0161titnika za le\u0111a.    <\/p>\n<p>ZNA\u010cAJKE<\/p>\n<p>1 unutarnji d\u017eep<br \/>\n 1 unutarnji d\u017eep na termo podstavi<br \/>\n 1 vanjski d\u017eep<br \/>\n 2 vodootporna vanjska d\u017eepa<br \/>\n 2 d\u017eepa na uklonjivoj podstavi<br \/>\n Odje\u0107a za motocikle certificirana prema normi EN 17092 A<br \/>\n Fiksna kapulja\u010da s reflektiraju\u0107om trakom koja je skriva kada se ne koristi<br \/>\n D\u017eep za stra\u017enji za\u0161titnik G1, G2<br \/>\n D\u017eep na rukavu<br \/>\n Reflektiraju\u0107i umetci<br \/>\n Kapulja\u010da s Uno Touch\u2122 sustavom<\/p>\n<p>ERGONOMIJA<\/p>\n<p>Pode\u0161avanje struka vezicom<br \/>\n Pode\u0161avanje ru\u010dnog zgloba<\/p>\n<p>OP\u0106E TEHNI\u010cKE KARAKTERISTIKE<\/p>\n<p>Tkanina rastezljiva u 4 smjera<\/p>\n<p>GLAVNI MATERIJALI<\/p>\n<p>ABS\u00d8LUTESHELL\u2122 PRO laminirana membrana<\/p>\n<p>UTJECAJNI KAPACITET<\/p>\n<p>Uklonjivi Pro-Armor \u0161titnici, certificirani prema EN 1621.1, na laktovima<br \/>\n Uklonjivi Pro-Armor \u0161titnici, certificirani prema EN 1621.1, na ramenima<\/p>\n<p>TEMPERATURA<\/p>\n<p>Uklonjiva termalna podloga<br \/>\n &#8211; mogu se koristiti odvojeno.<\/p>\n<p>&nbsp;<\/p>\n","protected":false},"excerpt":{"rendered":"<p>Kratka jakna s vodootpornom Abs\u00f8luteshell\u2122 Pro membranom, lagana je, funkcionalna i za\u0161titna. Idealna za gradska putovanja&#8230;<\/p>\n","protected":false},"featured_media":24903,"comment_status":"open","ping_status":"open","template":"","meta":{"_acf_changed":false},"brand":[2800],"gender":[],"product_brand":[],"product_cat":[2759,1356,2761],"product_tag":[3200,2862,3061],"class_list":{"0":"post-138816","1":"product","2":"type-product","3":"status-publish","4":"has-post-thumbnail","6":"brand-dainese-hr","7":"product_cat-jakne-hr","8":"product_cat-motociklisticka-oprema","9":"product_cat-tekstilne-jakne-hr","10":"product_tag-jakne","11":"product_tag-odjeca","12":"product_tag-tekstil","13":"pa_barva-zelena","14":"pa_product-code-da16500003-006-hr","15":"pa_product-id-44414-hr","16":"pa_velikost-st-44-hr","17":"pa_velikost-st-46-hr","18":"pa_velikost-st-50-hr","19":"pa_velikost-st-52-hr","20":"pa_velikost-st-54-hr","21":"pa_velikost-st-56-hr","22":"pa_velikost-st-58-hr","23":"pa_velikost-st-60-hr","24":"pa_velikost-st-62-hr","26":"first","27":"instock","28":"taxable","29":"shipping-taxable","30":"purchasable","31":"product-type-variable"},"acf":[],"_links":{"self":[{"href":"https:\/\/moto-oprema.com\/hr\/wp-json\/wp\/v2\/product\/138816","targetHints":{"allow":["GET"]}}],"collection":[{"href":"https:\/\/moto-oprema.com\/hr\/wp-json\/wp\/v2\/product"}],"about":[{"href":"https:\/\/moto-oprema.com\/hr\/wp-json\/wp\/v2\/types\/product"}],"replies":[{"embeddable":true,"href":"https:\/\/moto-oprema.com\/hr\/wp-json\/wp\/v2\/comments?post=138816"}],"wp:featuredmedia":[{"embeddable":true,"href":"https:\/\/moto-oprema.com\/hr\/wp-json\/wp\/v2\/media\/24903"}],"wp:attachment":[{"href":"https:\/\/moto-oprema.com\/hr\/wp-json\/wp\/v2\/media?parent=138816"}],"wp:term":[{"taxonomy":"brand","embeddable":true,"href":"https:\/\/moto-oprema.com\/hr\/wp-json\/wp\/v2\/brand?post=138816"},{"taxonomy":"gender","embeddable":true,"href":"https:\/\/moto-oprema.com\/hr\/wp-json\/wp\/v2\/gender?post=138816"},{"taxonomy":"product_brand","embeddable":true,"href":"https:\/\/moto-oprema.com\/hr\/wp-json\/wp\/v2\/product_brand?post=138816"},{"taxonomy":"product_cat","embeddable":true,"href":"https:\/\/moto-oprema.com\/hr\/wp-json\/wp\/v2\/product_cat?post=138816"},{"taxonomy":"product_tag","embeddable":true,"href":"https:\/\/moto-oprema.com\/hr\/wp-json\/wp\/v2\/product_tag?post=138816"}],"curies":[{"name":"wp","href":"https:\/\/api.w.org\/{rel}","templated":true}]}}