{"id":138786,"date":"2023-12-13T11:49:53","date_gmt":"2023-12-13T11:49:53","guid":{"rendered":"https:\/\/moto-oprema.com\/Artikel\/dainese-air-frame-3-jakna-crno-bijela\/"},"modified":"2023-12-13T11:49:53","modified_gmt":"2023-12-13T11:49:53","slug":"dainese-air-frame-3-jakna-crno-bijela","status":"publish","type":"product","link":"https:\/\/moto-oprema.com\/hr\/Artikel\/dainese-air-frame-3-jakna-crno-bijela\/","title":{"rendered":"Dainese Air Frame 3 jakna crno-bijela"},"content":{"rendered":"<p>Jakna Air Frame 3 Tex savr\u0161en je spoj tehni\u010dkih rje\u0161enja i svestranosti. Jakna Air Frame 3 Tex je Daineseova motociklisti\u010dka jakna dizajnirana za ljetnu sezonu. Savr\u0161eno se sla\u017ee s hla\u010dama Drake 2 Super Air, jer je mre\u017easta konstrukcija i uklonjiva podstava otporna na vjetar \u010dine prikladnom za putovanja motociklom u vru\u0107im ili umjerenim klimama, osiguravaju\u0107i maksimalnu toplinsku udobnost. Prakti\u010dna i udobna konstrukcija ovog odjevnog predmeta dodatno je pobolj\u0161ana posebnim patentnim zatvara\u010dem za spajanje jakne s hla\u010dama, dok pode\u0161avanje&#8230;<br \/>\n Jakna Air Frame 3 Tex, certificirana prema EN 17092 klasi A i uklju\u010duje kompozitne \u0161titnike na ramenima i laktovima, tako\u0111er ima d\u017eepove dizajnirane za smje\u0161taj Pro-Armor \u0161titnika za prsa i G \u0161titnika za le\u0111a. Funkcionalni detalji poput vodootpornog unutarnjeg d\u017eepa i reflektiraju\u0107ih umetaka upotpunjuju ovu motociklisti\u010dku jaknu koja je opremljena sustavom za pode\u0161avanje na rukavima, bokovima i vratu, osiguravaju\u0107i optimalnu udobnost vo\u017enje i slobodu kretanja.<br \/>\n koji je jedan od najcjenjenijih u povijesti Dainesea.   <\/p>\n<p>PREGLED<br \/>\n Ljetna mre\u017easta motociklisti\u010dka jakna s uklonjivom podstavom protiv vjetra za maksimalnu toplinsku udobnost i svestranost.<br \/>\n \u0160titnici i d\u017eepovi dizajnirani za Pro-Armor G \u0161titnike za prsa i le\u0111a \u010dine ovaj odjevni predmet ergonomskim, funkcionalnim i za\u0161titnim. Tako\u0111er se mo\u017ee pohvaliti vodootpornim unutarnjim d\u017eepom, certifikatom EN 17092 klase A i prakti\u010dnim patentnim zatvara\u010dem koji odgovara hla\u010dama Drake 2 Super Air.<br \/>\nZNA\u010cAJKE<br \/>\n1 unutarnji vodootporni d\u017eep<br \/>\n2 vanjska d\u017eepa<br \/>\nmotociklisti\u010dka odje\u0107a s certifikatom EN 17092 A<br \/>\nD\u017eep za stra\u017enji za\u0161titnik G1 i G2<br \/>\nPro-Armor d\u017eepovi na prsima, 2 komada<br \/>\nReflektiraju\u0107i umetci<br \/>\nERGONOMIJA<br \/>\nPode\u0161avanje rukava protiv plivanja<br \/>\nElasti\u010dni i mekani umeci na zape\u0161\u0107ima<br \/>\nSustav za pri\u010dvr\u0161\u0107ivanje jakne i hla\u010da<br \/>\nPode\u0161avanje vrata, struka i zape\u0161\u0107a<br \/>\nGLAVNI MATERIJALI<br \/>\nUmetci od mre\u017easte tkanine<br \/>\nTkanina koja se brzo su\u0161i<br \/>\n\u0160OK U PERFORMANSAMA<br \/>\n Uklonjivi kompozitni \u0161titnici certificirani prema EN 1621.1<br \/>\n TEMPERATURA<br \/>\n Prozra\u010dna mre\u017easta podstava<br \/>\n Uklonjiva podstava otporna na vjetar.<\/p>\n<p>&nbsp;<\/p>\n","protected":false},"excerpt":{"rendered":"<p>Jakna Air Frame 3 Tex savr\u0161en je spoj tehni\u010dkih rje\u0161enja i svestranosti. Jakna Air Frame 3&#8230;<\/p>\n","protected":false},"featured_media":25196,"comment_status":"open","ping_status":"open","template":"","meta":{"_acf_changed":false},"brand":[2800],"gender":[],"product_brand":[],"product_cat":[2759,1356,2761],"product_tag":[3200,2862,3221],"class_list":{"0":"post-138786","1":"product","2":"type-product","3":"status-publish","4":"has-post-thumbnail","6":"brand-dainese-hr","7":"product_cat-jakne-hr","8":"product_cat-motociklisticka-oprema","9":"product_cat-tekstilne-jakne-hr","10":"product_tag-jakne","11":"product_tag-odjeca","12":"product_tag-ventilirano","13":"pa_barva-bijela","14":"pa_product-code-da17300003-948-hr","15":"pa_product-id-44447-hr","16":"pa_velikost-st-50-hr","17":"pa_velikost-st-52-hr","18":"pa_velikost-st-54-hr","19":"pa_velikost-st-56-hr","21":"first","22":"instock","23":"taxable","24":"shipping-taxable","25":"purchasable","26":"product-type-variable"},"acf":[],"_links":{"self":[{"href":"https:\/\/moto-oprema.com\/hr\/wp-json\/wp\/v2\/product\/138786","targetHints":{"allow":["GET"]}}],"collection":[{"href":"https:\/\/moto-oprema.com\/hr\/wp-json\/wp\/v2\/product"}],"about":[{"href":"https:\/\/moto-oprema.com\/hr\/wp-json\/wp\/v2\/types\/product"}],"replies":[{"embeddable":true,"href":"https:\/\/moto-oprema.com\/hr\/wp-json\/wp\/v2\/comments?post=138786"}],"wp:featuredmedia":[{"embeddable":true,"href":"https:\/\/moto-oprema.com\/hr\/wp-json\/wp\/v2\/media\/25196"}],"wp:attachment":[{"href":"https:\/\/moto-oprema.com\/hr\/wp-json\/wp\/v2\/media?parent=138786"}],"wp:term":[{"taxonomy":"brand","embeddable":true,"href":"https:\/\/moto-oprema.com\/hr\/wp-json\/wp\/v2\/brand?post=138786"},{"taxonomy":"gender","embeddable":true,"href":"https:\/\/moto-oprema.com\/hr\/wp-json\/wp\/v2\/gender?post=138786"},{"taxonomy":"product_brand","embeddable":true,"href":"https:\/\/moto-oprema.com\/hr\/wp-json\/wp\/v2\/product_brand?post=138786"},{"taxonomy":"product_cat","embeddable":true,"href":"https:\/\/moto-oprema.com\/hr\/wp-json\/wp\/v2\/product_cat?post=138786"},{"taxonomy":"product_tag","embeddable":true,"href":"https:\/\/moto-oprema.com\/hr\/wp-json\/wp\/v2\/product_tag?post=138786"}],"curies":[{"name":"wp","href":"https:\/\/api.w.org\/{rel}","templated":true}]}}