{"id":138783,"date":"2023-12-13T11:50:00","date_gmt":"2023-12-13T11:50:00","guid":{"rendered":"https:\/\/moto-oprema.com\/Artikel\/dainese-air-frame-3-zenska-jakna-bijela\/"},"modified":"2023-12-13T11:50:00","modified_gmt":"2023-12-13T11:50:00","slug":"dainese-air-frame-3-zenska-jakna-bijela","status":"publish","type":"product","link":"https:\/\/moto-oprema.com\/hr\/Artikel\/dainese-air-frame-3-zenska-jakna-bijela\/","title":{"rendered":"Dainese Air Frame 3 \u017eenska jakna bijela"},"content":{"rendered":"<p>Jakna Air Frame 3 Tex WMN savr\u0161en je spoj tehni\u010dkih rje\u0161enja i svestranosti, budu\u0107i da je to Daineseova motociklisti\u010dka jakna dizajnirana za ljetnu sezonu i dizajnirana kako bi odgovarala individualnim oblicima tijela najzahtjevnijih motociklista. Savr\u0161eno se sla\u017ee s Drake 2 Super Air WMN hla\u010dama. Zahvaljuju\u0107i mre\u017eastoj konstrukciji i uklonjivoj podstavi otpornoj na vjetar, ovaj odjevni predmet prikladan je i za putovanja motociklom u vru\u0107im i umjerenijim klimama, osiguravaju\u0107i maksimalnu toplinsku udobnost za motocikliste.<br \/>\nPrakti\u010dna i udobna konstrukcija ovog odjevnog predmeta dodatno je pobolj\u0161ana posebnim patentnim zatvara\u010dem za spajanje jakne s hla\u010dama, dok sustavi za pode\u0161avanje na rukavima, bokovima i vratu osiguravaju optimalnu udobnost tijekom vo\u017enje i slobodu kretanja.<br \/>\nJakna Air Frame 3 Tex WMN ima certifikat EN 17092 klase A i integrirane kompozitne \u0161titnike na ramenima i laktovima, kao i d\u017eep dizajniran za smje\u0161taj G \u0161titnika za le\u0111a.<br \/>\nFunkcionalni detalji poput vodootpornog unutarnjeg d\u017eepa i reflektiraju\u0107ih umetaka upotpunjuju ovu motociklisti\u010dku jaknu, jednu od najcjenjenijih u povijesti Dainesea.<\/p>\n<p>PREGLED<br \/>\n \u017denska ljetna mre\u017easta motociklisti\u010dka jakna s uklonjivom vjetrootpornom podstavom za maksimalnu toplinsku udobnost i svestranost.<br \/>\n S kompozitnim \u0161titnicima i d\u017eepom za G \u0161titnik za le\u0111a, ovo je ergonomski, funkcionalan i za\u0161titni odjevni predmet. Tako\u0111er ima vodootporni unutarnji d\u017eep, certifikat EN 17092 klase A i prakti\u010dni patentni zatvara\u010d koji odgovara Drake 2 Super Air \u017eenskim hla\u010dama.<br \/>\nZNA\u010cAJKE<br \/>\n1 unutarnji vodootporni d\u017eep<br \/>\n2 vanjska d\u017eepa<br \/>\nMotociklisti\u010dka odje\u0107a s certifikatom EN 17092 A<br \/>\nreflektiraju\u0107i umetci<br \/>\nERGONOMIJA<br \/>\nPodesivi remen za vrat<br \/>\nPode\u0161avanje rukava protiv plivanja<br \/>\nElasti\u010dni i mekani umeci na zape\u0161\u0107ima<br \/>\nPode\u0161avanje bokova patentnim zatvara\u010dima<br \/>\nSustav za pri\u010dvr\u0161\u0107ivanje jakne i hla\u010da<br \/>\nPode\u0161avanje vrata<br \/>\nGLAVNI MATERIJALI<br \/>\nUmetci od mre\u017easte tkanine<br \/>\nTkanina koja se brzo su\u0161i<br \/>\n\u0160OK U PERFORMANSAMA<br \/>\nD\u017eep za stra\u017enji za\u0161titnik G1 i G2<br \/>\nUklonjivi kompozitni \u0161titnici s certifikatom<br \/>\n norma EN 1621.1<br \/>\n TEMPERATURA<br \/>\n Prozra\u010dna mre\u017easta podstava<br \/>\n Uklonjiva podstava otporna na vjetar.<\/p>\n<p>&nbsp;<\/p>\n","protected":false},"excerpt":{"rendered":"<p>Jakna Air Frame 3 Tex WMN savr\u0161en je spoj tehni\u010dkih rje\u0161enja i svestranosti, budu\u0107i da je&#8230;<\/p>\n","protected":false},"featured_media":138753,"comment_status":"open","ping_status":"open","template":"","meta":{"_acf_changed":false},"brand":[2800],"gender":[1314],"product_brand":[],"product_cat":[2759,1356,2761],"product_tag":[3200,2862,3221],"class_list":{"0":"post-138783","1":"product","2":"type-product","3":"status-publish","4":"has-post-thumbnail","6":"brand-dainese-hr","7":"gender-zenska","8":"product_cat-jakne-hr","9":"product_cat-motociklisticka-oprema","10":"product_cat-tekstilne-jakne-hr","11":"product_tag-jakne","12":"product_tag-odjeca","13":"product_tag-ventilirano","14":"pa_barva-bijela","15":"pa_product-code-da17300004-318-hr","16":"pa_product-id-44457-hr","17":"pa_velikost-st-50-hr","18":"pa_velikost-st-52-hr","19":"pa_velikost-st-54-hr","21":"first","22":"instock","23":"taxable","24":"shipping-taxable","25":"purchasable","26":"product-type-variable"},"acf":[],"_links":{"self":[{"href":"https:\/\/moto-oprema.com\/hr\/wp-json\/wp\/v2\/product\/138783","targetHints":{"allow":["GET"]}}],"collection":[{"href":"https:\/\/moto-oprema.com\/hr\/wp-json\/wp\/v2\/product"}],"about":[{"href":"https:\/\/moto-oprema.com\/hr\/wp-json\/wp\/v2\/types\/product"}],"replies":[{"embeddable":true,"href":"https:\/\/moto-oprema.com\/hr\/wp-json\/wp\/v2\/comments?post=138783"}],"wp:featuredmedia":[{"embeddable":true,"href":"https:\/\/moto-oprema.com\/hr\/wp-json\/wp\/v2\/media\/138753"}],"wp:attachment":[{"href":"https:\/\/moto-oprema.com\/hr\/wp-json\/wp\/v2\/media?parent=138783"}],"wp:term":[{"taxonomy":"brand","embeddable":true,"href":"https:\/\/moto-oprema.com\/hr\/wp-json\/wp\/v2\/brand?post=138783"},{"taxonomy":"gender","embeddable":true,"href":"https:\/\/moto-oprema.com\/hr\/wp-json\/wp\/v2\/gender?post=138783"},{"taxonomy":"product_brand","embeddable":true,"href":"https:\/\/moto-oprema.com\/hr\/wp-json\/wp\/v2\/product_brand?post=138783"},{"taxonomy":"product_cat","embeddable":true,"href":"https:\/\/moto-oprema.com\/hr\/wp-json\/wp\/v2\/product_cat?post=138783"},{"taxonomy":"product_tag","embeddable":true,"href":"https:\/\/moto-oprema.com\/hr\/wp-json\/wp\/v2\/product_tag?post=138783"}],"curies":[{"name":"wp","href":"https:\/\/api.w.org\/{rel}","templated":true}]}}