{"id":138741,"date":"2023-12-13T11:49:39","date_gmt":"2023-12-13T11:49:39","guid":{"rendered":"https:\/\/moto-oprema.com\/Artikel\/dainese-fulcro-kozna-jakna-crna\/"},"modified":"2023-12-13T11:49:39","modified_gmt":"2023-12-13T11:49:39","slug":"dainese-fulcro-kozna-jakna-crna","status":"publish","type":"product","link":"https:\/\/moto-oprema.com\/hr\/Artikel\/dainese-fulcro-kozna-jakna-crna\/","title":{"rendered":"Dainese Fulcro ko\u017ena jakna crna"},"content":{"rendered":"<p>Fulcro ko\u017ena jakna je motociklisti\u010dka jakna izra\u0111ena od mekane Federica kravlje ko\u017ee, koju karakterizira minimalisti\u010dki izgled u kombinaciji s najnaprednijom Dainese tehnologijom. Zahvaljuju\u0107i integriranoj Quickdry Frame\u2122 tehnologiji, koja omogu\u0107uje br\u017ee isparavanje vlage u jakni, Fulcro ko\u017ena jakna idealna je za putovanja motociklom po toplom vremenu, osiguravaju\u0107i optimalnu toplinsku udobnost bez \u017ertvovanja sigurnosti koju pru\u017ea ko\u017ena odje\u0107a. Mekani Pro-Armor \u0161titnici na ramenima i laktovima &#8211; koji se mogu nadopuniti \u0161titnicima za prsa i le\u0111a, koji se mogu kupiti zasebno &#8211; pove\u0107avaju udobnost vo\u017enje i ergonomiju. Detalji poput vodootpornog unutarnjeg d\u017eepa za za\u0161titu bitnih predmeta od ki\u0161e i sustava povezivanja izme\u0111u jakne i hla\u010da upotpunjuju niz funkcija Fulcro ko\u017ene jakne.   <\/p>\n<p>PREGLED<br \/>\n &#8211; Motociklisti\u010dka jakna od mekane kravlje ko\u017ee<br \/>\n Quickdry Frame\u2122 i Pro-Armor tehnologija \u010dine ovu jaknu svestranom, udobnom i za\u0161titnom. Tako\u0111er ima vodootporni unutarnji d\u017eep i mogu\u0107nost spajanja jakne s hla\u010dama. <\/p>\n<p>ZNA\u010cAJKE<br \/>\n 1 unutarnji vodootporni d\u017eep<br \/>\n 3 d\u017eepa na prednjoj strani<br \/>\n Motociklisti\u010dka odje\u0107a s certifikatom EN 17092 A<br \/>\n ERGONOMIJA<br \/>\n Vezna petlja izme\u0111u jakne i hla\u010da<br \/>\n Pode\u0161avanje ru\u010dnog zgloba<\/p>\n<p>GLAVNI MATERIJALI<br \/>\n Federica kravlja ko\u017ea<br \/>\n \u0160OK U PERFORMANSAMA<br \/>\n D\u017eep za dvostruku za\u0161titu prsa (Pro<br \/>\n &#8211; Oklop)<br \/>\n D\u017eep za \u0161titnik za le\u0111a G1 i G2<br \/>\n Uklonjivi Pro-Armor \u0161titnici, certificirani prema EN 1621.1, na laktovima<br \/>\n Uklonjivi Pro-Armor \u0161titnici, certificirani prema EN 1621.1, na ramenima<\/p>\n<p>Sastav sirovine: 100% ko\u017ea<\/p>\n","protected":false},"excerpt":{"rendered":"<p>Fulcro ko\u017ena jakna je motociklisti\u010dka jakna izra\u0111ena od mekane Federica kravlje ko\u017ee, koju karakterizira minimalisti\u010dki izgled&#8230;<\/p>\n","protected":false},"featured_media":25168,"comment_status":"open","ping_status":"open","template":"","meta":{"_acf_changed":false},"brand":[2800],"gender":[],"product_brand":[],"product_cat":[2759,1356,2761],"product_tag":[3200,3205,2862],"class_list":{"0":"post-138741","1":"product","2":"type-product","3":"status-publish","4":"has-post-thumbnail","6":"brand-dainese-hr","7":"product_cat-jakne-hr","8":"product_cat-motociklisticka-oprema","9":"product_cat-tekstilne-jakne-hr","10":"product_tag-jakne","11":"product_tag-koza","12":"product_tag-odjeca","13":"pa_barva-crna-hr","14":"pa_product-code-da15300008-001-hr","15":"pa_product-id-44435-hr","16":"pa_velikost-st-48-hr","17":"pa_velikost-st-50-hr","18":"pa_velikost-st-52-hr","19":"pa_velikost-st-54-hr","20":"pa_velikost-st-56-hr","21":"pa_velikost-st-60-hr","23":"first","24":"instock","25":"taxable","26":"shipping-taxable","27":"purchasable","28":"product-type-variable"},"acf":[],"_links":{"self":[{"href":"https:\/\/moto-oprema.com\/hr\/wp-json\/wp\/v2\/product\/138741","targetHints":{"allow":["GET"]}}],"collection":[{"href":"https:\/\/moto-oprema.com\/hr\/wp-json\/wp\/v2\/product"}],"about":[{"href":"https:\/\/moto-oprema.com\/hr\/wp-json\/wp\/v2\/types\/product"}],"replies":[{"embeddable":true,"href":"https:\/\/moto-oprema.com\/hr\/wp-json\/wp\/v2\/comments?post=138741"}],"wp:featuredmedia":[{"embeddable":true,"href":"https:\/\/moto-oprema.com\/hr\/wp-json\/wp\/v2\/media\/25168"}],"wp:attachment":[{"href":"https:\/\/moto-oprema.com\/hr\/wp-json\/wp\/v2\/media?parent=138741"}],"wp:term":[{"taxonomy":"brand","embeddable":true,"href":"https:\/\/moto-oprema.com\/hr\/wp-json\/wp\/v2\/brand?post=138741"},{"taxonomy":"gender","embeddable":true,"href":"https:\/\/moto-oprema.com\/hr\/wp-json\/wp\/v2\/gender?post=138741"},{"taxonomy":"product_brand","embeddable":true,"href":"https:\/\/moto-oprema.com\/hr\/wp-json\/wp\/v2\/product_brand?post=138741"},{"taxonomy":"product_cat","embeddable":true,"href":"https:\/\/moto-oprema.com\/hr\/wp-json\/wp\/v2\/product_cat?post=138741"},{"taxonomy":"product_tag","embeddable":true,"href":"https:\/\/moto-oprema.com\/hr\/wp-json\/wp\/v2\/product_tag?post=138741"}],"curies":[{"name":"wp","href":"https:\/\/api.w.org\/{rel}","templated":true}]}}