{"id":138720,"date":"2023-12-13T11:49:32","date_gmt":"2023-12-13T11:49:32","guid":{"rendered":"https:\/\/moto-oprema.com\/Artikel\/dainese-istrice-perforirana-kozna-jakna-smede-boje\/"},"modified":"2023-12-13T11:49:32","modified_gmt":"2023-12-13T11:49:32","slug":"dainese-istrice-perforirana-kozna-jakna-smede-boje","status":"publish","type":"product","link":"https:\/\/moto-oprema.com\/hr\/Artikel\/dainese-istrice-perforirana-kozna-jakna-smede-boje\/","title":{"rendered":"Dainese Istrice perforirana ko\u017ena jakna sme\u0111e boje"},"content":{"rendered":"<p>Dainese Istrice perforirana ko\u017ena jakna za motocikliste<\/p>\n<p>Motociklisti\u010dka jakna od mekane kravlje ko\u017ee s inovativnim Ergo-Tek Istrice ramenim panelima i Pro-Armor \u0161titnicima. Toplinska udobnost zahvaljuju\u0107i Quickdry Frame\u2122 tehnologiji i lokalnim perforacijama za maksimalnu ventilaciju. Opremljena vodootpornim unutarnjim d\u017eepom i sustavom pri\u010dvr\u0161\u0107ivanja na hla\u010de. Inovativne Istrice Ergo-Tek naramenice izra\u0111ene su od revolucionarne fleksibilne metalne konstrukcije u kombinaciji s najlonskim zakovicama punjenim staklenim vlaknima. Ova kombinacija omogu\u0107uje panelima da bolje prianjaju uz tijelo i osigurava manje trenje u slu\u010daju pada.    <\/p>\n<p>Zna\u010dajke:<\/p>\n<p>Gornji dio je izra\u0111en od kravlje ko\u017ee Federica i S1 bielasti\u010dne tkanine.<br \/>\n Unutarnja podstava TechFrame<br \/>\n 1 vodootporni unutarnji d\u017eep i 3 prednja d\u017eepa<br \/>\n Petlja za spajanje jakne i hla\u010da<br \/>\n Pode\u0161avanje vrata<br \/>\n Lokalna perforacija<br \/>\n Quickdry Frame\u2122 tehnologija<br \/>\n Ergo-Tek jastu\u010di\u0107i za ramena<br \/>\n Tehni\u010dki podaci:<\/p>\n<p>Za\u0161titna odje\u0107a za motocikliste (EN 17092-4:2020), klasa A<br \/>\n Uklonjivi Pro-Armor EN 1621-1 \u0161titnici za ramena razine 1 (uklju\u010deni)<br \/>\n Uklonjivi Pro-Armor EN 1621-1 \u0161titnici za laktove razine 1 (uklju\u010deni)<br \/>\n spremno za \u0161titnike za le\u0111a G1 i G2 (nije uklju\u010deno)<br \/>\n spremno za Pro-Armor \u0161titnik za prsa (nije uklju\u010den)<br \/>\n DODATNE INFORMACIJE O PROIZVODU<\/p>\n<p>Materijal: 100% kravlja ko\u017ea; umeci: 87% poliamid, 13% elastan; fiksna podstava: 100% poliamid; umeci: 100% poliester \/ Sadr\u017ei netekstilne dijelove \u017eivotinjskog podrijetla!<\/p>\n","protected":false},"excerpt":{"rendered":"<p>Dainese Istrice perforirana ko\u017ena jakna za motocikliste Motociklisti\u010dka jakna od mekane kravlje ko\u017ee s inovativnim Ergo-Tek&#8230;<\/p>\n","protected":false},"featured_media":138731,"comment_status":"open","ping_status":"closed","template":"","meta":{"_acf_changed":false},"brand":[2800],"gender":[],"product_brand":[],"product_cat":[2759,1356,3402,2761],"product_tag":[3200,2862,3213],"class_list":{"0":"post-138720","1":"product","2":"type-product","3":"status-publish","4":"has-post-thumbnail","6":"brand-dainese-hr","7":"product_cat-jakne-hr","8":"product_cat-motociklisticka-oprema","9":"product_cat-outlet-hr","10":"product_cat-tekstilne-jakne-hr","11":"product_tag-jakne","12":"product_tag-odjeca","13":"product_tag-perforirana-koza","14":"pa_barva-smeda","15":"pa_product-code-da15300007-005-hr","16":"pa_product-id-10192-hr","17":"pa_velikost-st-50-hr","18":"pa_velikost-st-52-hr","19":"pa_velikost-st-58-hr","20":"pa_velikost-st-60-hr","22":"first","23":"instock","24":"sale","25":"taxable","26":"shipping-taxable","27":"purchasable","28":"product-type-variable"},"acf":[],"_links":{"self":[{"href":"https:\/\/moto-oprema.com\/hr\/wp-json\/wp\/v2\/product\/138720","targetHints":{"allow":["GET"]}}],"collection":[{"href":"https:\/\/moto-oprema.com\/hr\/wp-json\/wp\/v2\/product"}],"about":[{"href":"https:\/\/moto-oprema.com\/hr\/wp-json\/wp\/v2\/types\/product"}],"replies":[{"embeddable":true,"href":"https:\/\/moto-oprema.com\/hr\/wp-json\/wp\/v2\/comments?post=138720"}],"wp:featuredmedia":[{"embeddable":true,"href":"https:\/\/moto-oprema.com\/hr\/wp-json\/wp\/v2\/media\/138731"}],"wp:attachment":[{"href":"https:\/\/moto-oprema.com\/hr\/wp-json\/wp\/v2\/media?parent=138720"}],"wp:term":[{"taxonomy":"brand","embeddable":true,"href":"https:\/\/moto-oprema.com\/hr\/wp-json\/wp\/v2\/brand?post=138720"},{"taxonomy":"gender","embeddable":true,"href":"https:\/\/moto-oprema.com\/hr\/wp-json\/wp\/v2\/gender?post=138720"},{"taxonomy":"product_brand","embeddable":true,"href":"https:\/\/moto-oprema.com\/hr\/wp-json\/wp\/v2\/product_brand?post=138720"},{"taxonomy":"product_cat","embeddable":true,"href":"https:\/\/moto-oprema.com\/hr\/wp-json\/wp\/v2\/product_cat?post=138720"},{"taxonomy":"product_tag","embeddable":true,"href":"https:\/\/moto-oprema.com\/hr\/wp-json\/wp\/v2\/product_tag?post=138720"}],"curies":[{"name":"wp","href":"https:\/\/api.w.org\/{rel}","templated":true}]}}