{"id":138668,"date":"2023-12-13T11:49:19","date_gmt":"2023-12-13T11:49:19","guid":{"rendered":"https:\/\/moto-oprema.com\/Artikel\/dainese-tarmac-dzemper-nine-iron\/"},"modified":"2023-12-13T11:49:19","modified_gmt":"2023-12-13T11:49:19","slug":"dainese-tarmac-dzemper-nine-iron","status":"publish","type":"product","link":"https:\/\/moto-oprema.com\/hr\/Artikel\/dainese-tarmac-dzemper-nine-iron\/","title":{"rendered":"Dainese Tarmac d\u017eemper Nine Iron"},"content":{"rendered":"<div class=\"tabs-panels\">\n<p>Dainese Tarmac d\u017eemper<\/p>\n<p> D\u017eemper Tarmac je prakti\u010dan i udoban d\u017eemper izra\u0111en od \u010distog pamuka, idealan za razne svakodnevne situacije.<\/p>\n<p> Zna\u010dajke:<\/p>\n<p> Na prednjoj strani su otisci.<br \/>\n Okrugli dekolte<br \/>\n 100% pamuk<br \/>\n DODATNE INFORMACIJE O PROIZVODU<br \/>\n Materijal 100% pamuk<\/p>\n<\/div>\n","protected":false},"excerpt":{"rendered":"<p>Dainese Tarmac d\u017eemper D\u017eemper Tarmac je prakti\u010dan i udoban d\u017eemper izra\u0111en od \u010distog pamuka, idealan za&#8230;<\/p>\n","protected":false},"featured_media":138682,"comment_status":"open","ping_status":"closed","template":"","meta":{"_acf_changed":false},"brand":[2800],"gender":[],"product_brand":[],"product_cat":[],"product_tag":[2907,2862,2908],"class_list":{"0":"post-138668","1":"product","2":"type-product","3":"status-publish","4":"has-post-thumbnail","6":"brand-dainese-hr","7":"product_tag-lezerno","8":"product_tag-odjeca","9":"product_tag-runo","10":"pa_barva-crna-hr","11":"pa_product-code-da18900016-11c-hr","12":"pa_product-id-37428-hr","13":"pa_velikost-st-2xl-hr","14":"pa_velikost-st-3xl-hr","15":"pa_velikost-st-l-hr","16":"pa_velikost-st-m-hr","17":"pa_velikost-st-s-hr","18":"pa_velikost-st-xl-hr","19":"pa_velikost-st-xs-hr","21":"first","22":"instock","23":"taxable","24":"shipping-taxable","25":"purchasable","26":"product-type-variable"},"acf":[],"_links":{"self":[{"href":"https:\/\/moto-oprema.com\/hr\/wp-json\/wp\/v2\/product\/138668","targetHints":{"allow":["GET"]}}],"collection":[{"href":"https:\/\/moto-oprema.com\/hr\/wp-json\/wp\/v2\/product"}],"about":[{"href":"https:\/\/moto-oprema.com\/hr\/wp-json\/wp\/v2\/types\/product"}],"replies":[{"embeddable":true,"href":"https:\/\/moto-oprema.com\/hr\/wp-json\/wp\/v2\/comments?post=138668"}],"wp:featuredmedia":[{"embeddable":true,"href":"https:\/\/moto-oprema.com\/hr\/wp-json\/wp\/v2\/media\/138682"}],"wp:attachment":[{"href":"https:\/\/moto-oprema.com\/hr\/wp-json\/wp\/v2\/media?parent=138668"}],"wp:term":[{"taxonomy":"brand","embeddable":true,"href":"https:\/\/moto-oprema.com\/hr\/wp-json\/wp\/v2\/brand?post=138668"},{"taxonomy":"gender","embeddable":true,"href":"https:\/\/moto-oprema.com\/hr\/wp-json\/wp\/v2\/gender?post=138668"},{"taxonomy":"product_brand","embeddable":true,"href":"https:\/\/moto-oprema.com\/hr\/wp-json\/wp\/v2\/product_brand?post=138668"},{"taxonomy":"product_cat","embeddable":true,"href":"https:\/\/moto-oprema.com\/hr\/wp-json\/wp\/v2\/product_cat?post=138668"},{"taxonomy":"product_tag","embeddable":true,"href":"https:\/\/moto-oprema.com\/hr\/wp-json\/wp\/v2\/product_tag?post=138668"}],"curies":[{"name":"wp","href":"https:\/\/api.w.org\/{rel}","templated":true}]}}