{"id":138620,"date":"2023-12-13T11:47:27","date_gmt":"2023-12-13T11:47:27","guid":{"rendered":"https:\/\/moto-oprema.com\/Artikel\/dainese-mugello-3-perforirano-1-dijelno-d-air-odijelo-crveno-fluo\/"},"modified":"2023-12-13T11:47:27","modified_gmt":"2023-12-13T11:47:27","slug":"dainese-mugello-3-perforirano-1-dijelno-d-air-odijelo-crveno-fluo","status":"publish","type":"product","link":"https:\/\/moto-oprema.com\/hr\/Artikel\/dainese-mugello-3-perforirano-1-dijelno-d-air-odijelo-crveno-fluo\/","title":{"rendered":"Dainese Mugello 3 perforirano 1-dijelno D-air odijelo crveno fluo"},"content":{"rendered":"<p>Najnovija generacija motociklisti\u010dkog odijela od klokanove ko\u017ee. Lagano i sna\u017eno, opremljeno pentaaksijalnim elasti\u010dnim sustavom i revolucionarnim D-air\u00ae trka\u0107im zra\u010dnim jastukom s trostrukom aktivacijom. <\/p>\n<p>OPIS<\/p>\n<p>Najnaprednije motociklisti\u010dko odijelo ikad. Mugello 3 Perf u potpunosti je izra\u0111eno od fine i otporne klokanove ko\u017ee. D-air\u00ae sustav razvijen je kako bi se osigurale maksimalne performanse i sigurnost na trka\u0107oj stazi. Maksimalne performanse zajam\u010dene su tehnologijama kori\u0161tenim u proizvodnji odijela koje \u010dine odijelo Mugello 3 Perf. Iznimno ergonomsko D-air\u00ae odijelo i najlak\u0161e odijelo sa zra\u010dnim jastukom na svijetu. Evolucija triaksijalnog koncepta, inovativni pentaaksijalni elasti\u010dni sustav na le\u0111ima omogu\u0107uje ve\u0107u slobodu kretanja i ve\u0107u fleksibilnost pri savijanju, zahvaljuju\u0107i sposobnosti ove tehnologije da se \u0161iri u pet smjerova i fluidno prilago\u0111ava pokretima voza\u010da. Model Mugello 3 Perf. D-air\u00ae je opremljen D-air\u00ae RACING SHIELD 3X sustavom, koji uklju\u010duje udoban d\u017eep zra\u010dnog jastuka Racing Shield s patentiranom tehnologijom mikrovlakana koja podr\u017eava do 3 aktivacije. Sustav pokriva podru\u010dje vrata, klju\u010dne kosti i ramena te se mo\u017ee puniti neovisnom zamjenom generatora plina najnovije generacije. Za maksimalnu ergonomiju i udobnost, odijelo je opremljeno Veloce Racing Neck sustavom koji smanjuje pritisak na vrat i pove\u0107ava slobodu kretanja, Pro-Armor \u0161titnicima na ramenima i mekim umetcima na bokovima. Man\u017eete su opremljene patentnim zatvara\u010dima koji se sami zatvaraju i zamjenjuju tradicionalno pri\u010dvr\u0161\u0107ivanje \u010di\u010dkom, a sustav Soft Edges Construction na vratu i man\u017eetama omogu\u0107uje maksimalnu udobnost i prilagodljivost svim oblicima i duljinama ruku. Titanske plo\u010de na koljenima, ramenima i laktovima dizajnirane su kako bi olak\u0161ale klizanje u slu\u010daju pada, osim \u0161to su lagane i izuzetno otporne na habanje. Sustav zamjenjivih kliza\u010da (RSS) omogu\u0107uje zamjenu kliza\u010da bez promjene polo\u017eaja jastu\u010di\u0107a pri\u010dvr\u0161\u0107enog na \u010di\u010dak zatvara\u010d odijela. U visini laktova dizajniran je da ponudi dva razli\u010dita polo\u017eaja ovisno o preferencijama i postignutom kutu nagiba, \u0161to se mo\u017ee podesiti jednostavnim klikom. Smanjenje broja \u0161avova u usporedbi s tradicionalnim odijelima pove\u0107ava mobilnost voza\u010da, a istovremeno smanjuje ukupnu te\u017einu odijela i potencijalne to\u010dke loma. Svi krajevi izra\u0111eni su od mekane, udobne i izdr\u017eljive tkanine otporne na habanje. Sigurnost je kombinirana s toplinskom udobno\u0161\u0107u, koju osigurava perforirana tkanina s obje strane odijela i ve\u0107e ventilacijske povr\u0161ine na klju\u010dnim mjestima. Karakteristike ovog revolucionarnog motociklisti\u010dkog odijela upotpunjene su sustavom uvla\u010denja \u010dizama, koji omogu\u0107uje no\u0161enje prilo\u017eenih \u010dizama ispod odijela i pru\u017ea maksimalnu za\u0161titu stopala i gle\u017enjeva, setom vodenih vre\u0107a i uklonjivom i perivom unutarnjom podstavom.                 <\/p>\n<p>FUNKCIJE<\/p>\n<p>D-air\u00ae FRS generator plina<br \/>\n D-air\u00ae Racing zra\u010dni jastuk, 3 aktivacije<br \/>\n Odje\u0107a za motocikle certificirana prema standardu AAA EN 17092<br \/>\n RSS 4.0 Zamjenjivi kliza\u010d koljena<br \/>\n RSS 4.0 zamjenjivi kliza\u010d za koljeno<br \/>\n Set vre\u0107ica za vodu<\/p>\n<p>ERGONOMIJA<\/p>\n<p>Aerodinami\u010dke utrke s grbama<br \/>\n Pentaxal sustav istezanja na le\u0111ima<br \/>\n Konstrukcija s mekim rubovima<br \/>\n Brza trka\u0107a vrata<\/p>\n<p>GLAVNI MATERIJALI<\/p>\n<p>Kengurova ko\u017ea<\/p>\n<p>U\u010dinkovitost udara<\/p>\n<p>Kompozitni \u0161titnici za laktove certificirani prema EN 1621.1<br \/>\n Kompozitni \u0161titnici za koljena s certifikatom EN 1621.1<br \/>\n D-air\u00ae sustav zra\u010dnih jastuka<br \/>\n Pro-Shape: mekani \u0161titnici, certificirani prema EN 1621.1, na bokovima<br \/>\n Be\u0161avne titanske plo\u010dice na ramenima, laktovima i koljenima<br \/>\n Mekani \u0161titnici, certificirani prema EN 1621.1 Lev. 1, na ramenima <\/p>\n<p>TEMPERATURA<\/p>\n<p>Prozra\u010dna mre\u017easta podstava<br \/>\n Lokalna perforacija<\/p>\n<p>PODRU\u010cJA POKRIVENA S D-AIR\u00ae-om<\/p>\n<p>Vratnu kost<br \/>\n Ramena.<\/p>\n<p>&nbsp;<\/p>\n","protected":false},"excerpt":{"rendered":"<p>Najnovija generacija motociklisti\u010dkog odijela od klokanove ko\u017ee. Lagano i sna\u017eno, opremljeno pentaaksijalnim elasti\u010dnim sustavom i revolucionarnim&#8230;<\/p>\n","protected":false},"featured_media":138634,"comment_status":"open","ping_status":"closed","template":"","meta":{"_acf_changed":false},"brand":[2800],"gender":[],"product_brand":[],"product_cat":[2879,1356],"product_tag":[3177,3178,2862],"class_list":{"0":"post-138620","1":"product","2":"type-product","3":"status-publish","4":"has-post-thumbnail","6":"brand-dainese-hr","7":"product_cat-jednodijelni-kombinezoni","8":"product_cat-motociklisticka-oprema","9":"product_tag-kozni-jednodijelni","10":"product_tag-odijela","11":"product_tag-odjeca","12":"pa_size-48-hr","13":"pa_size-50-hr","14":"pa_size-52-hr","15":"pa_size-54-hr","16":"pa_size-56-hr","17":"pa_size-58-hr","19":"first","20":"instock","21":"sale","22":"taxable","23":"shipping-taxable","24":"purchasable","25":"product-type-variable"},"acf":[],"_links":{"self":[{"href":"https:\/\/moto-oprema.com\/hr\/wp-json\/wp\/v2\/product\/138620","targetHints":{"allow":["GET"]}}],"collection":[{"href":"https:\/\/moto-oprema.com\/hr\/wp-json\/wp\/v2\/product"}],"about":[{"href":"https:\/\/moto-oprema.com\/hr\/wp-json\/wp\/v2\/types\/product"}],"replies":[{"embeddable":true,"href":"https:\/\/moto-oprema.com\/hr\/wp-json\/wp\/v2\/comments?post=138620"}],"wp:featuredmedia":[{"embeddable":true,"href":"https:\/\/moto-oprema.com\/hr\/wp-json\/wp\/v2\/media\/138634"}],"wp:attachment":[{"href":"https:\/\/moto-oprema.com\/hr\/wp-json\/wp\/v2\/media?parent=138620"}],"wp:term":[{"taxonomy":"brand","embeddable":true,"href":"https:\/\/moto-oprema.com\/hr\/wp-json\/wp\/v2\/brand?post=138620"},{"taxonomy":"gender","embeddable":true,"href":"https:\/\/moto-oprema.com\/hr\/wp-json\/wp\/v2\/gender?post=138620"},{"taxonomy":"product_brand","embeddable":true,"href":"https:\/\/moto-oprema.com\/hr\/wp-json\/wp\/v2\/product_brand?post=138620"},{"taxonomy":"product_cat","embeddable":true,"href":"https:\/\/moto-oprema.com\/hr\/wp-json\/wp\/v2\/product_cat?post=138620"},{"taxonomy":"product_tag","embeddable":true,"href":"https:\/\/moto-oprema.com\/hr\/wp-json\/wp\/v2\/product_tag?post=138620"}],"curies":[{"name":"wp","href":"https:\/\/api.w.org\/{rel}","templated":true}]}}