{"id":138589,"date":"2026-01-06T15:44:53","date_gmt":"2026-01-06T15:44:53","guid":{"rendered":"https:\/\/moto-oprema.com\/?post_type=product&#038;p=138589"},"modified":"2026-01-06T15:44:54","modified_gmt":"2026-01-06T15:44:54","slug":"dainese-klizac-za-lakat-rss-4-0-bijeli","status":"publish","type":"product","link":"https:\/\/moto-oprema.com\/hr\/Artikel\/dainese-klizac-za-lakat-rss-4-0-bijeli\/","title":{"rendered":"Dainese kliza\u010d za lakat RSS 4.0 bijeli"},"content":{"rendered":"<div class=\"tabs-panels\">\n<h2 class=\"acctab\" id=\"acctab-\"><\/h2>\n<div class=\"panel\">\n<div class=\"std\">\n<p>Lagani zamjenski kliza\u010d lakta s dva mogu\u0107a polo\u017eaja, sa sustavom zamjenjivih kliza\u010da (RSS).  <\/p>\n<p>Zamjenski kliza\u010d na laktu sa sustavom zamjenjivih kliza\u010da (RSS). Pri\u010dvr\u0161\u0107ivanje je brzo i intuitivno, dizajnirano kako bi se smjer umetanja kliza\u010da lako razumio \u010dak i kada se odijelo nosi. <\/p>\n<\/p><\/div>\n<\/div>\n","protected":false},"excerpt":{"rendered":"<p>Lagani zamjenski kliza\u010d lakta s dva mogu\u0107a polo\u017eaja, sa sustavom zamjenjivih kliza\u010da (RSS). Zamjenski kliza\u010d na&#8230;<\/p>\n","protected":false},"featured_media":138595,"comment_status":"open","ping_status":"open","template":"","meta":{"_acf_changed":false},"brand":[2800],"gender":[],"product_brand":[],"product_cat":[1356,2878,2856],"product_tag":[3044,2862,3041],"class_list":{"0":"post-138589","1":"product","2":"type-product","3":"status-publish","4":"has-post-thumbnail","6":"brand-dainese-hr","7":"product_cat-motociklisticka-oprema","8":"product_cat-nekategorizirano","9":"product_cat-zastitnici","10":"product_tag-klizaci","11":"product_tag-odjeca","12":"product_tag-zastitnici","13":"pa_barva-bijela","14":"pa_product-code-da1876219-622-hr","15":"pa_product-id-44083-hr","17":"first","18":"instock","19":"taxable","20":"shipping-taxable","21":"purchasable","22":"product-type-simple"},"acf":[],"_links":{"self":[{"href":"https:\/\/moto-oprema.com\/hr\/wp-json\/wp\/v2\/product\/138589","targetHints":{"allow":["GET"]}}],"collection":[{"href":"https:\/\/moto-oprema.com\/hr\/wp-json\/wp\/v2\/product"}],"about":[{"href":"https:\/\/moto-oprema.com\/hr\/wp-json\/wp\/v2\/types\/product"}],"replies":[{"embeddable":true,"href":"https:\/\/moto-oprema.com\/hr\/wp-json\/wp\/v2\/comments?post=138589"}],"wp:featuredmedia":[{"embeddable":true,"href":"https:\/\/moto-oprema.com\/hr\/wp-json\/wp\/v2\/media\/138595"}],"wp:attachment":[{"href":"https:\/\/moto-oprema.com\/hr\/wp-json\/wp\/v2\/media?parent=138589"}],"wp:term":[{"taxonomy":"brand","embeddable":true,"href":"https:\/\/moto-oprema.com\/hr\/wp-json\/wp\/v2\/brand?post=138589"},{"taxonomy":"gender","embeddable":true,"href":"https:\/\/moto-oprema.com\/hr\/wp-json\/wp\/v2\/gender?post=138589"},{"taxonomy":"product_brand","embeddable":true,"href":"https:\/\/moto-oprema.com\/hr\/wp-json\/wp\/v2\/product_brand?post=138589"},{"taxonomy":"product_cat","embeddable":true,"href":"https:\/\/moto-oprema.com\/hr\/wp-json\/wp\/v2\/product_cat?post=138589"},{"taxonomy":"product_tag","embeddable":true,"href":"https:\/\/moto-oprema.com\/hr\/wp-json\/wp\/v2\/product_tag?post=138589"}],"curies":[{"name":"wp","href":"https:\/\/api.w.org\/{rel}","templated":true}]}}