{"id":138512,"date":"2023-12-13T11:47:13","date_gmt":"2023-12-13T11:47:13","guid":{"rendered":"https:\/\/moto-oprema.com\/?post_type=product&#038;p=138512"},"modified":"2026-04-11T13:43:26","modified_gmt":"2026-04-11T13:43:26","slug":"dainese-d-air-racing-komplet-za-hidrataciju","status":"publish","type":"product","link":"https:\/\/moto-oprema.com\/hr\/Artikel\/dainese-d-air-racing-komplet-za-hidrataciju\/","title":{"rendered":"Dainese D-air Racing komplet za hidrataciju"},"content":{"rendered":"<div class=\"tabs-panels\">\n<h2 class=\"acctab\" id=\"acctab-\"><\/h2>\n<div class=\"panel\">\n<div class=\"std\">\n<p>Zamjenski hidratacijski sustav za odijela Mugello 3 i Misano 3.  <\/p>\n<p>  Racing Hydration System je hidratacijski sustav integriran unutar Aerodinamica Racing Humpa motociklisti\u010dkog odijela, prostran, funkcionalan i \u0161tedi prostor. Sustav je savr\u0161eno uravnote\u017een i aerodinami\u010dan kako bi jam\u010dio maksimalne performanse na stazi. Rezervni dio kompatibilan s odijelima Mugello 3 i Misano 3.  <\/p>\n<\/p><\/div>\n<\/div>\n","protected":false},"excerpt":{"rendered":"<p>Zamjenski hidratacijski sustav za odijela Mugello 3 i Misano 3. Racing Hydration System je hidratacijski sustav&#8230;<\/p>\n","protected":false},"featured_media":138514,"comment_status":"open","ping_status":"closed","template":"","meta":{"_acf_changed":false},"brand":[2800],"gender":[],"product_brand":[],"product_cat":[],"product_tag":[3073,2862,3041],"class_list":{"0":"post-138512","1":"product","2":"type-product","3":"status-publish","4":"has-post-thumbnail","6":"brand-dainese-hr","7":"product_tag-cesta","8":"product_tag-odjeca","9":"product_tag-zastitnici","10":"pa_product-code-da1d000002-999-hr","11":"pa_product-id-25512-hr","13":"first","14":"instock","15":"taxable","16":"shipping-taxable","17":"purchasable","18":"product-type-simple"},"acf":[],"_links":{"self":[{"href":"https:\/\/moto-oprema.com\/hr\/wp-json\/wp\/v2\/product\/138512","targetHints":{"allow":["GET"]}}],"collection":[{"href":"https:\/\/moto-oprema.com\/hr\/wp-json\/wp\/v2\/product"}],"about":[{"href":"https:\/\/moto-oprema.com\/hr\/wp-json\/wp\/v2\/types\/product"}],"replies":[{"embeddable":true,"href":"https:\/\/moto-oprema.com\/hr\/wp-json\/wp\/v2\/comments?post=138512"}],"wp:featuredmedia":[{"embeddable":true,"href":"https:\/\/moto-oprema.com\/hr\/wp-json\/wp\/v2\/media\/138514"}],"wp:attachment":[{"href":"https:\/\/moto-oprema.com\/hr\/wp-json\/wp\/v2\/media?parent=138512"}],"wp:term":[{"taxonomy":"brand","embeddable":true,"href":"https:\/\/moto-oprema.com\/hr\/wp-json\/wp\/v2\/brand?post=138512"},{"taxonomy":"gender","embeddable":true,"href":"https:\/\/moto-oprema.com\/hr\/wp-json\/wp\/v2\/gender?post=138512"},{"taxonomy":"product_brand","embeddable":true,"href":"https:\/\/moto-oprema.com\/hr\/wp-json\/wp\/v2\/product_brand?post=138512"},{"taxonomy":"product_cat","embeddable":true,"href":"https:\/\/moto-oprema.com\/hr\/wp-json\/wp\/v2\/product_cat?post=138512"},{"taxonomy":"product_tag","embeddable":true,"href":"https:\/\/moto-oprema.com\/hr\/wp-json\/wp\/v2\/product_tag?post=138512"}],"curies":[{"name":"wp","href":"https:\/\/api.w.org\/{rel}","templated":true}]}}