{"id":138483,"date":"2023-12-11T12:03:55","date_gmt":"2023-12-11T12:03:55","guid":{"rendered":"https:\/\/moto-oprema.com\/Artikel\/dainese-termo-hlace\/"},"modified":"2023-12-11T12:03:55","modified_gmt":"2023-12-11T12:03:55","slug":"dainese-termo-hlace","status":"publish","type":"product","link":"https:\/\/moto-oprema.com\/hr\/Artikel\/dainese-termo-hlace\/","title":{"rendered":"DAINESE TERMO HLA\u010cE"},"content":{"rendered":"<p id=\"tw-target-text\" class=\"tw-data-text tw-text-large tw-ta\" dir=\"ltr\" data-placeholder=\"Prevod\" data-ved=\"2ahUKEwj-9bKRoYeDAxUQ0AIHHUnnA6QQ3ewLegQIBRAP\"><span class=\"Y2IQFc\" lang=\"sl\">Dainese termo hla\u010de pru\u017eaju izvrsnu udobnost.  <\/span><\/p>\n<p class=\"tw-data-text tw-text-large tw-ta\" dir=\"ltr\" data-placeholder=\"Prevod\" data-ved=\"2ahUKEwj-9bKRoYeDAxUQ0AIHHUnnA6QQ3ewLegQIBRAP\"><span class=\"Y2IQFc\" lang=\"sl\">Odr\u017eava<\/span> <span class=\"Y2IQFc\" lang=\"sl\">idealnu temperaturu \u010dak i pri najni\u017eim vanjskim temperaturama.<\/span><\/p>\n<p class=\"tw-data-text tw-text-large tw-ta\" dir=\"ltr\" data-placeholder=\"Prevod\" data-ved=\"2ahUKEwj-9bKRoYeDAxUQ0AIHHUnnA6QQ3ewLegQIBRAP\">Sastav sirovine: 95% poliamid, 5% elastan<\/p>\n","protected":false},"excerpt":{"rendered":"<p>Dainese termo hla\u010de pru\u017eaju izvrsnu udobnost. Odr\u017eava idealnu temperaturu \u010dak i pri najni\u017eim vanjskim temperaturama. Sastav&#8230;<\/p>\n","protected":false},"featured_media":24648,"comment_status":"open","ping_status":"open","template":"","meta":{"_acf_changed":false},"brand":[2800],"gender":[],"product_brand":[],"product_cat":[2854,1356,2880],"product_tag":[],"class_list":{"0":"post-138483","1":"product","2":"type-product","3":"status-publish","4":"has-post-thumbnail","6":"brand-dainese-hr","7":"product_cat-funkcionalna-odjeca-i-donje-rublje","8":"product_cat-motociklisticka-oprema","9":"product_cat-podkape-za-donje-rublje","10":"pa_size-l-hr","11":"pa_size-m-hr","12":"pa_size-xl-xxl-hr","13":"pa_size-xs-s-hr","15":"first","16":"instock","17":"sale","18":"taxable","19":"shipping-taxable","20":"purchasable","21":"product-type-variable"},"acf":[],"_links":{"self":[{"href":"https:\/\/moto-oprema.com\/hr\/wp-json\/wp\/v2\/product\/138483","targetHints":{"allow":["GET"]}}],"collection":[{"href":"https:\/\/moto-oprema.com\/hr\/wp-json\/wp\/v2\/product"}],"about":[{"href":"https:\/\/moto-oprema.com\/hr\/wp-json\/wp\/v2\/types\/product"}],"replies":[{"embeddable":true,"href":"https:\/\/moto-oprema.com\/hr\/wp-json\/wp\/v2\/comments?post=138483"}],"wp:featuredmedia":[{"embeddable":true,"href":"https:\/\/moto-oprema.com\/hr\/wp-json\/wp\/v2\/media\/24648"}],"wp:attachment":[{"href":"https:\/\/moto-oprema.com\/hr\/wp-json\/wp\/v2\/media?parent=138483"}],"wp:term":[{"taxonomy":"brand","embeddable":true,"href":"https:\/\/moto-oprema.com\/hr\/wp-json\/wp\/v2\/brand?post=138483"},{"taxonomy":"gender","embeddable":true,"href":"https:\/\/moto-oprema.com\/hr\/wp-json\/wp\/v2\/gender?post=138483"},{"taxonomy":"product_brand","embeddable":true,"href":"https:\/\/moto-oprema.com\/hr\/wp-json\/wp\/v2\/product_brand?post=138483"},{"taxonomy":"product_cat","embeddable":true,"href":"https:\/\/moto-oprema.com\/hr\/wp-json\/wp\/v2\/product_cat?post=138483"},{"taxonomy":"product_tag","embeddable":true,"href":"https:\/\/moto-oprema.com\/hr\/wp-json\/wp\/v2\/product_tag?post=138483"}],"curies":[{"name":"wp","href":"https:\/\/api.w.org\/{rel}","templated":true}]}}