{"id":137923,"date":"2020-11-13T19:22:25","date_gmt":"2020-11-13T19:22:25","guid":{"rendered":"https:\/\/moto-oprema.com\/Artikel\/alpinestars-stella-andes-v3-drystar-zenska-jakna\/"},"modified":"2020-11-13T19:22:25","modified_gmt":"2020-11-13T19:22:25","slug":"alpinestars-stella-andes-v3-drystar-zenska-jakna","status":"publish","type":"product","link":"https:\/\/moto-oprema.com\/hr\/Artikel\/alpinestars-stella-andes-v3-drystar-zenska-jakna\/","title":{"rendered":"ALPINESTARS STELLA ANDES V3 DRYSTAR \u017dENSKA JAKNA"},"content":{"rendered":"<p>Kompatibilno s Tech-Air 5 tehnologijom Izvrsna ventilacija, za\u0161tita i otpornost na habanje, prilagodljivo svim vremenskim uvjetima, uklonjivi \u0161titnici za ramena i laktove, vodootporni prednji d\u017eepovi u cargo stilu, veliki stra\u017enji d\u017eep, YKK patentni zatvara\u010d, uklonjiva termo podstava dugih rukava, mekani ovratnik, d\u017eepovi za dodatne \u0161titnike za prsa i le\u0111a, CE certifikat kategorije II prEN17092 &#8211; Klasa A<\/p>\n<\/p>\n<p><span style=\"font-family:'Times New Roman', serif;\"><span style=\"font-size:medium;\"><span style=\"font-family:'Times New Roman', serif;\"><span xml_lang=\"en\" lang=\"en\">Sastav sirovine: 93% poliester, 7% poliamid<\/span><\/span><\/span><\/span><\/p><\/p>\n","protected":false},"excerpt":{"rendered":"<p>Kompatibilno s Tech-Air 5 tehnologijom Izvrsna ventilacija, za\u0161tita i otpornost na habanje, prilagodljivo svim vremenskim uvjetima,&#8230;<\/p>\n","protected":false},"featured_media":11619,"comment_status":"open","ping_status":"open","template":"","meta":{"_acf_changed":false},"brand":[2748],"gender":[1314],"product_brand":[],"product_cat":[2759,1356,2761],"product_tag":[],"class_list":{"0":"post-137923","1":"product","2":"type-product","3":"status-publish","4":"has-post-thumbnail","6":"brand-alpinestars-hr","7":"gender-zenska","8":"product_cat-jakne-hr","9":"product_cat-motociklisticka-oprema","10":"product_cat-tekstilne-jakne-hr","11":"pa_velikost-st-l-hr","12":"pa_velikost-st-m-hr","13":"pa_velikost-st-s-hr","14":"pa_velikost-st-xl-hr","15":"pa_velikost-st-xxl-hr","17":"first","18":"onbackorder","19":"sale","20":"taxable","21":"shipping-taxable","22":"purchasable","23":"product-type-variable"},"acf":[],"_links":{"self":[{"href":"https:\/\/moto-oprema.com\/hr\/wp-json\/wp\/v2\/product\/137923","targetHints":{"allow":["GET"]}}],"collection":[{"href":"https:\/\/moto-oprema.com\/hr\/wp-json\/wp\/v2\/product"}],"about":[{"href":"https:\/\/moto-oprema.com\/hr\/wp-json\/wp\/v2\/types\/product"}],"replies":[{"embeddable":true,"href":"https:\/\/moto-oprema.com\/hr\/wp-json\/wp\/v2\/comments?post=137923"}],"wp:featuredmedia":[{"embeddable":true,"href":"https:\/\/moto-oprema.com\/hr\/wp-json\/wp\/v2\/media\/11619"}],"wp:attachment":[{"href":"https:\/\/moto-oprema.com\/hr\/wp-json\/wp\/v2\/media?parent=137923"}],"wp:term":[{"taxonomy":"brand","embeddable":true,"href":"https:\/\/moto-oprema.com\/hr\/wp-json\/wp\/v2\/brand?post=137923"},{"taxonomy":"gender","embeddable":true,"href":"https:\/\/moto-oprema.com\/hr\/wp-json\/wp\/v2\/gender?post=137923"},{"taxonomy":"product_brand","embeddable":true,"href":"https:\/\/moto-oprema.com\/hr\/wp-json\/wp\/v2\/product_brand?post=137923"},{"taxonomy":"product_cat","embeddable":true,"href":"https:\/\/moto-oprema.com\/hr\/wp-json\/wp\/v2\/product_cat?post=137923"},{"taxonomy":"product_tag","embeddable":true,"href":"https:\/\/moto-oprema.com\/hr\/wp-json\/wp\/v2\/product_tag?post=137923"}],"curies":[{"name":"wp","href":"https:\/\/api.w.org\/{rel}","templated":true}]}}