{"id":137915,"date":"2020-11-13T19:37:37","date_gmt":"2020-11-13T19:37:37","guid":{"rendered":"https:\/\/moto-oprema.com\/Artikel\/alpinestars-andes-v3-drystar-hlace\/"},"modified":"2020-11-13T19:37:37","modified_gmt":"2020-11-13T19:37:37","slug":"alpinestars-andes-v3-drystar-hlace","status":"publish","type":"product","link":"https:\/\/moto-oprema.com\/hr\/Artikel\/alpinestars-andes-v3-drystar-hlace\/","title":{"rendered":"ALPINESTARS ANDES V3 DRYSTAR HLA\u010cE"},"content":{"rendered":"<p>Optimalne putne hla\u010de, 100% vodootporne, savr\u0161ene za hladno i vla\u017eno vrijeme, uklonjiva duga termo podstava, u\u010dinkovita ventilacija, rastezljivi umeci, podesivi ili uklonjivi \u0161titnici za koljena, d\u017eepovi cargo stila, CE certifikat kategorije II OZO prEN17092 &#8211; A<\/p>\n<p><span>Sastav sirovine: 93% poliester, 7% poliamid<\/span><\/p>\n","protected":false},"excerpt":{"rendered":"<p>Optimalne putne hla\u010de, 100% vodootporne, savr\u0161ene za hladno i vla\u017eno vrijeme, uklonjiva duga termo podstava, u\u010dinkovita&#8230;<\/p>\n","protected":false},"featured_media":11626,"comment_status":"open","ping_status":"open","template":"","meta":{"_acf_changed":false},"brand":[2748],"gender":[1313],"product_brand":[],"product_cat":[2832,1356,2857],"product_tag":[],"class_list":{"0":"post-137915","1":"product","2":"type-product","3":"status-publish","4":"has-post-thumbnail","6":"brand-alpinestars-hr","7":"gender-moski","8":"product_cat-hlace-hr","9":"product_cat-motociklisticka-oprema","10":"product_cat-tekstilne-hlace-hr","11":"pa_velikost-st-l-hr","12":"pa_velikost-st-m-hr","13":"pa_velikost-st-s-hr","14":"pa_velikost-st-xl-hr","15":"pa_velikost-st-xxl-hr","16":"pa_velikost-st-xxxl-hr","18":"first","19":"onbackorder","20":"sale","21":"taxable","22":"shipping-taxable","23":"purchasable","24":"product-type-variable"},"acf":[],"_links":{"self":[{"href":"https:\/\/moto-oprema.com\/hr\/wp-json\/wp\/v2\/product\/137915","targetHints":{"allow":["GET"]}}],"collection":[{"href":"https:\/\/moto-oprema.com\/hr\/wp-json\/wp\/v2\/product"}],"about":[{"href":"https:\/\/moto-oprema.com\/hr\/wp-json\/wp\/v2\/types\/product"}],"replies":[{"embeddable":true,"href":"https:\/\/moto-oprema.com\/hr\/wp-json\/wp\/v2\/comments?post=137915"}],"wp:featuredmedia":[{"embeddable":true,"href":"https:\/\/moto-oprema.com\/hr\/wp-json\/wp\/v2\/media\/11626"}],"wp:attachment":[{"href":"https:\/\/moto-oprema.com\/hr\/wp-json\/wp\/v2\/media?parent=137915"}],"wp:term":[{"taxonomy":"brand","embeddable":true,"href":"https:\/\/moto-oprema.com\/hr\/wp-json\/wp\/v2\/brand?post=137915"},{"taxonomy":"gender","embeddable":true,"href":"https:\/\/moto-oprema.com\/hr\/wp-json\/wp\/v2\/gender?post=137915"},{"taxonomy":"product_brand","embeddable":true,"href":"https:\/\/moto-oprema.com\/hr\/wp-json\/wp\/v2\/product_brand?post=137915"},{"taxonomy":"product_cat","embeddable":true,"href":"https:\/\/moto-oprema.com\/hr\/wp-json\/wp\/v2\/product_cat?post=137915"},{"taxonomy":"product_tag","embeddable":true,"href":"https:\/\/moto-oprema.com\/hr\/wp-json\/wp\/v2\/product_tag?post=137915"}],"curies":[{"name":"wp","href":"https:\/\/api.w.org\/{rel}","templated":true}]}}