{"id":137884,"date":"2020-11-14T10:36:15","date_gmt":"2020-11-14T10:36:15","guid":{"rendered":"https:\/\/moto-oprema.com\/Artikel\/alpinestars-bionic-action-stitnik-za-prsa\/"},"modified":"2020-11-14T10:36:15","modified_gmt":"2020-11-14T10:36:15","slug":"alpinestars-bionic-action-stitnik-za-prsa","status":"publish","type":"product","link":"https:\/\/moto-oprema.com\/hr\/Artikel\/alpinestars-bionic-action-stitnik-za-prsa\/","title":{"rendered":"ALPINESTARS BIONIC ACTION \u0160TITNIK ZA PRSA"},"content":{"rendered":"<p>Iznimno lagan za\u0161titni sustav, nova CELL tehnologija za izuzetno malu te\u017einu i optimalnu ventilaciju, prednji i stra\u017enji tvrdi paneli s podstavom od biopjene<\/p>\n<p>\u2022 Za\u0161tita za le\u0111a &#8211; En 1621-2:2014 Razina 1<br \/> \u2022 \u0160titnik za prsa: En 1621-3:2018 Razina 1  <\/p>\n","protected":false},"excerpt":{"rendered":"<p>Iznimno lagan za\u0161titni sustav, nova CELL tehnologija za izuzetno malu te\u017einu i optimalnu ventilaciju, prednji i&#8230;<\/p>\n","protected":false},"featured_media":11727,"comment_status":"open","ping_status":"closed","template":"","meta":{"_acf_changed":false},"brand":[2748],"gender":[1313],"product_brand":[],"product_cat":[2890,2739,2733],"product_tag":[],"class_list":{"0":"post-137884","1":"product","2":"type-product","3":"status-publish","4":"has-post-thumbnail","6":"brand-alpinestars-hr","7":"gender-moski","8":"product_cat-mx-stitnici-za-tijelo","9":"product_cat-mx-stitovi","10":"product_cat-oprema-za-motokros","11":"pa_size-strojno-ucenje","12":"pa_size-xl-2xl-hr","14":"first","15":"outofstock","16":"sale","17":"taxable","18":"shipping-taxable","19":"purchasable","20":"product-type-variable"},"acf":[],"_links":{"self":[{"href":"https:\/\/moto-oprema.com\/hr\/wp-json\/wp\/v2\/product\/137884","targetHints":{"allow":["GET"]}}],"collection":[{"href":"https:\/\/moto-oprema.com\/hr\/wp-json\/wp\/v2\/product"}],"about":[{"href":"https:\/\/moto-oprema.com\/hr\/wp-json\/wp\/v2\/types\/product"}],"replies":[{"embeddable":true,"href":"https:\/\/moto-oprema.com\/hr\/wp-json\/wp\/v2\/comments?post=137884"}],"wp:featuredmedia":[{"embeddable":true,"href":"https:\/\/moto-oprema.com\/hr\/wp-json\/wp\/v2\/media\/11727"}],"wp:attachment":[{"href":"https:\/\/moto-oprema.com\/hr\/wp-json\/wp\/v2\/media?parent=137884"}],"wp:term":[{"taxonomy":"brand","embeddable":true,"href":"https:\/\/moto-oprema.com\/hr\/wp-json\/wp\/v2\/brand?post=137884"},{"taxonomy":"gender","embeddable":true,"href":"https:\/\/moto-oprema.com\/hr\/wp-json\/wp\/v2\/gender?post=137884"},{"taxonomy":"product_brand","embeddable":true,"href":"https:\/\/moto-oprema.com\/hr\/wp-json\/wp\/v2\/product_brand?post=137884"},{"taxonomy":"product_cat","embeddable":true,"href":"https:\/\/moto-oprema.com\/hr\/wp-json\/wp\/v2\/product_cat?post=137884"},{"taxonomy":"product_tag","embeddable":true,"href":"https:\/\/moto-oprema.com\/hr\/wp-json\/wp\/v2\/product_tag?post=137884"}],"curies":[{"name":"wp","href":"https:\/\/api.w.org\/{rel}","templated":true}]}}