{"id":137873,"date":"2020-11-14T11:33:16","date_gmt":"2020-11-14T11:33:16","guid":{"rendered":"https:\/\/moto-oprema.com\/Artikel\/alpinestars-sx-1-v2-stitnik-za-koljena\/"},"modified":"2020-11-14T11:33:16","modified_gmt":"2020-11-14T11:33:16","slug":"alpinestars-sx-1-v2-stitnik-za-koljena","status":"publish","type":"product","link":"https:\/\/moto-oprema.com\/hr\/Artikel\/alpinestars-sx-1-v2-stitnik-za-koljena\/","title":{"rendered":"ALPINESTARS SX-1 V2 \u0160TITNIK ZA KOLJENA"},"content":{"rendered":"<p><span style=\"font-family:arial, helvetica, sans-serif;font-size:small;\">Ultra lagani \u0161titnik za koljena, certificiran prema EN 1621-1.<\/p>\n<p> Cijena po paru.<\/p>\n<p> Tri veli\u010dine:<br \/> &#8211; veli\u010dina za mlade: S\/M,<br \/> &#8211; odrasli: L\/XL, 2XL.<\/p>\n<p><\/span><\/p>\n<div align=\"left\"><span style=\"font-family:arial, helvetica, sans-serif;font-size:small;\">Sastav sirovina: 75% polikarbonat, 20% poliester, 5% ostalo<\/p>\n<p><\/span> <i><span style=\"font-family:arial, helvetica, sans-serif;font-size:small;\">Ultra lagani \u0161titnici za koljena, koji pru\u017eaju iznimnu za\u0161titu od udara.<\/span><br \/> <span style=\"font-family:arial, helvetica, sans-serif;font-size:small;\">Napredne za\u0161titne zone jam\u010de da Bionic SX \u0161titnik za koljena odgovara standardu 1621-1 tip B (k + l).<\/span><br \/> <span style=\"font-family:arial, helvetica, sans-serif;font-size:small;\">Izra\u0111ene od visoko prozra\u010dnih materijala,<\/span><\/i><\/div>\n","protected":false},"excerpt":{"rendered":"<p>Ultra lagani \u0161titnik za koljena, certificiran prema EN 1621-1. Cijena po paru. Tri veli\u010dine: &#8211; veli\u010dina&#8230;<\/p>\n","protected":false},"featured_media":11731,"comment_status":"open","ping_status":"open","template":"","meta":{"_acf_changed":false},"brand":[2748],"gender":[2172],"product_brand":[],"product_cat":[2970,2739,2733],"product_tag":[],"class_list":{"0":"post-137873","1":"product","2":"type-product","3":"status-publish","4":"has-post-thumbnail","6":"brand-alpinestars-hr","7":"gender-unisex-hr","8":"product_cat-mx-stitnici-za-koljena","9":"product_cat-mx-stitovi","10":"product_cat-oprema-za-motokros","11":"pa_size-l-xl-hr","12":"pa_size-sm","13":"pa_size-xxl-hr","15":"first","16":"onbackorder","17":"sale","18":"taxable","19":"shipping-taxable","20":"purchasable","21":"product-type-variable"},"acf":[],"_links":{"self":[{"href":"https:\/\/moto-oprema.com\/hr\/wp-json\/wp\/v2\/product\/137873","targetHints":{"allow":["GET"]}}],"collection":[{"href":"https:\/\/moto-oprema.com\/hr\/wp-json\/wp\/v2\/product"}],"about":[{"href":"https:\/\/moto-oprema.com\/hr\/wp-json\/wp\/v2\/types\/product"}],"replies":[{"embeddable":true,"href":"https:\/\/moto-oprema.com\/hr\/wp-json\/wp\/v2\/comments?post=137873"}],"wp:featuredmedia":[{"embeddable":true,"href":"https:\/\/moto-oprema.com\/hr\/wp-json\/wp\/v2\/media\/11731"}],"wp:attachment":[{"href":"https:\/\/moto-oprema.com\/hr\/wp-json\/wp\/v2\/media?parent=137873"}],"wp:term":[{"taxonomy":"brand","embeddable":true,"href":"https:\/\/moto-oprema.com\/hr\/wp-json\/wp\/v2\/brand?post=137873"},{"taxonomy":"gender","embeddable":true,"href":"https:\/\/moto-oprema.com\/hr\/wp-json\/wp\/v2\/gender?post=137873"},{"taxonomy":"product_brand","embeddable":true,"href":"https:\/\/moto-oprema.com\/hr\/wp-json\/wp\/v2\/product_brand?post=137873"},{"taxonomy":"product_cat","embeddable":true,"href":"https:\/\/moto-oprema.com\/hr\/wp-json\/wp\/v2\/product_cat?post=137873"},{"taxonomy":"product_tag","embeddable":true,"href":"https:\/\/moto-oprema.com\/hr\/wp-json\/wp\/v2\/product_tag?post=137873"}],"curies":[{"name":"wp","href":"https:\/\/api.w.org\/{rel}","templated":true}]}}