{"id":137860,"date":"2020-11-19T17:42:17","date_gmt":"2020-11-19T17:42:17","guid":{"rendered":"https:\/\/moto-oprema.com\/Artikel\/scott-works-prospect-svjetlosjetljive-naocale-3\/"},"modified":"2020-11-19T17:42:17","modified_gmt":"2020-11-19T17:42:17","slug":"scott-works-prospect-svjetlosjetljive-naocale-3","status":"publish","type":"product","link":"https:\/\/moto-oprema.com\/hr\/Artikel\/scott-works-prospect-svjetlosjetljive-naocale-3\/","title":{"rendered":"SCOTT WORKS PROSPECT SVJETLOSJETLJIVE NAO\u010cALE"},"content":{"rendered":"<p>Nao\u010dale Prospect su novi vrhunac u svijetu MX nao\u010dala. Nikada prije nije bilo ovakvog proizvoda na tr\u017ei\u0161tu.  Voza\u010du pru\u017ea maksimalno \u0161iroki pogled zbog pove\u0107ane visine za\u0161titne le\u0107e. Osim toga, le\u0107a ostaje na mjestu \u010dak i pri jakim udarcima zahvaljuju\u0107i novom inovativnom Scott sustavu zaklju\u010davanja le\u0107a. Pri\u010dvrstite ih na kacigu ekstra \u0161irokim remenom koji sprje\u010dava njihovo klizanje.  <\/p>\n<ul>\n<li>Regular Fit<\/li>\n<li>Sustav zaklju\u010davanja objektiva<\/li>\n<li>Zglobni stabilizatori<\/li>\n<li>Troslojna pjena za lice<\/li>\n<li>Ekstra \u0161iroki silikonski remen od 50 mm, neklizaju\u0107i<\/li>\n<li>SCOTT TruView jednostruka WORKS le\u0107a<\/li>\n<li>NoFog\u2122 tretman protiv zamagljivanja le\u0107a<\/li>\n<li>Rezervna le\u0107a uklju\u010dena<\/li>\n<li>Torba za nao\u010dale od mikrovlakana<\/li>\n<li>\u0160titnik za nos<\/li>\n<li>Model Chrome Worksa<\/li>\n<\/ul>\n","protected":false},"excerpt":{"rendered":"<p>Nao\u010dale Prospect su novi vrhunac u svijetu MX nao\u010dala. Nikada prije nije bilo ovakvog proizvoda na&#8230;<\/p>\n","protected":false},"featured_media":12165,"comment_status":"open","ping_status":"open","template":"","meta":{"_acf_changed":false},"brand":[3014],"gender":[2172],"product_brand":[],"product_cat":[2861,2733],"product_tag":[],"class_list":{"0":"post-137860","1":"product","2":"type-product","3":"status-publish","4":"has-post-thumbnail","6":"brand-scott-hr","7":"gender-unisex-hr","8":"product_cat-mx-naocale","9":"product_cat-oprema-za-motokros","11":"first","12":"onbackorder","13":"taxable","14":"shipping-taxable","15":"purchasable","16":"product-type-simple"},"acf":[],"_links":{"self":[{"href":"https:\/\/moto-oprema.com\/hr\/wp-json\/wp\/v2\/product\/137860","targetHints":{"allow":["GET"]}}],"collection":[{"href":"https:\/\/moto-oprema.com\/hr\/wp-json\/wp\/v2\/product"}],"about":[{"href":"https:\/\/moto-oprema.com\/hr\/wp-json\/wp\/v2\/types\/product"}],"replies":[{"embeddable":true,"href":"https:\/\/moto-oprema.com\/hr\/wp-json\/wp\/v2\/comments?post=137860"}],"wp:featuredmedia":[{"embeddable":true,"href":"https:\/\/moto-oprema.com\/hr\/wp-json\/wp\/v2\/media\/12165"}],"wp:attachment":[{"href":"https:\/\/moto-oprema.com\/hr\/wp-json\/wp\/v2\/media?parent=137860"}],"wp:term":[{"taxonomy":"brand","embeddable":true,"href":"https:\/\/moto-oprema.com\/hr\/wp-json\/wp\/v2\/brand?post=137860"},{"taxonomy":"gender","embeddable":true,"href":"https:\/\/moto-oprema.com\/hr\/wp-json\/wp\/v2\/gender?post=137860"},{"taxonomy":"product_brand","embeddable":true,"href":"https:\/\/moto-oprema.com\/hr\/wp-json\/wp\/v2\/product_brand?post=137860"},{"taxonomy":"product_cat","embeddable":true,"href":"https:\/\/moto-oprema.com\/hr\/wp-json\/wp\/v2\/product_cat?post=137860"},{"taxonomy":"product_tag","embeddable":true,"href":"https:\/\/moto-oprema.com\/hr\/wp-json\/wp\/v2\/product_tag?post=137860"}],"curies":[{"name":"wp","href":"https:\/\/api.w.org\/{rel}","templated":true}]}}