{"id":137844,"date":"2020-11-19T18:03:12","date_gmt":"2020-11-19T18:03:12","guid":{"rendered":"https:\/\/moto-oprema.com\/Artikel\/scott-works-fury-naocale-6\/"},"modified":"2020-11-19T18:03:12","modified_gmt":"2020-11-19T18:03:12","slug":"scott-works-fury-naocale-6","status":"publish","type":"product","link":"https:\/\/moto-oprema.com\/hr\/Artikel\/scott-works-fury-naocale-6\/","title":{"rendered":"SCOTT WORKS FURY NAO\u010cALE"},"content":{"rendered":"<p>Fury nao\u010dale su nove MX nao\u010dale za 2020. godinu. Voza\u010du pru\u017eaju maksimalno \u0161irok pogled zbog pove\u0107ane visine za\u0161titne le\u0107e. Osim toga, le\u0107a ostaje na mjestu \u010dak i pri jakim udarcima, zahvaljuju\u0107i novom inovativnom Scott sustavu zaklju\u010davanja le\u0107a. Pri\u010dvr\u0161\u0107uju se na kacigu ekstra \u0161irokim remenom koji sprje\u010dava klizanje.   <\/p>\n<p><strong>Zna\u010dajke:<\/strong><\/p>\n<ul>\n<li>sustav zaklju\u010davanja objektiva<\/li>\n<li>dvoslojna pjena za lice<\/li>\n<li>otporna traka sa silikonom<\/li>\n<\/ul>\n<p><strong>Tehni\u010dki podaci:<\/strong><\/p>\n<ul>\n<li>Scott TruView Works objektiv<\/li>\n<li>NoFog\u2122 premaz protiv zamagljivanja<\/li>\n<\/ul>\n<p><strong>Sadr\u017eaj:<\/strong><\/p>\n<ul>\n<li>1 x Scott Fury nao\u010dale<\/li>\n<\/ul>\n","protected":false},"excerpt":{"rendered":"<p>Fury nao\u010dale su nove MX nao\u010dale za 2020. godinu. Voza\u010du pru\u017eaju maksimalno \u0161irok pogled zbog pove\u0107ane&#8230;<\/p>\n","protected":false},"featured_media":12177,"comment_status":"open","ping_status":"open","template":"","meta":{"_acf_changed":false},"brand":[3014],"gender":[2172],"product_brand":[],"product_cat":[2861,2733],"product_tag":[],"class_list":{"0":"post-137844","1":"product","2":"type-product","3":"status-publish","4":"has-post-thumbnail","6":"brand-scott-hr","7":"gender-unisex-hr","8":"product_cat-mx-naocale","9":"product_cat-oprema-za-motokros","11":"first","12":"onbackorder","13":"taxable","14":"shipping-taxable","15":"purchasable","16":"product-type-simple"},"acf":[],"_links":{"self":[{"href":"https:\/\/moto-oprema.com\/hr\/wp-json\/wp\/v2\/product\/137844","targetHints":{"allow":["GET"]}}],"collection":[{"href":"https:\/\/moto-oprema.com\/hr\/wp-json\/wp\/v2\/product"}],"about":[{"href":"https:\/\/moto-oprema.com\/hr\/wp-json\/wp\/v2\/types\/product"}],"replies":[{"embeddable":true,"href":"https:\/\/moto-oprema.com\/hr\/wp-json\/wp\/v2\/comments?post=137844"}],"wp:featuredmedia":[{"embeddable":true,"href":"https:\/\/moto-oprema.com\/hr\/wp-json\/wp\/v2\/media\/12177"}],"wp:attachment":[{"href":"https:\/\/moto-oprema.com\/hr\/wp-json\/wp\/v2\/media?parent=137844"}],"wp:term":[{"taxonomy":"brand","embeddable":true,"href":"https:\/\/moto-oprema.com\/hr\/wp-json\/wp\/v2\/brand?post=137844"},{"taxonomy":"gender","embeddable":true,"href":"https:\/\/moto-oprema.com\/hr\/wp-json\/wp\/v2\/gender?post=137844"},{"taxonomy":"product_brand","embeddable":true,"href":"https:\/\/moto-oprema.com\/hr\/wp-json\/wp\/v2\/product_brand?post=137844"},{"taxonomy":"product_cat","embeddable":true,"href":"https:\/\/moto-oprema.com\/hr\/wp-json\/wp\/v2\/product_cat?post=137844"},{"taxonomy":"product_tag","embeddable":true,"href":"https:\/\/moto-oprema.com\/hr\/wp-json\/wp\/v2\/product_tag?post=137844"}],"curies":[{"name":"wp","href":"https:\/\/api.w.org\/{rel}","templated":true}]}}