{"id":137810,"date":"2020-11-21T10:48:18","date_gmt":"2020-11-21T10:48:18","guid":{"rendered":"https:\/\/moto-oprema.com\/Artikel\/dainese-como-gore-tex-motociklisticke-rukavice\/"},"modified":"2020-11-21T10:48:18","modified_gmt":"2020-11-21T10:48:18","slug":"dainese-como-gore-tex-motociklisticke-rukavice","status":"publish","type":"product","link":"https:\/\/moto-oprema.com\/hr\/Artikel\/dainese-como-gore-tex-motociklisticke-rukavice\/","title":{"rendered":"Dainese Como Gore-Tex motociklisti\u010dke rukavice"},"content":{"rendered":"<p>Dainese Como Gore-Tex motociklisti\u010dke rukavice<\/p>\n<p>Como su savr\u0161ene gradske rukavice za sve vremenske uvjete zahvaljuju\u0107i vodootpornoj i prozra\u010dnoj Gore-Tex\u00ae membrani. Pre\u010dac pru\u017ea udobnost i prakti\u010dnost tijekom svakodnevnih putovanja. <\/p>\n<p>Zna\u010dajke:<\/p>\n<p>Dainese SmartTouch funkcija<br \/> Dainese brisa\u010d vizira na lijevom palcu<br \/> oja\u010danja za dlanove<br \/> mekani umeci na zglobovima<br \/> elasti\u010dna tkanina<br \/> neoprenska man\u017eeta<br \/> prethodno savijeni prsti<br \/> remen za zatezanje<br \/> Prijatelj od bru\u0161ene ko\u017ee<br \/> Motociklisti\u010dke rukavice, odobrene za kategoriju II &#8211; EN 13594\/2015, standard 1<br \/> prozra\u010dna i vodootporna Gore-Tex membrana<br \/> Termalna podloga Dexfil\u00ae<br \/> reflektiraju\u0107i umetci<br \/> Sadr\u017eaj: <\/p>\n<p>1 par Dainese rukavica<br \/> DODATNE INFORMACIJE O PROIZVODU<br \/> Materijal 52% najlon, 38% poliuretan, 10% poliester<\/p>\n","protected":false},"excerpt":{"rendered":"<p>Dainese Como Gore-Tex motociklisti\u010dke rukavice Como su savr\u0161ene gradske rukavice za sve vremenske uvjete zahvaljuju\u0107i vodootpornoj&#8230;<\/p>\n","protected":false},"featured_media":137818,"comment_status":"open","ping_status":"closed","template":"","meta":{"_acf_changed":false},"brand":[2800],"gender":[],"product_brand":[],"product_cat":[1356,2816],"product_tag":[],"class_list":{"0":"post-137810","1":"product","2":"type-product","3":"status-publish","4":"has-post-thumbnail","6":"brand-dainese-hr","7":"product_cat-motociklisticka-oprema","8":"product_cat-rukavice","9":"pa_velikost-st-l-hr","10":"pa_velikost-st-m-hr","11":"pa_velikost-st-s-hr","12":"pa_velikost-st-xl-hr","13":"pa_velikost-st-xxl-hr","14":"pa_velikost-st-xxxl-hr","16":"first","17":"onbackorder","18":"taxable","19":"shipping-taxable","20":"purchasable","21":"product-type-variable"},"acf":[],"_links":{"self":[{"href":"https:\/\/moto-oprema.com\/hr\/wp-json\/wp\/v2\/product\/137810","targetHints":{"allow":["GET"]}}],"collection":[{"href":"https:\/\/moto-oprema.com\/hr\/wp-json\/wp\/v2\/product"}],"about":[{"href":"https:\/\/moto-oprema.com\/hr\/wp-json\/wp\/v2\/types\/product"}],"replies":[{"embeddable":true,"href":"https:\/\/moto-oprema.com\/hr\/wp-json\/wp\/v2\/comments?post=137810"}],"wp:featuredmedia":[{"embeddable":true,"href":"https:\/\/moto-oprema.com\/hr\/wp-json\/wp\/v2\/media\/137818"}],"wp:attachment":[{"href":"https:\/\/moto-oprema.com\/hr\/wp-json\/wp\/v2\/media?parent=137810"}],"wp:term":[{"taxonomy":"brand","embeddable":true,"href":"https:\/\/moto-oprema.com\/hr\/wp-json\/wp\/v2\/brand?post=137810"},{"taxonomy":"gender","embeddable":true,"href":"https:\/\/moto-oprema.com\/hr\/wp-json\/wp\/v2\/gender?post=137810"},{"taxonomy":"product_brand","embeddable":true,"href":"https:\/\/moto-oprema.com\/hr\/wp-json\/wp\/v2\/product_brand?post=137810"},{"taxonomy":"product_cat","embeddable":true,"href":"https:\/\/moto-oprema.com\/hr\/wp-json\/wp\/v2\/product_cat?post=137810"},{"taxonomy":"product_tag","embeddable":true,"href":"https:\/\/moto-oprema.com\/hr\/wp-json\/wp\/v2\/product_tag?post=137810"}],"curies":[{"name":"wp","href":"https:\/\/api.w.org\/{rel}","templated":true}]}}