{"id":137804,"date":"2020-11-20T10:34:24","date_gmt":"2020-11-20T10:34:24","guid":{"rendered":"https:\/\/moto-oprema.com\/Artikel\/leatt-naocale-velocity-6-5-iriz-kraljevsko-plave\/"},"modified":"2020-11-20T10:34:24","modified_gmt":"2020-11-20T10:34:24","slug":"leatt-naocale-velocity-6-5-iriz-kraljevsko-plave","status":"publish","type":"product","link":"https:\/\/moto-oprema.com\/hr\/Artikel\/leatt-naocale-velocity-6-5-iriz-kraljevsko-plave\/","title":{"rendered":"LEATT NAO\u010cALE VELOCITY 6.5 IRIZ KRALJEVSKO PLAVE"},"content":{"rendered":"<p>Otporno na metke prema ANSI Z87.1-2015 i Vojnom balisti\u010dkom standardu za udar (MIL-DTL-43511D), vanjski nosa\u010d s trakom od 50 mm s protukliznim premazom, zatvorena dvostruka le\u0107a WideVision od 170\u00b0, trajna funkcija protiv zamagljivanja, dizajn le\u0107e sa samopra\u017enjenjem, jednostavna zamjena le\u0107e, okvir dvostruke tvrdo\u0107e, pogodno \u010dak i za najte\u017ee kacige, OTG &#8211; preko nao\u010dala &#8211; pogodno za nositelje nao\u010dala, troslojna pjena razli\u010ditih viskoziteta i flis zavr\u0161na obrada), spremno za otkidanje s iglama (uklju\u010duju\u0107i paket za otkidanje), uklonjivi \u0161titnik za nos, Cactus Red zrcalo 28%<\/p>\n","protected":false},"excerpt":{"rendered":"<p>kraljevsko plava UC 26%<\/p>\n","protected":false},"featured_media":12208,"comment_status":"open","ping_status":"open","template":"","meta":{"_acf_changed":false},"brand":[2744],"gender":[2172],"product_brand":[],"product_cat":[2861,2733],"product_tag":[],"class_list":{"0":"post-137804","1":"product","2":"type-product","3":"status-publish","4":"has-post-thumbnail","6":"brand-leatt-hr","7":"gender-unisex-hr","8":"product_cat-mx-naocale","9":"product_cat-oprema-za-motokros","11":"first","12":"onbackorder","13":"taxable","14":"shipping-taxable","15":"purchasable","16":"product-type-simple"},"acf":[],"_links":{"self":[{"href":"https:\/\/moto-oprema.com\/hr\/wp-json\/wp\/v2\/product\/137804","targetHints":{"allow":["GET"]}}],"collection":[{"href":"https:\/\/moto-oprema.com\/hr\/wp-json\/wp\/v2\/product"}],"about":[{"href":"https:\/\/moto-oprema.com\/hr\/wp-json\/wp\/v2\/types\/product"}],"replies":[{"embeddable":true,"href":"https:\/\/moto-oprema.com\/hr\/wp-json\/wp\/v2\/comments?post=137804"}],"wp:featuredmedia":[{"embeddable":true,"href":"https:\/\/moto-oprema.com\/hr\/wp-json\/wp\/v2\/media\/12208"}],"wp:attachment":[{"href":"https:\/\/moto-oprema.com\/hr\/wp-json\/wp\/v2\/media?parent=137804"}],"wp:term":[{"taxonomy":"brand","embeddable":true,"href":"https:\/\/moto-oprema.com\/hr\/wp-json\/wp\/v2\/brand?post=137804"},{"taxonomy":"gender","embeddable":true,"href":"https:\/\/moto-oprema.com\/hr\/wp-json\/wp\/v2\/gender?post=137804"},{"taxonomy":"product_brand","embeddable":true,"href":"https:\/\/moto-oprema.com\/hr\/wp-json\/wp\/v2\/product_brand?post=137804"},{"taxonomy":"product_cat","embeddable":true,"href":"https:\/\/moto-oprema.com\/hr\/wp-json\/wp\/v2\/product_cat?post=137804"},{"taxonomy":"product_tag","embeddable":true,"href":"https:\/\/moto-oprema.com\/hr\/wp-json\/wp\/v2\/product_tag?post=137804"}],"curies":[{"name":"wp","href":"https:\/\/api.w.org\/{rel}","templated":true}]}}