{"id":137792,"date":"2020-11-20T10:43:57","date_gmt":"2020-11-20T10:43:57","guid":{"rendered":"https:\/\/moto-oprema.com\/Artikel\/leatt-velocity-5-5-iris-naocale\/"},"modified":"2020-11-20T10:43:57","modified_gmt":"2020-11-20T10:43:57","slug":"leatt-velocity-5-5-iris-naocale","status":"publish","type":"product","link":"https:\/\/moto-oprema.com\/hr\/Artikel\/leatt-velocity-5-5-iris-naocale\/","title":{"rendered":"LEATT VELOCITY 5.5 IRIS NAO\u010cALE"},"content":{"rendered":"<p>170\u00b0 WideVision neprobojna le\u0107a prema ANSI Z87.1-2015, trajna funkcija protiv zamagljivanja, spremna za offset od 48 mm, dehidrirane le\u0107e. Oblik okvira, vanjski nosa\u010d s neklizaju\u0107im remenom od 45 mm, OTG &#8211; preko stakla &#8211; pogodno za nositelje nao\u010dala, troslojna pjena, spremno za kidanje s iglama, (uklju\u010deno u pakiranje), uklonjivi jastu\u010di\u0107 za nos, CE certifikat EN1938:2010 <\/p>\n","protected":false},"excerpt":{"rendered":"<p>crna bronca 22%<\/p>\n","protected":false},"featured_media":12218,"comment_status":"open","ping_status":"open","template":"","meta":{"_acf_changed":false},"brand":[2744],"gender":[2172],"product_brand":[],"product_cat":[2861,2733],"product_tag":[],"class_list":{"0":"post-137792","1":"product","2":"type-product","3":"status-publish","4":"has-post-thumbnail","6":"brand-leatt-hr","7":"gender-unisex-hr","8":"product_cat-mx-naocale","9":"product_cat-oprema-za-motokros","11":"first","12":"onbackorder","13":"taxable","14":"shipping-taxable","15":"purchasable","16":"product-type-simple"},"acf":[],"_links":{"self":[{"href":"https:\/\/moto-oprema.com\/hr\/wp-json\/wp\/v2\/product\/137792","targetHints":{"allow":["GET"]}}],"collection":[{"href":"https:\/\/moto-oprema.com\/hr\/wp-json\/wp\/v2\/product"}],"about":[{"href":"https:\/\/moto-oprema.com\/hr\/wp-json\/wp\/v2\/types\/product"}],"replies":[{"embeddable":true,"href":"https:\/\/moto-oprema.com\/hr\/wp-json\/wp\/v2\/comments?post=137792"}],"wp:featuredmedia":[{"embeddable":true,"href":"https:\/\/moto-oprema.com\/hr\/wp-json\/wp\/v2\/media\/12218"}],"wp:attachment":[{"href":"https:\/\/moto-oprema.com\/hr\/wp-json\/wp\/v2\/media?parent=137792"}],"wp:term":[{"taxonomy":"brand","embeddable":true,"href":"https:\/\/moto-oprema.com\/hr\/wp-json\/wp\/v2\/brand?post=137792"},{"taxonomy":"gender","embeddable":true,"href":"https:\/\/moto-oprema.com\/hr\/wp-json\/wp\/v2\/gender?post=137792"},{"taxonomy":"product_brand","embeddable":true,"href":"https:\/\/moto-oprema.com\/hr\/wp-json\/wp\/v2\/product_brand?post=137792"},{"taxonomy":"product_cat","embeddable":true,"href":"https:\/\/moto-oprema.com\/hr\/wp-json\/wp\/v2\/product_cat?post=137792"},{"taxonomy":"product_tag","embeddable":true,"href":"https:\/\/moto-oprema.com\/hr\/wp-json\/wp\/v2\/product_tag?post=137792"}],"curies":[{"name":"wp","href":"https:\/\/api.w.org\/{rel}","templated":true}]}}