{"id":137786,"date":"2021-02-15T12:56:08","date_gmt":"2021-02-15T12:56:08","guid":{"rendered":"https:\/\/moto-oprema.com\/Artikel\/spidi-traveler-3-h2out-jakna-crna-siva-zuta\/"},"modified":"2021-02-15T12:56:08","modified_gmt":"2021-02-15T12:56:08","slug":"spidi-traveler-3-h2out-jakna-crna-siva-zuta","status":"publish","type":"product","link":"https:\/\/moto-oprema.com\/hr\/Artikel\/spidi-traveler-3-h2out-jakna-crna-siva-zuta\/","title":{"rendered":"SPIDI TRAVELER 3 H2OUT JAKNA CRNA SIVA \u017dUTA"},"content":{"rendered":"<p><span class=\"VIiyi\" lang=\"sl\" xml_lang=\"sl\"><span class=\"JLqJ4b\">Jakna Spidi Traveler 3 H2Out dizajnirana je za udobnost i dodatnu izdr\u017eljivost za vo\u017enju u svim vremenskim uvjetima. Kako bi jakna bila \u0161to svestranija, ima uklonjivu termalnu podstavu od 150 g\/m\u00b2 i H2Out\u00ae membranu, \u0161to je \u010dini vodootpornom, otpornom na vjetar i prozra\u010dnom. Konstrukcija jakne izra\u0111ena je od visoko otpornog materijala s mno\u0161tvom otvora za ventilaciju i prednjim i stra\u017enjim patentnim zatvara\u010dem s ekskluzivnim Spidi Direct Air sustavom, koji u\u010dinkovito pobolj\u0161ava odvo\u0111enje vlage i udobnost vo\u017enje u najtoplijim danima u godini. Traveler 3 ima podesivi struk, podesive ruke i pazuhe po \u0161irini, \u0161to dodatno omogu\u0107uje savr\u0161eno pristajanje. Va\u017ene sigurnosne zna\u010dajke uklju\u010duju patentni zatvara\u010d za pri\u010dvr\u0161\u0107ivanje jakne na hla\u010de, uklonjive Warrior Light (En 1621-1: 2012) \u0161titnike na ramenima i laktovima te d\u017eep za \u0161titnik za le\u0111a razine 1 ili 2 (nije uklju\u010den). Posebna kombinacija 1200 i 600 poliestera i tehni\u010dki dizajn sigurnosnih podru\u010dja omogu\u0107ili su izuzetno naprednu jaknu prema zahtjevnom standardu prEN 17092-2: 2017 klase AA. Vanjskoj jakni i unutarnjoj podstavi dodani su vodootporni unutarnji d\u017eepovi za dokumente i male mobilne ure\u0111aje. Tako\u0111er 3M\u00ae Scotchlite reflektiraju\u0107a podru\u010dja koja zna\u010dajno pobolj\u0161avaju vidljivost u mraku.         <\/span><\/span><\/p>\n<p>Sastav sirovine:<\/p>\n<p>&#8211; 100% poliester<\/p>\n","protected":false},"excerpt":{"rendered":"<p>Jakna Spidi Traveler 3 H2Out dizajnirana je za udobnost i dodatnu izdr\u017eljivost za vo\u017enju u svim&#8230;<\/p>\n","protected":false},"featured_media":137793,"comment_status":"open","ping_status":"open","template":"","meta":{"_acf_changed":false},"brand":[2732],"gender":[1313],"product_brand":[],"product_cat":[2759,1356,2761],"product_tag":[],"class_list":{"0":"post-137786","1":"product","2":"type-product","3":"status-publish","4":"has-post-thumbnail","6":"brand-spidi-hr","7":"gender-moski","8":"product_cat-jakne-hr","9":"product_cat-motociklisticka-oprema","10":"product_cat-tekstilne-jakne-hr","11":"pa_size-l-hr","12":"pa_size-m-hr","13":"pa_size-xl-hr","14":"pa_size-xxl-hr","15":"pa_size-xxxl-hr","16":"pa_size-xxxxl-hr","18":"first","19":"onbackorder","20":"sale","21":"taxable","22":"shipping-taxable","23":"purchasable","24":"product-type-variable"},"acf":[],"_links":{"self":[{"href":"https:\/\/moto-oprema.com\/hr\/wp-json\/wp\/v2\/product\/137786","targetHints":{"allow":["GET"]}}],"collection":[{"href":"https:\/\/moto-oprema.com\/hr\/wp-json\/wp\/v2\/product"}],"about":[{"href":"https:\/\/moto-oprema.com\/hr\/wp-json\/wp\/v2\/types\/product"}],"replies":[{"embeddable":true,"href":"https:\/\/moto-oprema.com\/hr\/wp-json\/wp\/v2\/comments?post=137786"}],"wp:featuredmedia":[{"embeddable":true,"href":"https:\/\/moto-oprema.com\/hr\/wp-json\/wp\/v2\/media\/137793"}],"wp:attachment":[{"href":"https:\/\/moto-oprema.com\/hr\/wp-json\/wp\/v2\/media?parent=137786"}],"wp:term":[{"taxonomy":"brand","embeddable":true,"href":"https:\/\/moto-oprema.com\/hr\/wp-json\/wp\/v2\/brand?post=137786"},{"taxonomy":"gender","embeddable":true,"href":"https:\/\/moto-oprema.com\/hr\/wp-json\/wp\/v2\/gender?post=137786"},{"taxonomy":"product_brand","embeddable":true,"href":"https:\/\/moto-oprema.com\/hr\/wp-json\/wp\/v2\/product_brand?post=137786"},{"taxonomy":"product_cat","embeddable":true,"href":"https:\/\/moto-oprema.com\/hr\/wp-json\/wp\/v2\/product_cat?post=137786"},{"taxonomy":"product_tag","embeddable":true,"href":"https:\/\/moto-oprema.com\/hr\/wp-json\/wp\/v2\/product_tag?post=137786"}],"curies":[{"name":"wp","href":"https:\/\/api.w.org\/{rel}","templated":true}]}}