{"id":137753,"date":"2021-02-15T13:12:10","date_gmt":"2021-02-15T13:12:10","guid":{"rendered":"https:\/\/moto-oprema.com\/Artikel\/spidi-traveler-3-h2out-hlace-crne\/"},"modified":"2021-02-15T13:12:10","modified_gmt":"2021-02-15T13:12:10","slug":"spidi-traveler-3-h2out-hlace-crne","status":"publish","type":"product","link":"https:\/\/moto-oprema.com\/hr\/Artikel\/spidi-traveler-3-h2out-hlace-crne\/","title":{"rendered":"SPIDI TRAVELER 3 H2OUT HLA\u010cE CRNE"},"content":{"rendered":"<p><span class=\"VIiyi\" lang=\"sl\" xml_lang=\"sl\"><span class=\"JLqJ4b\"><span class=\"VIiyi\" lang=\"sl\" xml_lang=\"sl\"><span class=\"JLqJ4b\">Spidi Traveler 3, vodootporne motociklisti\u010dke tekstilne hla\u010de za sva godi\u0161nja doba, od prolje\u0107a do zime, uvijek s funkcionalno\u0161\u0107u i udobno\u0161\u0107u na umu. Uklonjiva termalna podstava (100 g\/m\u00b2) i izravni otvori za ventilaciju na bedrima \u010dine Spidi Traveler 3 hla\u010de savr\u0161enim izborom za putnike koji tra\u017ee udobne hla\u010de tijekom cijele godine. Visoko prozra\u010dan Z-Liner H2Out materijal u kombinaciji s odgovaraju\u0107om konstrukcijom podr\u017eava brzi transport vlage \u010dak i u toplijim uvjetima. Zahvaljuju\u0107i visoko otpornom 1000 poliesteru i uklonjivim Warrior \u0161titnicima na bokovima i koljenima, hla\u010de zadovoljavaju za\u0161titnu klasu AA prema EN 17092-3: 2020.     <\/span><\/span><\/span><\/span><\/p>\n<p><span class=\"VIiyi\" lang=\"sl\" xml_lang=\"sl\"><span class=\"JLqJ4b\"><span class=\"VIiyi\" lang=\"sl\" xml_lang=\"sl\"><span class=\"JLqJ4b\">2 vanjska d\u017eepa na bedrima, dugi patentni zatvara\u010di na stra\u017enjoj strani tijela i pode\u0161avanje \u0161irine bokova nude maksimalnu funkcionalnost, dok 3M\u00ae Scotchlite reflektiraju\u0107e zone reflektiraju u mraku.  <\/span><\/span><\/span><\/span><\/p>\n<p><span class=\"VIiyi\" lang=\"sl\" xml_lang=\"sl\"><span class=\"JLqJ4b\"><span class=\"VIiyi\" lang=\"sl\" xml_lang=\"sl\"><span class=\"JLqJ4b\">Zna\u010dajke:  <\/span><\/span><\/span><\/span><\/p>\n<p><span class=\"VIiyi\" lang=\"sl\" xml_lang=\"sl\"><span class=\"JLqJ4b\"><span class=\"VIiyi\" lang=\"sl\" xml_lang=\"sl\"><span class=\"JLqJ4b\">&#8211; kroj za savr\u0161eno prianjanje uz tijelo i najbolje pristajanje Warrior Lite \u0161titnicima razine 1 na koljenima i kukovima  <\/span><\/span><\/span><\/span><\/p>\n<p><span class=\"VIiyi\" lang=\"sl\" xml_lang=\"sl\"><span class=\"JLqJ4b\"><span class=\"VIiyi\" lang=\"sl\" xml_lang=\"sl\"><span class=\"JLqJ4b\">&#8211; ventilacija iza okomitih patentnih zatvara\u010da na gornjem dijelu bedara, patentni zatvara\u010d za spajanje sa svim SPIDI Adventure jaknama  <\/span><\/span><\/span><\/span><\/p>\n<p><span class=\"VIiyi\" lang=\"sl\" xml_lang=\"sl\"><span class=\"JLqJ4b\"><span class=\"VIiyi\" lang=\"sl\" xml_lang=\"sl\"><span class=\"JLqJ4b\">&#8211; ERGOFIT sustav za optimalno pode\u0161avanje \u0161irine s \u010di\u010dak trakama u stra\u017enjem pojasu 3M\u00ae Scotchlite\u00ae<\/span><\/span><\/span><\/span><\/p>\n<p><span class=\"VIiyi\" lang=\"sl\" xml_lang=\"sl\"><span class=\"JLqJ4b\"><span class=\"VIiyi\" lang=\"sl\" xml_lang=\"sl\"><span class=\"JLqJ4b\">  &#8211; najbolji materijal koji reflektira svjetlost testiran prema prEN 17092-4: 2017 klasa AA<\/span><\/span> <\/span><\/span><\/p>\n<p>Sastav sirovine:<\/p>\n<p>&#8211; 100% poliester<\/p>\n","protected":false},"excerpt":{"rendered":"<p>Spidi Traveler 3, vodootporne motociklisti\u010dke tekstilne hla\u010de za sva godi\u0161nja doba, od prolje\u0107a do zime, uvijek&#8230;<\/p>\n","protected":false},"featured_media":137769,"comment_status":"open","ping_status":"closed","template":"","meta":{"_acf_changed":false},"brand":[2732],"gender":[],"product_brand":[],"product_cat":[2832,1356],"product_tag":[],"class_list":{"0":"post-137753","1":"product","2":"type-product","3":"status-publish","4":"has-post-thumbnail","6":"brand-spidi-hr","7":"product_cat-hlace-hr","8":"product_cat-motociklisticka-oprema","9":"pa_size-l-hr","10":"pa_size-m-hr","11":"pa_size-xl-hr","12":"pa_size-xxl-hr","13":"pa_size-xxxl-hr","14":"pa_size-xxxxl-hr","16":"first","17":"onbackorder","18":"sale","19":"taxable","20":"shipping-taxable","21":"purchasable","22":"product-type-variable"},"acf":[],"_links":{"self":[{"href":"https:\/\/moto-oprema.com\/hr\/wp-json\/wp\/v2\/product\/137753","targetHints":{"allow":["GET"]}}],"collection":[{"href":"https:\/\/moto-oprema.com\/hr\/wp-json\/wp\/v2\/product"}],"about":[{"href":"https:\/\/moto-oprema.com\/hr\/wp-json\/wp\/v2\/types\/product"}],"replies":[{"embeddable":true,"href":"https:\/\/moto-oprema.com\/hr\/wp-json\/wp\/v2\/comments?post=137753"}],"wp:featuredmedia":[{"embeddable":true,"href":"https:\/\/moto-oprema.com\/hr\/wp-json\/wp\/v2\/media\/137769"}],"wp:attachment":[{"href":"https:\/\/moto-oprema.com\/hr\/wp-json\/wp\/v2\/media?parent=137753"}],"wp:term":[{"taxonomy":"brand","embeddable":true,"href":"https:\/\/moto-oprema.com\/hr\/wp-json\/wp\/v2\/brand?post=137753"},{"taxonomy":"gender","embeddable":true,"href":"https:\/\/moto-oprema.com\/hr\/wp-json\/wp\/v2\/gender?post=137753"},{"taxonomy":"product_brand","embeddable":true,"href":"https:\/\/moto-oprema.com\/hr\/wp-json\/wp\/v2\/product_brand?post=137753"},{"taxonomy":"product_cat","embeddable":true,"href":"https:\/\/moto-oprema.com\/hr\/wp-json\/wp\/v2\/product_cat?post=137753"},{"taxonomy":"product_tag","embeddable":true,"href":"https:\/\/moto-oprema.com\/hr\/wp-json\/wp\/v2\/product_tag?post=137753"}],"curies":[{"name":"wp","href":"https:\/\/api.w.org\/{rel}","templated":true}]}}