{"id":137709,"date":"2021-03-16T11:25:04","date_gmt":"2021-03-16T11:25:04","guid":{"rendered":"https:\/\/moto-oprema.com\/Artikel\/alpinestars-gp-force-chaser-2-kom-c-b\/"},"modified":"2021-03-16T11:25:04","modified_gmt":"2021-03-16T11:25:04","slug":"alpinestars-gp-force-chaser-2-kom-c-b","status":"publish","type":"product","link":"https:\/\/moto-oprema.com\/hr\/Artikel\/alpinestars-gp-force-chaser-2-kom-c-b\/","title":{"rendered":"ALPINESTARS GP FORCE CHASER 2 KOM C\/B"},"content":{"rendered":"<p>Alpinestars GP Force odijelo je vrlo svestrano i udobno. Izra\u0111eno od vrhunske ko\u017ee za maksimalnu izdr\u017eljivost i otpornost na habanje. Brojna rastezljiva podru\u010dja nude vam udobnost, \u010dak i u trka\u0107em polo\u017eaju. Izvrsna sigurnost osigurana je uz pomo\u0107 CE certificiranih \u0161titnika i vanjskih poja\u010danja na ramenima. Kliza\u010di na koljenima su zamjenjivi. Tako\u0111er je mogu\u0107e kupiti Alpinestars Nukleon \u0161titnike za razli\u010dite dijelove tijela za jo\u0161 ve\u0107u sigurnost.     <\/p>\n<p>Sastav sirovine: 100% gove\u0111a ko\u017ea<\/p>\n<p align=\"left\">\n<p>Konstrukcija:<\/p>\n<p>Vrhunska konstrukcija od ko\u017ee punog zrna debljine 1,3 mm (izuzetno izdr\u017eljiva) za vrhunsku udobnost i otpornost na habanje.<\/p>\n<p>Perforirane plo\u010de visoke gusto\u0107e strate\u0161ki su postavljene za pobolj\u0161anu ventilaciju.<\/p>\n<p>Za\u0161titne osobine<\/p>\n<p>Bio-Armor za\u0161tita na ramenima i laktovima s CE certifikatom.<\/p>\n<p>Stra\u017enji pretinac podstavljen PE pjenom, za monta\u017eu Alpinestars Nucleon \u0161titnika za le\u0111a (nije uklju\u010den).<\/p>\n<p>Prsa podstavljena polipjenastom podlogom za monta\u017eu Alpinestars Nucleon \u0161titnika za prsa (nije uklju\u010den).<\/p>\n<p>Konstrukcija koljena u vi\u0161e slojeva razvijena na stazi s uklonjivim i podesivim PU sportskim kliza\u010dima.<\/p>\n<p>Sustav spajanja s kop\u010dom omogu\u0107uje integraciju \u0161titnika za le\u0111a Nucleon razine 2 s CE certifikatom (nije uklju\u010den).<\/p>\n<p>Jednodijelni GP-R \u0161titnici za koljena, potkoljenicu i goljenicu (CE certifikat) s plutaju\u0107om konstrukcijom za svestrano i precizno pristajanje. Zamjenjivi kliza\u010di za koljena. <\/p>\n<p>Ubrizgana TPU GP LITE oja\u010danja na ramenu prekrivena ko\u017eom koja pru\u017eaju dodatnu otpornost na habanje.<\/p>\n<p>Visokou\u010dinkovito pristajanje<\/p>\n<p>Prethodno zakrivljeni rukavi i nogavice za ve\u0107u udobnost u polo\u017eaju za jahanje.<\/p>\n<p>Vi\u0161estruka konstrukcija uklju\u010duje podru\u010dja rastezljive harmonikaste poli-tkanine strate\u0161ki postavljena na le\u0111ima za ve\u0107u slobodu kretanja i rastezljive ko\u017ene harmonikaste plo\u010de na koljenima, laktovima i lumbalnom podru\u010dju za \u010dvrsto i prakti\u010dno pristajanje u raznim polo\u017eajima vo\u017enje.<\/p>\n<p>Prostrani rastezljivi paneli na rukavima, me\u0111uno\u017eju i prsima za bolje pristajanje i slobodu pokreta.<\/p>\n<p>Aerodinami\u010dka grba za pobolj\u0161anje aerodinami\u010dkih performansi i ventilacije.<\/p>\n<p>Udobna PE podstava integrirana na strate\u0161kim mjestima za ve\u0107u udobnost i za\u0161titu. Mre\u017easta podstava za vrhunsku prozra\u010dnost i udobnost. <\/p>\n<p>Ovratnik izra\u0111en od teksturirane 3D tkanine za ve\u0107u udobnost.<\/p>\n<p>Vodootporni unutarnji d\u017eep za sigurno pohranjivanje.<\/p>\n<p>Dio na listu koji se mo\u017ee pro\u0161iriti patentnim zatvara\u010dem pobolj\u0161ava raspon pristajanja i udobnosti tijekom vo\u017enje. Detalji otisnuti sprijeda. <\/p><\/p>\n","protected":false},"excerpt":{"rendered":"<p>Boja: Crno-bijela<\/p>\n","protected":false},"featured_media":12347,"comment_status":"open","ping_status":"open","template":"","meta":{"_acf_changed":false},"brand":[2748],"gender":[1313],"product_brand":[],"product_cat":[2858,1356],"product_tag":[],"class_list":{"0":"post-137709","1":"product","2":"type-product","3":"status-publish","4":"has-post-thumbnail","6":"brand-alpinestars-hr","7":"gender-moski","8":"product_cat-dvodijelni-kombinezoni","9":"product_cat-motociklisticka-oprema","10":"pa_size-48-hr","11":"pa_size-50-hr","12":"pa_size-52-hr","13":"pa_size-54-hr","14":"pa_size-56-hr","15":"pa_size-58-hr","17":"first","18":"onbackorder","19":"sale","20":"taxable","21":"shipping-taxable","22":"purchasable","23":"product-type-variable"},"acf":[],"_links":{"self":[{"href":"https:\/\/moto-oprema.com\/hr\/wp-json\/wp\/v2\/product\/137709","targetHints":{"allow":["GET"]}}],"collection":[{"href":"https:\/\/moto-oprema.com\/hr\/wp-json\/wp\/v2\/product"}],"about":[{"href":"https:\/\/moto-oprema.com\/hr\/wp-json\/wp\/v2\/types\/product"}],"replies":[{"embeddable":true,"href":"https:\/\/moto-oprema.com\/hr\/wp-json\/wp\/v2\/comments?post=137709"}],"wp:featuredmedia":[{"embeddable":true,"href":"https:\/\/moto-oprema.com\/hr\/wp-json\/wp\/v2\/media\/12347"}],"wp:attachment":[{"href":"https:\/\/moto-oprema.com\/hr\/wp-json\/wp\/v2\/media?parent=137709"}],"wp:term":[{"taxonomy":"brand","embeddable":true,"href":"https:\/\/moto-oprema.com\/hr\/wp-json\/wp\/v2\/brand?post=137709"},{"taxonomy":"gender","embeddable":true,"href":"https:\/\/moto-oprema.com\/hr\/wp-json\/wp\/v2\/gender?post=137709"},{"taxonomy":"product_brand","embeddable":true,"href":"https:\/\/moto-oprema.com\/hr\/wp-json\/wp\/v2\/product_brand?post=137709"},{"taxonomy":"product_cat","embeddable":true,"href":"https:\/\/moto-oprema.com\/hr\/wp-json\/wp\/v2\/product_cat?post=137709"},{"taxonomy":"product_tag","embeddable":true,"href":"https:\/\/moto-oprema.com\/hr\/wp-json\/wp\/v2\/product_tag?post=137709"}],"curies":[{"name":"wp","href":"https:\/\/api.w.org\/{rel}","templated":true}]}}