{"id":137695,"date":"2021-03-17T10:20:05","date_gmt":"2021-03-17T10:20:05","guid":{"rendered":"https:\/\/moto-oprema.com\/Artikel\/alpinestars-djevojcica-s-kapuljacom-banshee-crna\/"},"modified":"2021-03-17T10:20:05","modified_gmt":"2021-03-17T10:20:05","slug":"alpinestars-djevojcica-s-kapuljacom-banshee-crna","status":"publish","type":"product","link":"https:\/\/moto-oprema.com\/hr\/Artikel\/alpinestars-djevojcica-s-kapuljacom-banshee-crna\/","title":{"rendered":"ALPINESTARS DJEVOJ\u010cICA S KAPULJA\u010cOM BANSHEE CRNA"},"content":{"rendered":"<p>Alpinestars Girl Hoody Banshee je svestrana \u017eenska, tehni\u010dka urbana jakna.<\/p>\n<p>Sastav sirovine: 100% poliester<\/p>\n<div class=\"accordion-main\">\n<div class=\"product-info-accordion\" id=\"jq-product-info-accordion\">\n<div class=\"product-info-inner\">\n<div class=\"accordion-main\">\n<div class=\"product-info-accordion\">\n<div class=\"product-info-inner\">\n<div class=\"product-block-1\">\n<div class=\"accordion-block\">\n<div class=\"info-title allow active\">\n<h3>GRADNJA<\/h3>\n<\/div>\n<div class=\"info-content\">\n<p>\u2022 Anatomski profilirano za potpuno optimizirano \u017eensko pristajanje.<\/p>\n<p>\u2022 \u0160asija izra\u0111ena od vrhunskog pamuka i poliestera s elastanom za udobnost voza\u010da.<\/p>\n<p>\u2022 Rastezljiva rebrasta tkanina na ovratniku, man\u017eeti i donjem dijelu za optimalno pristajanje.<\/p>\n<p>\u2022 Kevlar\u00ae na ramenima i laktovima za visoku otpornost na habanje.<\/p>\n<\/div>\n<\/div>\n<div class=\"accordion-block\">\n<div class=\"info-title allow active\">\n<h3>KLJU\u010cNE ZNA\u010cAJKE<\/h3>\n<\/div>\n<div class=\"info-content\">\n<p>\u2022 Rastezana rebra na stra\u017enjoj man\u017eeti i donjem dijelu jakne za optimizirano pristajanje i performanse.<\/p>\n<p>\u2022 YKK patentni zatvara\u010d sprijeda sa za\u0161titom od ogrebotina za sigurno zatvaranje.<\/p>\n<p>\u2022 Elasti\u010dna om\u010da za palac osigurava da rukav ostane u ispravnom polo\u017eaju tijekom vo\u017enje.<\/p>\n<p>\u2022 Rasteznuti rebrasti ovratnik za pobolj\u0161anu udobnost voza\u010da s kop\u010danjem na gumb.<\/p>\n<p>\u2022 Reflektiraju\u0107i detalji.<\/p>\n<\/div>\n<\/div>\n<\/div>\n<div class=\"product-block-2\">\n<div class=\"accordion-block\">\n<div class=\"info-title allow active\">\n<h3>ZA\u0160TITA<\/h3>\n<\/div>\n<div class=\"info-content\">\n<p>\u2022 Prema europskom zakonodavstvu, oznaka CE je uvjet sukladnosti za stavljanje ovog proizvoda na tr\u017ei\u0161te. Za ovaj proizvod primjenjuju se sljede\u0107i standardi: <\/p>\n<p>\u2022 Uredba CE kategorije II o OZO (EU) 2016\/425 \u2013 klasa A.<\/p>\n<p>\u2022 CE razina 2 EN1621-2:2014 Alpinestars Nucleon \u0161titnik za le\u0111a, dostupan kao dodatna nadogradnja.<\/p>\n<p>\u2022 CE razina 1 EN1621-1:2012 Alpinestars Nucleon Flex Plus \u0161titnici za ramena i laktove.<\/p>\n<p>\u2022 Dva d\u017eepa za ruke s patentnim zatvara\u010dem, unutarnji vodootporni d\u017eep za dokumente i jedan unutarnji d\u017eep za sigurnu pohranu.<\/p>\n<p>\u2022 Alpinestars Level 1 Nucleon Flex Plus \u0161titnik za ramena i laktove (Nucleon \u0161titnik za le\u0111a Level 1 i Level 2 dostupan je kao dodatna nadogradnja).<\/p>\n<\/div>\n<\/div>\n<\/div>\n<\/div>\n<\/div>\n<\/div>\n<\/div>\n<\/div>\n<\/div>\n","protected":false},"excerpt":{"rendered":"<p>Alpinestars Girl Hoody Banshee je svestrana \u017eenska, tehni\u010dka urbana jakna. Sastav sirovine: 100% poliester GRADNJA \u2022&#8230;<\/p>\n","protected":false},"featured_media":12392,"comment_status":"open","ping_status":"closed","template":"","meta":{"_acf_changed":false},"brand":[2748],"gender":[1314],"product_brand":[],"product_cat":[2759,1356,2761],"product_tag":[],"class_list":{"0":"post-137695","1":"product","2":"type-product","3":"status-publish","4":"has-post-thumbnail","6":"brand-alpinestars-hr","7":"gender-zenska","8":"product_cat-jakne-hr","9":"product_cat-motociklisticka-oprema","10":"product_cat-tekstilne-jakne-hr","11":"pa_size-l-hr","12":"pa_size-m-hr","13":"pa_size-s-hr","14":"pa_size-xl-hr","15":"pa_size-xs-hr","17":"first","18":"outofstock","19":"sale","20":"taxable","21":"shipping-taxable","22":"purchasable","23":"product-type-variable"},"acf":[],"_links":{"self":[{"href":"https:\/\/moto-oprema.com\/hr\/wp-json\/wp\/v2\/product\/137695","targetHints":{"allow":["GET"]}}],"collection":[{"href":"https:\/\/moto-oprema.com\/hr\/wp-json\/wp\/v2\/product"}],"about":[{"href":"https:\/\/moto-oprema.com\/hr\/wp-json\/wp\/v2\/types\/product"}],"replies":[{"embeddable":true,"href":"https:\/\/moto-oprema.com\/hr\/wp-json\/wp\/v2\/comments?post=137695"}],"wp:featuredmedia":[{"embeddable":true,"href":"https:\/\/moto-oprema.com\/hr\/wp-json\/wp\/v2\/media\/12392"}],"wp:attachment":[{"href":"https:\/\/moto-oprema.com\/hr\/wp-json\/wp\/v2\/media?parent=137695"}],"wp:term":[{"taxonomy":"brand","embeddable":true,"href":"https:\/\/moto-oprema.com\/hr\/wp-json\/wp\/v2\/brand?post=137695"},{"taxonomy":"gender","embeddable":true,"href":"https:\/\/moto-oprema.com\/hr\/wp-json\/wp\/v2\/gender?post=137695"},{"taxonomy":"product_brand","embeddable":true,"href":"https:\/\/moto-oprema.com\/hr\/wp-json\/wp\/v2\/product_brand?post=137695"},{"taxonomy":"product_cat","embeddable":true,"href":"https:\/\/moto-oprema.com\/hr\/wp-json\/wp\/v2\/product_cat?post=137695"},{"taxonomy":"product_tag","embeddable":true,"href":"https:\/\/moto-oprema.com\/hr\/wp-json\/wp\/v2\/product_tag?post=137695"}],"curies":[{"name":"wp","href":"https:\/\/api.w.org\/{rel}","templated":true}]}}