{"id":137680,"date":"2021-03-17T10:27:08","date_gmt":"2021-03-17T10:27:08","guid":{"rendered":"https:\/\/moto-oprema.com\/Artikel\/alpinestars-smx-1-air-v2-rukavice-crne\/"},"modified":"2021-03-17T10:27:08","modified_gmt":"2021-03-17T10:27:08","slug":"alpinestars-smx-1-air-v2-rukavice-crne","status":"publish","type":"product","link":"https:\/\/moto-oprema.com\/hr\/Artikel\/alpinestars-smx-1-air-v2-rukavice-crne\/","title":{"rendered":"ALPINESTARS SMX-1 AIR V2 RUKAVICE, CRNE"},"content":{"rendered":"<p>Rukavice Alpinestars SMX-1 Air V2 imaju inovativan dizajn. Izra\u0111ene su od novih materijala, \u0161to im omogu\u0107uje postizanje najvi\u0161e razine CE certifikata. Posebno su prikladne za kori\u0161tenje u vru\u0107im ljetnim danima.  <\/p>\n<p>Zna\u010dajke:<\/p>\n<div class=\"ui-tabs-panel ui-widget-content ui-corner-bottom\" id=\"tab-product-description-original\">\n<div class=\"description\">\n<ul>\n<li>Potpuno vrhunska ko\u017ena glavna konstrukcija i mre\u017easta konstrukcija \u0161asije, plus strate\u0161ke perforirane zone i zra\u010dna mre\u017ea za pobolj\u0161anu prozra\u010dnost<\/li>\n<li>Zone od sinteti\u010dke antilope i bo\u010dno oja\u010danje za izdr\u017eljivost, dodatnu otpornost na habanje i udobnost<\/li>\n<li>Sustav za\u0161tite zglobova od tvrdog polimera za vrhunsku otpornost na udarce i habanje<\/li>\n<li>Rastezljiva zona na prstima i nadlaktici za udobnost i pobolj\u0161ani raspon pokreta ruke<\/li>\n<li>Zatvaranje na zglobu s obru\u010dem i petljom poma\u017ee u sigurnom polo\u017eaju rukavice<\/li>\n<li>Ergonomski rastezljivi umetak izme\u0111u palca i dlana nudi fleksibilnost za znatno pobolj\u0161anje pokreta ruke<\/li>\n<li>Integrirani jastu\u010di\u0107i na prstima poma\u017eu u pristajanju i udobnosti<\/li>\n<li>Napredna oja\u010danja od mje\u0161avine poliestera s pjenastim jastu\u010di\u0107ima na palcu i dlanu za vrhunsku udobnost<\/li>\n<li>Vrh prsta kompatibilan sa zaslonom osjetljivim na dodir za kori\u0161tenje sa pametnim telefonima i GPS sustavima<\/li>\n<li>Ovaj odjevni predmet ima certifikat razine 1<\/li>\n<\/ul>\n<\/div>\n<\/div>\n<p>Sastav sirovine: 75% ko\u017ea, 25% mikrovlakana<\/p>\n","protected":false},"excerpt":{"rendered":"<p>Rukavice Alpinestars SMX-2 Air Carbon V2 imaju inovativan dizajn. Izra\u0111ene su od novih materijala, \u0161to im&#8230;<\/p>\n","protected":false},"featured_media":12400,"comment_status":"open","ping_status":"open","template":"","meta":{"_acf_changed":false},"brand":[2748],"gender":[1313],"product_brand":[],"product_cat":[2835,1356,2816],"product_tag":[],"class_list":{"0":"post-137680","1":"product","2":"type-product","3":"status-publish","4":"has-post-thumbnail","6":"brand-alpinestars-hr","7":"gender-moski","8":"product_cat-kozne-rukavice","9":"product_cat-motociklisticka-oprema","10":"product_cat-rukavice","11":"pa_size-l-hr","12":"pa_size-m-hr","13":"pa_size-s-hr","14":"pa_size-xl-hr","15":"pa_size-xxl-hr","17":"first","18":"instock","19":"taxable","20":"shipping-taxable","21":"purchasable","22":"product-type-variable"},"acf":[],"_links":{"self":[{"href":"https:\/\/moto-oprema.com\/hr\/wp-json\/wp\/v2\/product\/137680","targetHints":{"allow":["GET"]}}],"collection":[{"href":"https:\/\/moto-oprema.com\/hr\/wp-json\/wp\/v2\/product"}],"about":[{"href":"https:\/\/moto-oprema.com\/hr\/wp-json\/wp\/v2\/types\/product"}],"replies":[{"embeddable":true,"href":"https:\/\/moto-oprema.com\/hr\/wp-json\/wp\/v2\/comments?post=137680"}],"wp:featuredmedia":[{"embeddable":true,"href":"https:\/\/moto-oprema.com\/hr\/wp-json\/wp\/v2\/media\/12400"}],"wp:attachment":[{"href":"https:\/\/moto-oprema.com\/hr\/wp-json\/wp\/v2\/media?parent=137680"}],"wp:term":[{"taxonomy":"brand","embeddable":true,"href":"https:\/\/moto-oprema.com\/hr\/wp-json\/wp\/v2\/brand?post=137680"},{"taxonomy":"gender","embeddable":true,"href":"https:\/\/moto-oprema.com\/hr\/wp-json\/wp\/v2\/gender?post=137680"},{"taxonomy":"product_brand","embeddable":true,"href":"https:\/\/moto-oprema.com\/hr\/wp-json\/wp\/v2\/product_brand?post=137680"},{"taxonomy":"product_cat","embeddable":true,"href":"https:\/\/moto-oprema.com\/hr\/wp-json\/wp\/v2\/product_cat?post=137680"},{"taxonomy":"product_tag","embeddable":true,"href":"https:\/\/moto-oprema.com\/hr\/wp-json\/wp\/v2\/product_tag?post=137680"}],"curies":[{"name":"wp","href":"https:\/\/api.w.org\/{rel}","templated":true}]}}