{"id":137633,"date":"2021-03-22T08:59:51","date_gmt":"2021-03-22T08:59:51","guid":{"rendered":"https:\/\/moto-oprema.com\/Artikel\/alpinestars-enduro-tech-3-crna\/"},"modified":"2021-03-22T08:59:51","modified_gmt":"2021-03-22T08:59:51","slug":"alpinestars-enduro-tech-3-crna","status":"publish","type":"product","link":"https:\/\/moto-oprema.com\/hr\/Artikel\/alpinestars-enduro-tech-3-crna\/","title":{"rendered":"ALPINESTARS ENDURO TECH 3 CRNA"},"content":{"rendered":"<p>Alpinestars Enduro Tech 3 \u010dizme dizajnirane su za sve terene i izuzetno su svestrane. Nude vrhunsku za\u0161titu za opu\u0161teniju vo\u017enju izvan ceste. Posebno dizajniran potplat pru\u017ea vam dodatno prianjanje i izdr\u017eljivost koja je potrebna voza\u010dima Enduro i ATV vozila.  <\/p>\n<p>Karakteristike: Gornji dio izra\u0111en od Action ko\u017ee za pobolj\u0161anu izdr\u017eljivost i otpornost na habanje.<br \/>\u2022 Napredni sustav zatvaranja inspiriran Tech 10 ima sna\u017ene kop\u010de od tehno-polimera za jednostavno pode\u0161avanje s preciznim, sigurnim i elegantnim pristajanjem.<br \/>\u2022 Sveobuhvatna podr\u0161ka i sigurnost ugra\u0111ena u vanjsku\/unutarnju strukturu \u010dizme minimizira lateralno savijanje i rizik od hiperekstenzije.<br \/>\u2022 Oja\u010dana ko\u017ena plo\u010da na stra\u017enjoj strani \u010dizme za dodatnu potporu i za\u0161titu.<br \/>\u2022 Posebno dizajniran potplat pru\u017ea voza\u010dima ATV-a i Enduro vozila vrhunsku izdr\u017eljivost, prianjanje, osje\u0107aj i visoku razinu strukturne krutosti.  <br \/>\u2022 Antibakterijski unutarnji potplat dizajniran za dodatnu potporu i pobolj\u0161anu udobnost.<br \/>\u2022 Ubrizgani visokomodularni PU oblikovan s profilom koji pru\u017ea visoku razinu otpornosti na udarce i habanje.  <br \/>\u2022 Vrh \u010dizme je zatvoren \u010di\u010dkom Velcro\u00ae i rastezljivom tkaninom s PVC premazom.<br \/>\u2022 Produ\u017eena za\u0161tita sprje\u010dava ulazak vode i ne\u010disto\u0107a u \u010dizmu.<br \/>\u2022 Uklonjivi anatomski ulo\u017eak pru\u017ea stopalu udobniji polo\u017eaj tijekom vo\u017enje.<br \/>\u2022 Tech 3 All Terrain \u010dizma ima CE certifikat.  <\/p>\n<p>Sastav sirovine: Akcijska ko\u017ea<\/p>\n","protected":false},"excerpt":{"rendered":"<p>Alpinestars Enduro Tech 3 \u010dizme dizajnirane su za sve terene i izuzetno su svestrane.<\/p>\n","protected":false},"featured_media":12422,"comment_status":"open","ping_status":"closed","template":"","meta":{"_acf_changed":false},"brand":[2748],"gender":[1313],"product_brand":[],"product_cat":[2900,2733],"product_tag":[],"class_list":{"0":"post-137633","1":"product","2":"type-product","3":"status-publish","4":"has-post-thumbnail","6":"brand-alpinestars-hr","7":"gender-moski","8":"product_cat-motokros-cizme","9":"product_cat-oprema-za-motokros","10":"pa_size-10445-hr","11":"pa_size-12-46-47-hr","12":"pa_size-1348-hr","13":"pa_size-639-hr","14":"pa_size-7405-hr","15":"pa_size-3035","16":"pa_size-943-hr","18":"first","19":"onbackorder","20":"sale","21":"taxable","22":"shipping-taxable","23":"purchasable","24":"product-type-variable"},"acf":[],"_links":{"self":[{"href":"https:\/\/moto-oprema.com\/hr\/wp-json\/wp\/v2\/product\/137633","targetHints":{"allow":["GET"]}}],"collection":[{"href":"https:\/\/moto-oprema.com\/hr\/wp-json\/wp\/v2\/product"}],"about":[{"href":"https:\/\/moto-oprema.com\/hr\/wp-json\/wp\/v2\/types\/product"}],"replies":[{"embeddable":true,"href":"https:\/\/moto-oprema.com\/hr\/wp-json\/wp\/v2\/comments?post=137633"}],"wp:featuredmedia":[{"embeddable":true,"href":"https:\/\/moto-oprema.com\/hr\/wp-json\/wp\/v2\/media\/12422"}],"wp:attachment":[{"href":"https:\/\/moto-oprema.com\/hr\/wp-json\/wp\/v2\/media?parent=137633"}],"wp:term":[{"taxonomy":"brand","embeddable":true,"href":"https:\/\/moto-oprema.com\/hr\/wp-json\/wp\/v2\/brand?post=137633"},{"taxonomy":"gender","embeddable":true,"href":"https:\/\/moto-oprema.com\/hr\/wp-json\/wp\/v2\/gender?post=137633"},{"taxonomy":"product_brand","embeddable":true,"href":"https:\/\/moto-oprema.com\/hr\/wp-json\/wp\/v2\/product_brand?post=137633"},{"taxonomy":"product_cat","embeddable":true,"href":"https:\/\/moto-oprema.com\/hr\/wp-json\/wp\/v2\/product_cat?post=137633"},{"taxonomy":"product_tag","embeddable":true,"href":"https:\/\/moto-oprema.com\/hr\/wp-json\/wp\/v2\/product_tag?post=137633"}],"curies":[{"name":"wp","href":"https:\/\/api.w.org\/{rel}","templated":true}]}}