{"id":137632,"date":"2021-03-24T10:12:52","date_gmt":"2021-03-24T10:12:52","guid":{"rendered":"https:\/\/moto-oprema.com\/Artikel\/fox-mtb-kratke-hlace-ranger-mat-plave\/"},"modified":"2021-03-24T10:12:52","modified_gmt":"2021-03-24T10:12:52","slug":"fox-mtb-kratke-hlace-ranger-mat-plave","status":"publish","type":"product","link":"https:\/\/moto-oprema.com\/hr\/Artikel\/fox-mtb-kratke-hlace-ranger-mat-plave\/","title":{"rendered":"FOX MTB KRATKE HLA\u010cE RANGER MAT PLAVE"},"content":{"rendered":"<p xml_lang=\"de-de\" lang=\"de-de\"><span xml_lang=\"sl-si\" lang=\"sl-si\">Fox je pobolj\u0161ao legendarne biciklisti\u010dke kratke hla\u010de Fox RANGER MTB. Hla\u010de su jo\u0161 udobnije, mek\u0161e i izdr\u017eljivije. Novo kop\u010danje u struku s podesivom FOX LINK kop\u010dom pru\u017ea vam savr\u0161eno pristajanje. Dva bo\u010dna d\u017eepa osiguravaju da su vam najva\u017enije stvari uvijek pri ruci.   <\/span><\/p>\n<p xml_lang=\"de-de\" lang=\"de-de\"><span xml_lang=\"sl-si\" lang=\"sl-si\">Zna\u010dajke:<\/span><\/p>\n<ul>\n<li style=\"margin:0px;padding:0px;\">Uklonjiva i periva podstava dvostruke gusto\u0107e<\/li>\n<li style=\"margin:0px;padding:0px;\">FOX link sustav pri\u010dvr\u0161\u0107ivanja u pojasu nudi vam izvrsno pode\u0161avanje.<\/li>\n<li style=\"margin:0px;padding:0px;\">TruDri materijal oko struka br\u017ee se su\u0161i i odvodi vlagu s tijela<\/li>\n<li style=\"margin:0px;padding:0px;\">Rastezljiv i izdr\u017eljiv RipStop materijal<\/li>\n<li style=\"margin:0px;padding:0px;\">Dvosmjerno rastezljiv materijal za maksimalnu udobnost tijekom vo\u017enje.<\/li>\n<li style=\"margin:0px;padding:0px;\">RAP (Rider Attack position) kroj za savr\u0161eno pristajanje na va\u0161 bicikl.<\/li>\n<li style=\"margin:0px;padding:0px;\">Dva prednja d\u017eepa.<\/li>\n<li style=\"margin:0px;padding:0px;\">Uklonjive unutarnje ga\u0107ice<\/li>\n<\/ul>\n<p style=\"font-style:normal;font-weight:normal;text-decoration:none;\" xml_lang=\"de-de\" lang=\"de-de\"><span style=\"color:#000000;\"><strong><span style=\"text-decoration:none;\"><span style=\"font-family:'Times New Roman', serif;\"><span style=\"font-size:medium;\"><span xml_lang=\"sl-si\" lang=\"sl-si\">Sastav sirovine:<\/span><\/span><\/span><\/span><\/strong><\/span><\/p>\n<ul>\n<li>\n<p style=\"margin-bottom:0cm;\">92% poliester, 8% elastan, podstava: 83% poliester, 17% elastan.<\/p>\n<\/li>\n<li>\n<p>Podstava: 83% poliester, 17% elastan<\/p>\n<\/li>\n<\/ul>\n<p style=\"font-style:normal;font-weight:normal;text-decoration:none;\" xml_lang=\"de-de\" lang=\"de-de\">\n","protected":false},"excerpt":{"rendered":"<p>Fox je pobolj\u0161ao legendarne biciklisti\u010dke kratke hla\u010de Fox RANGER MTB. Hla\u010de su jo\u0161 udobnije, mek\u0161e i&#8230;<\/p>\n","protected":false},"featured_media":12494,"comment_status":"open","ping_status":"closed","template":"","meta":{"_acf_changed":false},"brand":[],"gender":[1313],"product_brand":[],"product_cat":[2740,3034],"product_tag":[],"class_list":{"0":"post-137632","1":"product","2":"type-product","3":"status-publish","4":"has-post-thumbnail","6":"gender-moski","7":"product_cat-mtb-biciklisticka-oprema","8":"product_cat-mtb-hlace-hr","9":"pa_size-30-hr","10":"pa_size-32-hr","11":"pa_size-34-hr","12":"pa_size-36-hr","14":"first","15":"outofstock","16":"taxable","17":"shipping-taxable","18":"purchasable","19":"product-type-variable"},"acf":[],"_links":{"self":[{"href":"https:\/\/moto-oprema.com\/hr\/wp-json\/wp\/v2\/product\/137632","targetHints":{"allow":["GET"]}}],"collection":[{"href":"https:\/\/moto-oprema.com\/hr\/wp-json\/wp\/v2\/product"}],"about":[{"href":"https:\/\/moto-oprema.com\/hr\/wp-json\/wp\/v2\/types\/product"}],"replies":[{"embeddable":true,"href":"https:\/\/moto-oprema.com\/hr\/wp-json\/wp\/v2\/comments?post=137632"}],"wp:featuredmedia":[{"embeddable":true,"href":"https:\/\/moto-oprema.com\/hr\/wp-json\/wp\/v2\/media\/12494"}],"wp:attachment":[{"href":"https:\/\/moto-oprema.com\/hr\/wp-json\/wp\/v2\/media?parent=137632"}],"wp:term":[{"taxonomy":"brand","embeddable":true,"href":"https:\/\/moto-oprema.com\/hr\/wp-json\/wp\/v2\/brand?post=137632"},{"taxonomy":"gender","embeddable":true,"href":"https:\/\/moto-oprema.com\/hr\/wp-json\/wp\/v2\/gender?post=137632"},{"taxonomy":"product_brand","embeddable":true,"href":"https:\/\/moto-oprema.com\/hr\/wp-json\/wp\/v2\/product_brand?post=137632"},{"taxonomy":"product_cat","embeddable":true,"href":"https:\/\/moto-oprema.com\/hr\/wp-json\/wp\/v2\/product_cat?post=137632"},{"taxonomy":"product_tag","embeddable":true,"href":"https:\/\/moto-oprema.com\/hr\/wp-json\/wp\/v2\/product_tag?post=137632"}],"curies":[{"name":"wp","href":"https:\/\/api.w.org\/{rel}","templated":true}]}}