{"id":137603,"date":"2021-03-30T11:18:56","date_gmt":"2021-03-30T11:18:56","guid":{"rendered":"https:\/\/moto-oprema.com\/Artikel\/alpinestars-smx-s-crno-bijele\/"},"modified":"2021-03-30T11:18:56","modified_gmt":"2021-03-30T11:18:56","slug":"alpinestars-smx-s-crno-bijele","status":"publish","type":"product","link":"https:\/\/moto-oprema.com\/hr\/Artikel\/alpinestars-smx-s-crno-bijele\/","title":{"rendered":"ALPINESTARS SMX-S CRNO-BIJELE"},"content":{"rendered":"<p>Alpinestars SMX-S \u010dizme imaju izdr\u017eljiv gornji dio od mikrovlakana koji nudi udobnost i izvrsno pristajanje. Osim toga, pobrinuto je i za va\u0161u sigurnost. SMX-S \u010dizme imaju ergonomski oblikovani prednji dio stopala, prozra\u010dnu podstavu i ekskluzivni Alpinestars gumeni potplat za optimalnu potporu i performanse.   \u010cizme imaju CE certifikat.<\/p>\n<p>Zna\u010dajke:<\/p>\n<ul>\n<li>Gornji\u0161te od izdr\u017eljivih mikrovlakana nudi vrhunsku fleksibilnost i udobnost.<\/li>\n<li>Ergonomski novi kalup za pojednostavljenje prednjeg dijela stopala kako bi se omogu\u0107ila ve\u0107a preciznost kontrola bicikla te vrhunski, \u0161iroki profil stopala, pristajanje i udobnost.  <\/li>\n<li>Novi, ergonomski optimizirani TPU \u0161titnik za potkoljenicu preuzet je iz utrka za vrhunsku otpornost na udarce i habanje.<\/li>\n<li>Lateralna konstrukcija potpore za gle\u017eanj ubrizgana TPR-om nudi optimiziranu razinu za\u0161tite i stabilnosti.<\/li>\n<li>TPU \u0161titnici za gle\u017enjeve dvostruke gusto\u0107e nalaze se ispod gornjeg dijela s obje bo\u010dne i medijalne strane za izvrsnu sveobuhvatnu razinu za\u0161tite.<\/li>\n<li>Prozra\u010dna tekstilna unutarnja podstava ima protuklizno oja\u010danje od bru\u0161ene ko\u017ee na podru\u010dju pete.<\/li>\n<li>Integrirani, zamjenjivi dvostruko ubrizgani TPU kliza\u010d ima novi koncept jednostavnog pri\u010dvr\u0161\u0107ivanja bez vijaka za br\u017eu i lak\u0161u zamjenu.  <\/li>\n<li>Plo\u010dica mjenja\u010da izra\u0111ena od TPU-a uklju\u010duje tehni\u010dku teksturu za za\u0161titu i prianjanje.<\/li>\n<li>Sustav otvaranja\/zatvaranja s bo\u010dne strane ima elasti\u010dni patentni zatvara\u010d sa \u0161irokim \u010di\u010dak zatvara\u010dem za fleksibilnost i sigurno prianjanje. Otvor je velik radi lak\u0161eg ulaska\/izlaska. <\/li>\n<li>Unutarnja za\u0161tita prstiju je slojevita ispod gornjeg dijela za izdr\u017eljivost, pobolj\u0161ani osje\u0107aj i performanse.<\/li>\n<li>Novi, dvostruki, uklonjivi anatomski ulo\u017eak uklju\u010duje EVA i Lycru za performanse, udobnost i potporu.<\/li>\n<li>Alpinestarsov novi i ekskluzivni potplat od gume poti\u010de pobolj\u0161ani osje\u0107aj i prianjanje, raspr\u0161ivanje vode i izdr\u017eljivost.<\/li>\n<li>\u010cizma SMX-S ima CE certifikat.<\/li>\n<\/ul>\n<p>Sastav sirovine: Mikrofibra, TPU<\/p>\n","protected":false},"excerpt":{"rendered":"<p>Alpinestars SMX-S \u010dizme imaju izdr\u017eljiv gornji dio od mikrovlakana koji nudi udobnost i izvrsno pristajanje. Osim&#8230;<\/p>\n","protected":false},"featured_media":12569,"comment_status":"open","ping_status":"closed","template":"","meta":{"_acf_changed":false},"brand":[2748],"gender":[1313],"product_brand":[],"product_cat":[1356,2769,2792],"product_tag":[],"class_list":{"0":"post-137603","1":"product","2":"type-product","3":"status-publish","4":"has-post-thumbnail","6":"brand-alpinestars-hr","7":"gender-moski","8":"product_cat-motociklisticka-oprema","9":"product_cat-obuca","10":"product_cat-sportske-cipele","11":"pa_velikost-skornji-41-hr","12":"pa_velikost-skornji-42-hr","13":"pa_velikost-skornji-43-hr","14":"pa_velikost-skornji-44-hr","15":"pa_velikost-skornji-45-hr","16":"pa_velikost-skornji-46-hr","18":"first","19":"outofstock","20":"sale","21":"taxable","22":"shipping-taxable","23":"purchasable","24":"product-type-variable"},"acf":[],"_links":{"self":[{"href":"https:\/\/moto-oprema.com\/hr\/wp-json\/wp\/v2\/product\/137603","targetHints":{"allow":["GET"]}}],"collection":[{"href":"https:\/\/moto-oprema.com\/hr\/wp-json\/wp\/v2\/product"}],"about":[{"href":"https:\/\/moto-oprema.com\/hr\/wp-json\/wp\/v2\/types\/product"}],"replies":[{"embeddable":true,"href":"https:\/\/moto-oprema.com\/hr\/wp-json\/wp\/v2\/comments?post=137603"}],"wp:featuredmedia":[{"embeddable":true,"href":"https:\/\/moto-oprema.com\/hr\/wp-json\/wp\/v2\/media\/12569"}],"wp:attachment":[{"href":"https:\/\/moto-oprema.com\/hr\/wp-json\/wp\/v2\/media?parent=137603"}],"wp:term":[{"taxonomy":"brand","embeddable":true,"href":"https:\/\/moto-oprema.com\/hr\/wp-json\/wp\/v2\/brand?post=137603"},{"taxonomy":"gender","embeddable":true,"href":"https:\/\/moto-oprema.com\/hr\/wp-json\/wp\/v2\/gender?post=137603"},{"taxonomy":"product_brand","embeddable":true,"href":"https:\/\/moto-oprema.com\/hr\/wp-json\/wp\/v2\/product_brand?post=137603"},{"taxonomy":"product_cat","embeddable":true,"href":"https:\/\/moto-oprema.com\/hr\/wp-json\/wp\/v2\/product_cat?post=137603"},{"taxonomy":"product_tag","embeddable":true,"href":"https:\/\/moto-oprema.com\/hr\/wp-json\/wp\/v2\/product_tag?post=137603"}],"curies":[{"name":"wp","href":"https:\/\/api.w.org\/{rel}","templated":true}]}}