{"id":137559,"date":"2020-11-13T20:39:56","date_gmt":"2020-11-13T20:39:56","guid":{"rendered":"https:\/\/moto-oprema.com\/Artikel\/alpinestars-ast-1-v2-vodootpornice-2\/"},"modified":"2020-11-13T20:39:56","modified_gmt":"2020-11-13T20:39:56","slug":"alpinestars-ast-1-v2-vodootpornice-2","status":"publish","type":"product","link":"https:\/\/moto-oprema.com\/hr\/Artikel\/alpinestars-ast-1-v2-vodootpornice-2\/","title":{"rendered":"ALPINESTARS AST-1 V2 VODOOTPORNICE"},"content":{"rendered":"<p><span style=\"color:#252525;\"><span style=\"font-family:'Times New Roman', serif;\"><span style=\"font-size:medium;\"><span xml_lang=\"en\" lang=\"en\">Putne hla\u010de za sve vremenske uvjete s vodootpornom membranom i optimalnom za\u0161titom, prethodno oblikovane nogavice za optimalno pristajanje, 2 d\u017eepa na hla\u010dama, patentni zatvara\u010d za pri\u010dvr\u0161\u0107ivanje jakne, YKK patentni zatvara\u010d, CE certifikat II EU Uredba o za\u0161titnoj opremi 2016\/425 &#8211; Klasa A.<\/span><\/span><\/span><\/span><\/p>\n<p>Sastav sirovine:<\/p>\n<p>100% poliester<\/p>\n","protected":false},"excerpt":{"rendered":"<p>Putne hla\u010de za sve vremenske uvjete s vodootpornom membranom i optimalnom za\u0161titom, prethodno oblikovane nogavice za&#8230;<\/p>\n","protected":false},"featured_media":11654,"comment_status":"open","ping_status":"open","template":"","meta":{"_acf_changed":false},"brand":[2748],"gender":[1313],"product_brand":[],"product_cat":[2832,1356,2857],"product_tag":[],"class_list":{"0":"post-137559","1":"product","2":"type-product","3":"status-publish","4":"has-post-thumbnail","6":"brand-alpinestars-hr","7":"gender-moski","8":"product_cat-hlace-hr","9":"product_cat-motociklisticka-oprema","10":"product_cat-tekstilne-hlace-hr","11":"pa_velikost-st-l-hr","12":"pa_velikost-st-m-hr","13":"pa_velikost-st-xl-hr","15":"first","16":"onbackorder","17":"sale","18":"taxable","19":"shipping-taxable","20":"purchasable","21":"product-type-variable"},"acf":[],"_links":{"self":[{"href":"https:\/\/moto-oprema.com\/hr\/wp-json\/wp\/v2\/product\/137559","targetHints":{"allow":["GET"]}}],"collection":[{"href":"https:\/\/moto-oprema.com\/hr\/wp-json\/wp\/v2\/product"}],"about":[{"href":"https:\/\/moto-oprema.com\/hr\/wp-json\/wp\/v2\/types\/product"}],"replies":[{"embeddable":true,"href":"https:\/\/moto-oprema.com\/hr\/wp-json\/wp\/v2\/comments?post=137559"}],"wp:featuredmedia":[{"embeddable":true,"href":"https:\/\/moto-oprema.com\/hr\/wp-json\/wp\/v2\/media\/11654"}],"wp:attachment":[{"href":"https:\/\/moto-oprema.com\/hr\/wp-json\/wp\/v2\/media?parent=137559"}],"wp:term":[{"taxonomy":"brand","embeddable":true,"href":"https:\/\/moto-oprema.com\/hr\/wp-json\/wp\/v2\/brand?post=137559"},{"taxonomy":"gender","embeddable":true,"href":"https:\/\/moto-oprema.com\/hr\/wp-json\/wp\/v2\/gender?post=137559"},{"taxonomy":"product_brand","embeddable":true,"href":"https:\/\/moto-oprema.com\/hr\/wp-json\/wp\/v2\/product_brand?post=137559"},{"taxonomy":"product_cat","embeddable":true,"href":"https:\/\/moto-oprema.com\/hr\/wp-json\/wp\/v2\/product_cat?post=137559"},{"taxonomy":"product_tag","embeddable":true,"href":"https:\/\/moto-oprema.com\/hr\/wp-json\/wp\/v2\/product_tag?post=137559"}],"curies":[{"name":"wp","href":"https:\/\/api.w.org\/{rel}","templated":true}]}}