{"id":137516,"date":"2021-03-30T10:31:15","date_gmt":"2021-03-30T10:31:15","guid":{"rendered":"https:\/\/moto-oprema.com\/Artikel\/red-bull-spect-strive-mx-naocale-mat-tamno-plave\/"},"modified":"2021-03-30T10:31:15","modified_gmt":"2021-03-30T10:31:15","slug":"red-bull-spect-strive-mx-naocale-mat-tamno-plave","status":"publish","type":"product","link":"https:\/\/moto-oprema.com\/hr\/Artikel\/red-bull-spect-strive-mx-naocale-mat-tamno-plave\/","title":{"rendered":"RED BULL SPECT STRIVE MX NAO\u010cALE MAT TAMNO PLAVE"},"content":{"rendered":"<p><span style=\"font-family:arial, helvetica, sans-serif;font-size:small\"><span class=\"VIiyi\" xml_lang=\"sl\" lang=\"sl\"><span class=\"JLqJ4b ChMk0b\"><span>Le\u0107a je izra\u0111ena od polikarbonata otpornog na udarce s novo razvijenom &#8220;BOOST&#8221; tehnologijom za pobolj\u0161ani kontrast i smanjenje odsjaja.<\/span><\/span> <span class=\"JLqJ4b ChMk0b\"><span>Okvir je izra\u0111en od TPU materijala, plastika ostaje mekana na bilo kojoj temperaturi okoline i savr\u0161eno se prilago\u0111ava licu bez stvaranja zra\u010dnog prostora.<\/span><\/span> <span class=\"JLqJ4b ChMk0b\"><span>Dvostruko ostakljenje je laminirano za optimalnu vidljivost.<\/span><\/span> <span class=\"JLqJ4b ChMk0b\"><span>Zbog tankog okvira, Strive nao\u010dale nude 15% ve\u0107e vidno polje od drugih proizvo\u0111a\u010da nao\u010dala.<\/span><\/span> <span class=\"JLqJ4b ChMk0b\"><span>Ventilacija je prekrivena PU pjenom, \u0161to osigurava dovoljnu ventilaciju i \u0161titi nao\u010dale od vlage ili prljav\u0161tine.<\/span><\/span> <span class=\"JLqJ4b ChMk0b\"><span>Unutarnja le\u0107a s ultra-zamagljivanjem otporna je na zamagljivanje 180 sekundi, \u0161to je 6 puta vi\u0161e od potrebnih 30 sekundi. Pjena se sastoji od 4 sloja s uklonjivom \u010di\u010dak funkcijom. <\/span><\/span> <span class=\"JLqJ4b ChMk0b\"><span>Osigurava jednostavnu zamjenu prljave ili o\u0161te\u0107ene pjene.<\/span><\/span><\/span>   <\/span><\/p>\n","protected":false},"excerpt":{"rendered":"<p>Le\u0107a je izra\u0111ena od polikarbonata otpornog na udarce s novo razvijenom &#8220;BOOST&#8221; tehnologijom za pobolj\u0161ani kontrast&#8230;<\/p>\n","protected":false},"featured_media":12542,"comment_status":"open","ping_status":"open","template":"","meta":{"_acf_changed":false},"brand":[2936],"gender":[2172],"product_brand":[],"product_cat":[2861,2733],"product_tag":[],"class_list":{"0":"post-137516","1":"product","2":"type-product","3":"status-publish","4":"has-post-thumbnail","6":"brand-red-bull-hr","7":"gender-unisex-hr","8":"product_cat-mx-naocale","9":"product_cat-oprema-za-motokros","11":"first","12":"instock","13":"taxable","14":"shipping-taxable","15":"purchasable","16":"product-type-simple"},"acf":[],"_links":{"self":[{"href":"https:\/\/moto-oprema.com\/hr\/wp-json\/wp\/v2\/product\/137516","targetHints":{"allow":["GET"]}}],"collection":[{"href":"https:\/\/moto-oprema.com\/hr\/wp-json\/wp\/v2\/product"}],"about":[{"href":"https:\/\/moto-oprema.com\/hr\/wp-json\/wp\/v2\/types\/product"}],"replies":[{"embeddable":true,"href":"https:\/\/moto-oprema.com\/hr\/wp-json\/wp\/v2\/comments?post=137516"}],"wp:featuredmedia":[{"embeddable":true,"href":"https:\/\/moto-oprema.com\/hr\/wp-json\/wp\/v2\/media\/12542"}],"wp:attachment":[{"href":"https:\/\/moto-oprema.com\/hr\/wp-json\/wp\/v2\/media?parent=137516"}],"wp:term":[{"taxonomy":"brand","embeddable":true,"href":"https:\/\/moto-oprema.com\/hr\/wp-json\/wp\/v2\/brand?post=137516"},{"taxonomy":"gender","embeddable":true,"href":"https:\/\/moto-oprema.com\/hr\/wp-json\/wp\/v2\/gender?post=137516"},{"taxonomy":"product_brand","embeddable":true,"href":"https:\/\/moto-oprema.com\/hr\/wp-json\/wp\/v2\/product_brand?post=137516"},{"taxonomy":"product_cat","embeddable":true,"href":"https:\/\/moto-oprema.com\/hr\/wp-json\/wp\/v2\/product_cat?post=137516"},{"taxonomy":"product_tag","embeddable":true,"href":"https:\/\/moto-oprema.com\/hr\/wp-json\/wp\/v2\/product_tag?post=137516"}],"curies":[{"name":"wp","href":"https:\/\/api.w.org\/{rel}","templated":true}]}}