{"id":137369,"date":"2020-02-12T09:16:42","date_gmt":"2020-02-12T09:16:42","guid":{"rendered":"https:\/\/moto-oprema.com\/Artikel\/dainese-impeto-rukavice-b-b\/"},"modified":"2020-02-12T09:16:42","modified_gmt":"2020-02-12T09:16:42","slug":"dainese-impeto-rukavice-b-b","status":"publish","type":"product","link":"https:\/\/moto-oprema.com\/hr\/Artikel\/dainese-impeto-rukavice-b-b\/","title":{"rendered":"DAINESE IMPETO RUKAVICE B\/B"},"content":{"rendered":"<p>Dainese Impeto rukavice idealna su kombinacija za\u0161tite i udobnosti. Razvijene za sportske voza\u010de. Dodatna za\u0161tita u podru\u010dju zglobova. Izra\u0111ene od mekane ko\u017ee.   <\/p>\n<p>Sastav sirovine: 75% ko\u017ea, 25% elastan<\/p>\n<p>Zna\u010dajke:<\/p>\n<div class=\"ui-tabs-panel ui-widget-content ui-corner-bottom\" id=\"tab-product-description\">\n<div class=\"description\">\n<div class=\"tabs-informations\">\n<div class=\"tabs-informations\">\n<p><strong><span style=\"font-size:12px;\">Zna\u010dajke:<\/span><\/strong><\/p>\n<ul>\n<li>mekani umetci<\/li>\n<li>podesivi remen za man\u017eetu<\/li>\n<li>elasti\u010dni umetak na vanjskoj strani palca<\/li>\n<li>elasti\u010dni umetci<\/li>\n<li>prethodno zakrivljeni prsti<\/li>\n<li>remen za zatezanje<\/li>\n<li>kozja ko\u017ea<\/li>\n<li>Motociklisti\u010dke rukavice odobrene prema normi kategorije II &#8211; EN 13594-2015, razina 1 <\/li>\n<li>umetci od poliuretana na zglobovima<\/li>\n<li>dlan od oja\u010dane kozje ko\u017ee<\/li>\n<\/ul>\n<\/div>\n<\/div>\n<\/div>\n<\/div>\n","protected":false},"excerpt":{"rendered":"<p>Dainese Impeto rukavice idealna su kombinacija za\u0161tite i udobnosti.<\/p>\n","protected":false},"featured_media":8128,"comment_status":"open","ping_status":"closed","template":"","meta":{"_acf_changed":false},"brand":[2800],"gender":[1313],"product_brand":[],"product_cat":[2835,1356,2816],"product_tag":[],"class_list":{"0":"post-137369","1":"product","2":"type-product","3":"status-publish","4":"has-post-thumbnail","6":"brand-dainese-hr","7":"gender-moski","8":"product_cat-kozne-rukavice","9":"product_cat-motociklisticka-oprema","10":"product_cat-rukavice","11":"pa_size-l-hr","12":"pa_size-m-hr","13":"pa_size-s-hr","14":"pa_size-xl-hr","15":"pa_size-xs-hr","16":"pa_size-xxl-hr","17":"pa_size-xxs-hr","19":"first","20":"outofstock","21":"taxable","22":"shipping-taxable","23":"purchasable","24":"product-type-variable"},"acf":[],"_links":{"self":[{"href":"https:\/\/moto-oprema.com\/hr\/wp-json\/wp\/v2\/product\/137369","targetHints":{"allow":["GET"]}}],"collection":[{"href":"https:\/\/moto-oprema.com\/hr\/wp-json\/wp\/v2\/product"}],"about":[{"href":"https:\/\/moto-oprema.com\/hr\/wp-json\/wp\/v2\/types\/product"}],"replies":[{"embeddable":true,"href":"https:\/\/moto-oprema.com\/hr\/wp-json\/wp\/v2\/comments?post=137369"}],"wp:featuredmedia":[{"embeddable":true,"href":"https:\/\/moto-oprema.com\/hr\/wp-json\/wp\/v2\/media\/8128"}],"wp:attachment":[{"href":"https:\/\/moto-oprema.com\/hr\/wp-json\/wp\/v2\/media?parent=137369"}],"wp:term":[{"taxonomy":"brand","embeddable":true,"href":"https:\/\/moto-oprema.com\/hr\/wp-json\/wp\/v2\/brand?post=137369"},{"taxonomy":"gender","embeddable":true,"href":"https:\/\/moto-oprema.com\/hr\/wp-json\/wp\/v2\/gender?post=137369"},{"taxonomy":"product_brand","embeddable":true,"href":"https:\/\/moto-oprema.com\/hr\/wp-json\/wp\/v2\/product_brand?post=137369"},{"taxonomy":"product_cat","embeddable":true,"href":"https:\/\/moto-oprema.com\/hr\/wp-json\/wp\/v2\/product_cat?post=137369"},{"taxonomy":"product_tag","embeddable":true,"href":"https:\/\/moto-oprema.com\/hr\/wp-json\/wp\/v2\/product_tag?post=137369"}],"curies":[{"name":"wp","href":"https:\/\/api.w.org\/{rel}","templated":true}]}}