{"id":137368,"date":"2020-01-21T04:26:23","date_gmt":"2020-01-21T04:26:23","guid":{"rendered":"https:\/\/moto-oprema.com\/Artikel\/motul-p2-sredstvo-za-ciscenje-kocnica-04-l\/"},"modified":"2020-01-21T04:26:23","modified_gmt":"2020-01-21T04:26:23","slug":"motul-p2-sredstvo-za-ciscenje-kocnica-04-l","status":"publish","type":"product","link":"https:\/\/moto-oprema.com\/hr\/Artikel\/motul-p2-sredstvo-za-ciscenje-kocnica-04-l\/","title":{"rendered":"MOTUL P2 SREDSTVO ZA \u010cI\u0160\u0106ENJE KO\u010cNICA 0,4 L"},"content":{"rendered":"<p><img loading=\"lazy\" decoding=\"async\" src=\"https:\/\/www.moto-oprema.com\/img\/cms\/MOTUL\/P2.JPG\" alt=\"\" width=\"309\" height=\"82\"><\/p>\n","protected":false},"excerpt":{"rendered":"<p>Motul P2 &#8211; Vrlo sna\u017eno sredstvo za odma\u0161\u0107ivanje ko\u010dionih diskova i bubnjeva, spojki, svje\u0107ica. U\u010dinkovito uklanja&#8230;<\/p>\n","protected":false},"featured_media":7276,"comment_status":"open","ping_status":"closed","template":"","meta":{"_acf_changed":false},"brand":[3012],"gender":[],"product_brand":[],"product_cat":[1356,2729,2982],"product_tag":[],"class_list":{"0":"post-137368","1":"product","2":"type-product","3":"status-publish","4":"has-post-thumbnail","6":"brand-motul-hr","7":"product_cat-motociklisticka-oprema","8":"product_cat-pribor","9":"product_cat-ulja-i-sredstva-za-ciscenje","11":"first","12":"instock","13":"taxable","14":"shipping-taxable","15":"purchasable","16":"product-type-simple"},"acf":[],"_links":{"self":[{"href":"https:\/\/moto-oprema.com\/hr\/wp-json\/wp\/v2\/product\/137368","targetHints":{"allow":["GET"]}}],"collection":[{"href":"https:\/\/moto-oprema.com\/hr\/wp-json\/wp\/v2\/product"}],"about":[{"href":"https:\/\/moto-oprema.com\/hr\/wp-json\/wp\/v2\/types\/product"}],"replies":[{"embeddable":true,"href":"https:\/\/moto-oprema.com\/hr\/wp-json\/wp\/v2\/comments?post=137368"}],"wp:featuredmedia":[{"embeddable":true,"href":"https:\/\/moto-oprema.com\/hr\/wp-json\/wp\/v2\/media\/7276"}],"wp:attachment":[{"href":"https:\/\/moto-oprema.com\/hr\/wp-json\/wp\/v2\/media?parent=137368"}],"wp:term":[{"taxonomy":"brand","embeddable":true,"href":"https:\/\/moto-oprema.com\/hr\/wp-json\/wp\/v2\/brand?post=137368"},{"taxonomy":"gender","embeddable":true,"href":"https:\/\/moto-oprema.com\/hr\/wp-json\/wp\/v2\/gender?post=137368"},{"taxonomy":"product_brand","embeddable":true,"href":"https:\/\/moto-oprema.com\/hr\/wp-json\/wp\/v2\/product_brand?post=137368"},{"taxonomy":"product_cat","embeddable":true,"href":"https:\/\/moto-oprema.com\/hr\/wp-json\/wp\/v2\/product_cat?post=137368"},{"taxonomy":"product_tag","embeddable":true,"href":"https:\/\/moto-oprema.com\/hr\/wp-json\/wp\/v2\/product_tag?post=137368"}],"curies":[{"name":"wp","href":"https:\/\/api.w.org\/{rel}","templated":true}]}}