{"id":137336,"date":"2020-02-20T11:10:27","date_gmt":"2020-02-20T11:10:27","guid":{"rendered":"https:\/\/moto-oprema.com\/Artikel\/cizme-alpinestars-tech-7-enduro-drystar\/"},"modified":"2020-02-20T11:10:27","modified_gmt":"2020-02-20T11:10:27","slug":"cizme-alpinestars-tech-7-enduro-drystar","status":"publish","type":"product","link":"https:\/\/moto-oprema.com\/hr\/Artikel\/cizme-alpinestars-tech-7-enduro-drystar\/","title":{"rendered":"\u010cizme ALPINESTARS TECH 7 ENDURO Drystar\u00ae"},"content":{"rendered":"<div id=\"tab-product-description\" class=\"ui-tabs-panel ui-widget-content ui-corner-bottom\">\n<div class=\"description\"><span style=\"font-family:arial, helvetica, sans-serif;font-size:small;\"><\/span><\/p>\n<div class=\"description\"><\/div>\n<p><span style=\"font-size:small;\"><span style=\"font-size:small;\"><span style=\"font-family:arial, helvetica, sans-serif;\"><\/span><\/span><\/span><\/p>\n<div class=\"tw-ta-container tw-nfl\" id=\"tw-target-text-container\">\n<p class=\"tw-data-text tw-text-large tw-ta\" id=\"tw-target-text\" style=\"text-align:left;\" dir=\"ltr\"><span xml_lang=\"sl\" lang=\"sl\">Apsolutno vrhunski model enduro \u010dizama s vodootpornom Drystar membranom.  <br \/><\/span><\/p>\n<p class=\"tw-data-text tw-text-large tw-ta\" style=\"text-align:left;\" dir=\"ltr\"><span xml_lang=\"sl\" lang=\"sl\">Vrhunski materijali i tehnologija za potpuno novi dizajn \u010dizme. CE certificirani sustav kop\u010danja za jednostavno i besprijekorno zatvaranje. Dvokomponentna \u0161koljka, \u010deli\u010dni potkoljenica. Gornji\u0161te od mikrovlakana, s dodatnim PU oja\u010danjem. Sustav za\u0161tite gle\u017enja s biomehani\u010dkom vezom izme\u0111u srednjeg i donjeg dijela \u010dizme. Zamjenjivi potplat i stopalo.       <\/span><\/p>\n<p class=\"tw-data-text tw-text-large tw-ta\" style=\"text-align:left;\" dir=\"ltr\"><span xml_lang=\"sl\" lang=\"sl\">Sportske enduro \u010dizme s optimalnom za\u0161titom!<\/span><\/p>\n<\/div>\n<div class=\"tw-ta-container tw-nfl\" id=\"z6maec\"><\/div>\n<p><strong><span style=\"font-size:small;\"><span style=\"font-family:arial, helvetica, sans-serif;\"><\/span><\/span><\/strong><span style=\"font-family:arial, helvetica, sans-serif;font-size:small;\"><strong>Sastav sirovine:<\/strong><br \/> &#8211; Gornji\u0161te: ko\u017ea i drugi materijal<br \/> &#8211; Podstava i ulo\u017eak: tekstilni materijal<br \/> &#8211; Potplat: guma  <\/span><\/p>\n<p><strong>Zna\u010dajke:<\/strong><\/p>\n<ul>\n<li>Vodootporna Drystar\u00ae membrana za dokazanu otpornost na vremenske uvjete i prozra\u010dnost.<\/li>\n<li>Gornji dio izra\u0111en od laganih, inovativnih mikrovlakana koja su fleksibilna i otporna na habanje.<\/li>\n<li>Gornji materijal je oja\u010dan PU-om za visoku razinu vodootpornosti i izdr\u017eljivosti te pobolj\u0161ane performanse u\u0161tede te\u017eine.<\/li>\n<li>Inovativna, evolucijska konstrukcija TPU plo\u010de za potkoljenicu za ve\u0107i raspon pristajanja ima oja\u010dano zatvaranje s \u010di\u010dkom za udobno i visoko prilago\u0111eno zatvaranje.<\/li>\n<li>Posebno dizajniran potplat pru\u017ea Enduro voza\u010dima vrhunsku izdr\u017eljivost, prianjanje, osje\u0107aj i visoku razinu strukturne krutosti.<\/li>\n<li>\u0160iroki otvor za prakti\u010dnost s gornjim zatvara\u010dem od \u010di\u010dka i TPR preklopa koji omogu\u0107uje \u0161irok raspon pode\u0161avanja i potpore lista.<\/li>\n<li>Medijalno okrenuto podru\u010dje izra\u0111eno od jednodijelne TPU plo\u010de s oblikom sa\u0107a za maksimalno prianjanje i kontakt s biciklom te pobolj\u0161anu otpornost na toplinu i habanje.<\/li>\n<li>Gornja stra\u017enja fleksija \u010dizme podr\u017eana je oko lista inovativnim TPU sustavom kliznih lopatica koji rasipa trenje.<\/li>\n<li>Ergonomski sustav kop\u010de nudi sigurno i visoko personalizirano zatvaranje.<\/li>\n<li>Inovativna TPU lateralna za\u0161tita gle\u017enja pru\u017ea biomehani\u010dku vezu izme\u0111u srednjeg i donjeg lateralnog dijela \u010dizme. Zone fleksibilnosti u podru\u010dju risa i Ahilove tetive konstruirane su za vrhunsku kontrolu i potporu. <\/li>\n<li>Donja TPU \u0161koljka oja\u010dana je metalnim dr\u0161kom i uklju\u010duje oja\u010danje za prste za otpornost na udarce i habanje.<\/li>\n<li>Pro\u0161irena mikrovlaknasta za\u0161tita sprje\u010dava ulazak vode i prljav\u0161tine.<\/li>\n<li>Novi sustav zatvaranja uklju\u010duje polimerne kop\u010de i aluminijski okvir s inovativnim samopode\u0161avaju\u0107im zatvara\u010dima za brzo otpu\u0161tanje za prilago\u0111eno i sigurno pri\u010dvr\u0161\u0107ivanje.<\/li>\n<li>Sve kop\u010de se lako mogu zamijeniti.<\/li>\n<li>Drystar\u00ae membrana suptilno ugra\u0111ena u \u0161asiju za 100%-tnu za\u0161titu od prodiranja vlage.<\/li>\n<li>Mekana polipjena okru\u017euje gle\u017enjeve i ovratnik kako bi pru\u017eila udobnost i apsorpciju udaraca.<\/li>\n<li>Uklonjivi anatomski ulo\u017eak.<\/li>\n<li>Ekskluzivni vanjski potplat od gume dvostruke gusto\u0107e visokog prianjanja.<\/li>\n<li>Potplat i oslonac za noge su zamjenjivi.<\/li>\n<li>Vi\u0161e sredi\u0161nje podru\u010dje ima gumenu zakrpu s oblikom sa\u0107a za maksimalno prianjanje i kontakt s biciklom te pobolj\u0161anu otpornost na toplinu i habanje.<\/li>\n<li>EN 13634:2017 (za\u0161tita od znojenja stopala za motocikliste).<\/li>\n<\/ul>\n<\/div>\n<\/div>\n","protected":false},"excerpt":{"rendered":"<p>Apsolutno vrhunski model enduro \u010dizama s vodootpornom Drystar membranom. Vrhunski materijali i tehnologija za potpuno novi&#8230;<\/p>\n","protected":false},"featured_media":8283,"comment_status":"open","ping_status":"closed","template":"","meta":{"_acf_changed":false},"brand":[2748],"gender":[1313],"product_brand":[],"product_cat":[1356,2900,2733],"product_tag":[],"class_list":{"0":"post-137336","1":"product","2":"type-product","3":"status-publish","4":"has-post-thumbnail","6":"brand-alpinestars-hr","7":"gender-moski","8":"product_cat-motociklisticka-oprema","9":"product_cat-motokros-cizme","10":"product_cat-oprema-za-motokros","11":"pa_size-10445-hr","12":"pa_size-11455-hr","13":"pa_size-12-46-47-hr","14":"pa_size-842-hr","15":"pa_size-943-hr","17":"first","18":"outofstock","19":"sale","20":"taxable","21":"shipping-taxable","22":"purchasable","23":"product-type-variable"},"acf":[],"_links":{"self":[{"href":"https:\/\/moto-oprema.com\/hr\/wp-json\/wp\/v2\/product\/137336","targetHints":{"allow":["GET"]}}],"collection":[{"href":"https:\/\/moto-oprema.com\/hr\/wp-json\/wp\/v2\/product"}],"about":[{"href":"https:\/\/moto-oprema.com\/hr\/wp-json\/wp\/v2\/types\/product"}],"replies":[{"embeddable":true,"href":"https:\/\/moto-oprema.com\/hr\/wp-json\/wp\/v2\/comments?post=137336"}],"wp:featuredmedia":[{"embeddable":true,"href":"https:\/\/moto-oprema.com\/hr\/wp-json\/wp\/v2\/media\/8283"}],"wp:attachment":[{"href":"https:\/\/moto-oprema.com\/hr\/wp-json\/wp\/v2\/media?parent=137336"}],"wp:term":[{"taxonomy":"brand","embeddable":true,"href":"https:\/\/moto-oprema.com\/hr\/wp-json\/wp\/v2\/brand?post=137336"},{"taxonomy":"gender","embeddable":true,"href":"https:\/\/moto-oprema.com\/hr\/wp-json\/wp\/v2\/gender?post=137336"},{"taxonomy":"product_brand","embeddable":true,"href":"https:\/\/moto-oprema.com\/hr\/wp-json\/wp\/v2\/product_brand?post=137336"},{"taxonomy":"product_cat","embeddable":true,"href":"https:\/\/moto-oprema.com\/hr\/wp-json\/wp\/v2\/product_cat?post=137336"},{"taxonomy":"product_tag","embeddable":true,"href":"https:\/\/moto-oprema.com\/hr\/wp-json\/wp\/v2\/product_tag?post=137336"}],"curies":[{"name":"wp","href":"https:\/\/api.w.org\/{rel}","templated":true}]}}