{"id":137213,"date":"2020-01-21T04:06:27","date_gmt":"2020-01-21T04:06:27","guid":{"rendered":"https:\/\/moto-oprema.com\/Artikel\/motul-m1-sredstvo-za-ciscenje-kamera-i-vizira-025-l\/"},"modified":"2020-01-21T04:06:27","modified_gmt":"2020-01-21T04:06:27","slug":"motul-m1-sredstvo-za-ciscenje-kamera-i-vizira-025-l","status":"publish","type":"product","link":"https:\/\/moto-oprema.com\/hr\/Artikel\/motul-m1-sredstvo-za-ciscenje-kamera-i-vizira-025-l\/","title":{"rendered":"MOTUL M1 SREDSTVO ZA \u010cI\u0160\u0106ENJE KAMERA I VIZIRA 0,25 L"},"content":{"rendered":"<p><img loading=\"lazy\" decoding=\"async\" src=\"https:\/\/www.moto-oprema.com\/img\/cms\/MOTUL\/M1.JPG\" alt=\"\" width=\"321\" height=\"84\"><\/p>\n","protected":false},"excerpt":{"rendered":"<p>Motul M1 &#8211; \u010disti vanjski dio kacige i njezinog vizira bez ostavljanja tragova. U\u010dinkovit protiv insekata&#8230;.<\/p>\n","protected":false},"featured_media":7264,"comment_status":"open","ping_status":"closed","template":"","meta":{"_acf_changed":false},"brand":[3012],"gender":[],"product_brand":[],"product_cat":[1356,2729,2982],"product_tag":[],"class_list":{"0":"post-137213","1":"product","2":"type-product","3":"status-publish","4":"has-post-thumbnail","6":"brand-motul-hr","7":"product_cat-motociklisticka-oprema","8":"product_cat-pribor","9":"product_cat-ulja-i-sredstva-za-ciscenje","11":"first","12":"instock","13":"taxable","14":"shipping-taxable","15":"purchasable","16":"product-type-simple"},"acf":[],"_links":{"self":[{"href":"https:\/\/moto-oprema.com\/hr\/wp-json\/wp\/v2\/product\/137213","targetHints":{"allow":["GET"]}}],"collection":[{"href":"https:\/\/moto-oprema.com\/hr\/wp-json\/wp\/v2\/product"}],"about":[{"href":"https:\/\/moto-oprema.com\/hr\/wp-json\/wp\/v2\/types\/product"}],"replies":[{"embeddable":true,"href":"https:\/\/moto-oprema.com\/hr\/wp-json\/wp\/v2\/comments?post=137213"}],"wp:featuredmedia":[{"embeddable":true,"href":"https:\/\/moto-oprema.com\/hr\/wp-json\/wp\/v2\/media\/7264"}],"wp:attachment":[{"href":"https:\/\/moto-oprema.com\/hr\/wp-json\/wp\/v2\/media?parent=137213"}],"wp:term":[{"taxonomy":"brand","embeddable":true,"href":"https:\/\/moto-oprema.com\/hr\/wp-json\/wp\/v2\/brand?post=137213"},{"taxonomy":"gender","embeddable":true,"href":"https:\/\/moto-oprema.com\/hr\/wp-json\/wp\/v2\/gender?post=137213"},{"taxonomy":"product_brand","embeddable":true,"href":"https:\/\/moto-oprema.com\/hr\/wp-json\/wp\/v2\/product_brand?post=137213"},{"taxonomy":"product_cat","embeddable":true,"href":"https:\/\/moto-oprema.com\/hr\/wp-json\/wp\/v2\/product_cat?post=137213"},{"taxonomy":"product_tag","embeddable":true,"href":"https:\/\/moto-oprema.com\/hr\/wp-json\/wp\/v2\/product_tag?post=137213"}],"curies":[{"name":"wp","href":"https:\/\/api.w.org\/{rel}","templated":true}]}}