{"id":137202,"date":"2020-02-03T12:30:58","date_gmt":"2020-02-03T12:30:58","guid":{"rendered":"https:\/\/moto-oprema.com\/Artikel\/spidi-kozno-odijelo-za-trening-wind-replica-evo-plavo\/"},"modified":"2020-02-03T12:30:58","modified_gmt":"2020-02-03T12:30:58","slug":"spidi-kozno-odijelo-za-trening-wind-replica-evo-plavo","status":"publish","type":"product","link":"https:\/\/moto-oprema.com\/hr\/Artikel\/spidi-kozno-odijelo-za-trening-wind-replica-evo-plavo\/","title":{"rendered":"SPIDI KO\u017dNO ODIJELO ZA TRENING WIND REPLICA EVO PLAVO"},"content":{"rendered":"<div class=\"tw-ta-container tw-nfl\" id=\"tw-target-text-container\">\n<p class=\"tw-data-text tw-text-large tw-ta\" id=\"tw-target-text\" style=\"text-align:left\" dir=\"ltr\"><span xml_lang=\"sl\" lang=\"sl\">Spidi je prva tvrtka koja je predstavila revolucionarni uklonjivi i podesivi kliza\u010d za laktove, ultimativni razvoj Spidijeve patentirane Warrior tehnologije. Track Replica EVO izra\u0111en je od visokokvalitetne talijanske kravlje ko\u017ee debljine 1,2\/1,3 mm, u kombinaciji s rastezljivim materijalima i neoprenskim umetcima za ve\u0107u udobnost. \u0160titnici tako\u0111er uklju\u010duju podesivi dio za koljena, CE Multitech. Track Wind Pro dostupan je sa stra\u017enjim d\u017eepom spremnim za upotrebu \u0161titnika za le\u0111a i prsa.     <\/span><\/p>\n<p class=\"tw-data-text tw-text-large tw-ta\" style=\"text-align:left\" dir=\"ltr\"><span xml_lang=\"sl\" lang=\"sl\">Tehni\u010dke karakteristike:  <\/span><\/p>\n<p class=\"tw-data-text tw-text-large tw-ta\" style=\"text-align:left\" dir=\"ltr\"><span xml_lang=\"sl\" lang=\"sl\">punozrnata gove\u0111a ko\u017ea (debljina 1,2 \/ 1,3 mm),  <\/span><\/p>\n<p class=\"tw-data-text tw-text-large tw-ta\" style=\"text-align:left\" dir=\"ltr\"><span xml_lang=\"sl\" lang=\"sl\">uklonjiva podstava od mre\u017easte podstave  <\/span><\/p>\n<p class=\"tw-data-text tw-text-large tw-ta\" style=\"text-align:left\" dir=\"ltr\"><span xml_lang=\"sl\" lang=\"sl\">CE Force Tech \u0161titnici na laktovima i koljenima  <\/span><\/p>\n<p class=\"tw-data-text tw-text-large tw-ta\" style=\"text-align:left\" dir=\"ltr\"><span xml_lang=\"sl\" lang=\"sl\">CE biomehani\u010dki \u0161titnici za ramena  <\/span><\/p>\n<p class=\"tw-data-text tw-text-large tw-ta\" style=\"text-align:left\" dir=\"ltr\"><span xml_lang=\"sl\" lang=\"sl\">CE Multitech \u0161titnici na struku  <\/span><\/p>\n<p class=\"tw-data-text tw-text-large tw-ta\" style=\"text-align:left\" dir=\"ltr\"><span xml_lang=\"sl\" lang=\"sl\">Keprotec\u00ae zone za savr\u0161eno pristajanje  <\/span><\/p>\n<p class=\"tw-data-text tw-text-large tw-ta\" style=\"text-align:left\" dir=\"ltr\"><span xml_lang=\"sl\" lang=\"sl\">Warrior \u0161titnik za le\u0111a Lev.1 ili Lev.2  <\/span><\/p>\n<p class=\"tw-data-text tw-text-large tw-ta\" style=\"text-align:left\" dir=\"ltr\"><span xml_lang=\"sl\" lang=\"sl\">Ratni\u010dki \u0161titnik za prsa  <\/span><\/p>\n<p class=\"tw-data-text tw-text-large tw-ta\" style=\"text-align:left\" dir=\"ltr\"><span xml_lang=\"sl\" lang=\"sl\">Uklonjivi i podesivi Warrior kliza\u010di za laktove  <\/span><\/p>\n<p class=\"tw-data-text tw-text-large tw-ta\" style=\"text-align:left\" dir=\"ltr\"><span xml_lang=\"sl\" lang=\"sl\">Clarino\u00ae umetci u podru\u010dju vrata  <\/span><\/p>\n<p class=\"tw-data-text tw-text-large tw-ta\" style=\"text-align:left\" dir=\"ltr\"><span xml_lang=\"sl\" lang=\"sl\">Neoprenski umeci u podru\u010dju vrata i zape\u0161\u0107a  <\/span><\/p>\n<p class=\"tw-data-text tw-text-large tw-ta\" style=\"text-align:left\" dir=\"ltr\"><span xml_lang=\"sl\" lang=\"sl\">Otvori za ventilaciju visokog protoka na ramenima i le\u0111ima  <\/span><\/p>\n<p class=\"tw-data-text tw-text-large tw-ta\" style=\"text-align:left\" dir=\"ltr\"><span xml_lang=\"sl\" lang=\"sl\">Opremljen trka\u0107om grbom<\/span><\/p>\n<p class=\"tw-data-text tw-text-large tw-ta\" style=\"text-align:left\" dir=\"ltr\">\n<\/div>\n<p>Sastav sirovine: 85% kravlja ko\u017ea, 15% poliester<\/p>\n","protected":false},"excerpt":{"rendered":"<p>Spidi Track Replica EVO trka\u0107e ko\u017eno odijelo, temeljeno na iskustvu MotoGP i WSBK voza\u010da. Te\u017ei samo&#8230;<\/p>\n","protected":false},"featured_media":176694,"comment_status":"open","ping_status":"open","template":"","meta":{"_acf_changed":false},"brand":[2732],"gender":[1313],"product_brand":[],"product_cat":[2879,1356],"product_tag":[],"class_list":{"0":"post-137202","1":"product","2":"type-product","3":"status-publish","4":"has-post-thumbnail","6":"brand-spidi-hr","7":"gender-moski","8":"product_cat-jednodijelni-kombinezoni","9":"product_cat-motociklisticka-oprema","10":"pa_size-46-hr","11":"pa_size-48-hr","12":"pa_size-50-hr","13":"pa_size-52-hr","14":"pa_size-54-hr","15":"pa_size-56-hr","16":"pa_size-58-hr","18":"first","19":"instock","20":"sale","21":"taxable","22":"shipping-taxable","23":"purchasable","24":"product-type-variable"},"acf":[],"_links":{"self":[{"href":"https:\/\/moto-oprema.com\/hr\/wp-json\/wp\/v2\/product\/137202","targetHints":{"allow":["GET"]}}],"collection":[{"href":"https:\/\/moto-oprema.com\/hr\/wp-json\/wp\/v2\/product"}],"about":[{"href":"https:\/\/moto-oprema.com\/hr\/wp-json\/wp\/v2\/types\/product"}],"replies":[{"embeddable":true,"href":"https:\/\/moto-oprema.com\/hr\/wp-json\/wp\/v2\/comments?post=137202"}],"wp:featuredmedia":[{"embeddable":true,"href":"https:\/\/moto-oprema.com\/hr\/wp-json\/wp\/v2\/media\/176694"}],"wp:attachment":[{"href":"https:\/\/moto-oprema.com\/hr\/wp-json\/wp\/v2\/media?parent=137202"}],"wp:term":[{"taxonomy":"brand","embeddable":true,"href":"https:\/\/moto-oprema.com\/hr\/wp-json\/wp\/v2\/brand?post=137202"},{"taxonomy":"gender","embeddable":true,"href":"https:\/\/moto-oprema.com\/hr\/wp-json\/wp\/v2\/gender?post=137202"},{"taxonomy":"product_brand","embeddable":true,"href":"https:\/\/moto-oprema.com\/hr\/wp-json\/wp\/v2\/product_brand?post=137202"},{"taxonomy":"product_cat","embeddable":true,"href":"https:\/\/moto-oprema.com\/hr\/wp-json\/wp\/v2\/product_cat?post=137202"},{"taxonomy":"product_tag","embeddable":true,"href":"https:\/\/moto-oprema.com\/hr\/wp-json\/wp\/v2\/product_tag?post=137202"}],"curies":[{"name":"wp","href":"https:\/\/api.w.org\/{rel}","templated":true}]}}