{"id":137140,"date":"2019-12-09T05:04:20","date_gmt":"2019-12-09T05:04:20","guid":{"rendered":"https:\/\/moto-oprema.com\/Artikel\/acerbis-vrecica-za-noge-bez-vode\/"},"modified":"2019-12-09T05:04:20","modified_gmt":"2019-12-09T05:04:20","slug":"acerbis-vrecica-za-noge-bez-vode","status":"publish","type":"product","link":"https:\/\/moto-oprema.com\/hr\/Artikel\/acerbis-vrecica-za-noge-bez-vode\/","title":{"rendered":"ACERBIS VRE\u0106ICA ZA NOGE &#8211; BEZ VODE"},"content":{"rendered":"<p><span id=\"result_box\" xml_lang=\"sl\" lang=\"sl\"><span>Acerbis torba za noge. Kapacitet 2l. Veli\u010dina 17x11cm. Pogodno za dokumente i telefon. Unutra\u0161njost je vodootporna.    <\/span><\/span><\/p>\n<p>Sastav sirovine:<\/p>\n<p>10% poliester, 90% PVC<\/p>\n<ul>\n<li>Nogavica<\/li>\n<li>Kapacitet 2 l <\/li>\n<li>Vanjski toplinski zape\u010da\u0107eni \u0161avovi<\/li>\n<li>Potpuno vodootporni unutarnji dio<\/li>\n<li>Pri\u010dvr\u0161\u0107ivanje dvostrukim podesivim remenom<\/li>\n<li>Korisno za pohranu malih predmeta poput pametnog telefona (maks. 17&#215;11)<\/li>\n<li>Prakti\u010dno i fleksibilno<\/li>\n<li>Posebno korisno u ki\u0161nim danima<\/li>\n<\/ul>\n","protected":false},"excerpt":{"rendered":"<p>Acerbis torba za noge. Kapacitet 2l. Veli\u010dina 17x11cm. Pogodno za dokumente i telefon. Unutra\u0161njost je vodootporna&#8230;.<\/p>\n","protected":false},"featured_media":6722,"comment_status":"open","ping_status":"open","template":"","meta":{"_acf_changed":false},"brand":[2978],"gender":[],"product_brand":[],"product_cat":[1356,2729,2755],"product_tag":[],"class_list":{"0":"post-137140","1":"product","2":"type-product","3":"status-publish","4":"has-post-thumbnail","6":"brand-acerbis-hr","7":"product_cat-motociklisticka-oprema","8":"product_cat-pribor","9":"product_cat-ruksaci-i-torbe-za-noge","11":"first","12":"onbackorder","13":"taxable","14":"shipping-taxable","15":"purchasable","16":"product-type-simple"},"acf":[],"_links":{"self":[{"href":"https:\/\/moto-oprema.com\/hr\/wp-json\/wp\/v2\/product\/137140","targetHints":{"allow":["GET"]}}],"collection":[{"href":"https:\/\/moto-oprema.com\/hr\/wp-json\/wp\/v2\/product"}],"about":[{"href":"https:\/\/moto-oprema.com\/hr\/wp-json\/wp\/v2\/types\/product"}],"replies":[{"embeddable":true,"href":"https:\/\/moto-oprema.com\/hr\/wp-json\/wp\/v2\/comments?post=137140"}],"wp:featuredmedia":[{"embeddable":true,"href":"https:\/\/moto-oprema.com\/hr\/wp-json\/wp\/v2\/media\/6722"}],"wp:attachment":[{"href":"https:\/\/moto-oprema.com\/hr\/wp-json\/wp\/v2\/media?parent=137140"}],"wp:term":[{"taxonomy":"brand","embeddable":true,"href":"https:\/\/moto-oprema.com\/hr\/wp-json\/wp\/v2\/brand?post=137140"},{"taxonomy":"gender","embeddable":true,"href":"https:\/\/moto-oprema.com\/hr\/wp-json\/wp\/v2\/gender?post=137140"},{"taxonomy":"product_brand","embeddable":true,"href":"https:\/\/moto-oprema.com\/hr\/wp-json\/wp\/v2\/product_brand?post=137140"},{"taxonomy":"product_cat","embeddable":true,"href":"https:\/\/moto-oprema.com\/hr\/wp-json\/wp\/v2\/product_cat?post=137140"},{"taxonomy":"product_tag","embeddable":true,"href":"https:\/\/moto-oprema.com\/hr\/wp-json\/wp\/v2\/product_tag?post=137140"}],"curies":[{"name":"wp","href":"https:\/\/api.w.org\/{rel}","templated":true}]}}