{"id":137136,"date":"2019-12-09T05:13:56","date_gmt":"2019-12-09T05:13:56","guid":{"rendered":"https:\/\/moto-oprema.com\/Artikel\/acerbis-rola-vrecica-bez-vode\/"},"modified":"2019-12-09T05:13:56","modified_gmt":"2019-12-09T05:13:56","slug":"acerbis-rola-vrecica-bez-vode","status":"publish","type":"product","link":"https:\/\/moto-oprema.com\/hr\/Artikel\/acerbis-rola-vrecica-bez-vode\/","title":{"rendered":"ACERBIS ROLA VRE\u0106ICA &#8211; BEZ VODE"},"content":{"rendered":"<p><span id=\"result_box\" xml_lang=\"sl\" lang=\"sl\"><span>Acerbis torba ROLA. Kapacitet 40l. Veli\u010dina 70x30cm. Pogodna za svakog motociklista. Unutra\u0161njost je vodootporna. Remen za no\u0161enje preko ramena.       <br \/><\/span><\/span><\/p>\n<p>Sastav sirovine:<\/p>\n<p>90% polivinilklorid, 10% poliester<\/p>\n<p><strong>Zna\u010dajke:<\/strong><\/p>\n<ul>\n<li>Idealno za motocikliste<\/li>\n<li>Vanjski toplinski zape\u010da\u0107eni \u0161avovi<\/li>\n<li>Naramenica<\/li>\n<li>Pri\u010dvr\u0161\u0107ivanje pomo\u0107u prstenova<\/li>\n<li>Udobno i fleksibilno<\/li>\n<li>Otporno na abraziju<\/li>\n<\/ul>\n<p><strong>Tehni\u010dki podaci:<\/strong><\/p>\n<ul>\n<li>Kapacitet 40 litara<\/li>\n<li>Korisno za pohranu velikih predmeta (maks. 70&#215;30)<\/li>\n<li>Otporno na +70\u00b0 &#8211; 30\u00b0<\/li>\n<\/ul>\n","protected":false},"excerpt":{"rendered":"<p>Acerbis torba ROLA. Kapacitet 40l. Veli\u010dina 70x30cm. Pogodna za svakog motociklista. Unutra\u0161njost je vodootporna. Remen za&#8230;<\/p>\n","protected":false},"featured_media":6728,"comment_status":"open","ping_status":"open","template":"","meta":{"_acf_changed":false},"brand":[2978],"gender":[],"product_brand":[],"product_cat":[1356,2729,2755],"product_tag":[],"class_list":{"0":"post-137136","1":"product","2":"type-product","3":"status-publish","4":"has-post-thumbnail","6":"brand-acerbis-hr","7":"product_cat-motociklisticka-oprema","8":"product_cat-pribor","9":"product_cat-ruksaci-i-torbe-za-noge","11":"first","12":"onbackorder","13":"taxable","14":"shipping-taxable","15":"purchasable","16":"product-type-simple"},"acf":[],"_links":{"self":[{"href":"https:\/\/moto-oprema.com\/hr\/wp-json\/wp\/v2\/product\/137136","targetHints":{"allow":["GET"]}}],"collection":[{"href":"https:\/\/moto-oprema.com\/hr\/wp-json\/wp\/v2\/product"}],"about":[{"href":"https:\/\/moto-oprema.com\/hr\/wp-json\/wp\/v2\/types\/product"}],"replies":[{"embeddable":true,"href":"https:\/\/moto-oprema.com\/hr\/wp-json\/wp\/v2\/comments?post=137136"}],"wp:featuredmedia":[{"embeddable":true,"href":"https:\/\/moto-oprema.com\/hr\/wp-json\/wp\/v2\/media\/6728"}],"wp:attachment":[{"href":"https:\/\/moto-oprema.com\/hr\/wp-json\/wp\/v2\/media?parent=137136"}],"wp:term":[{"taxonomy":"brand","embeddable":true,"href":"https:\/\/moto-oprema.com\/hr\/wp-json\/wp\/v2\/brand?post=137136"},{"taxonomy":"gender","embeddable":true,"href":"https:\/\/moto-oprema.com\/hr\/wp-json\/wp\/v2\/gender?post=137136"},{"taxonomy":"product_brand","embeddable":true,"href":"https:\/\/moto-oprema.com\/hr\/wp-json\/wp\/v2\/product_brand?post=137136"},{"taxonomy":"product_cat","embeddable":true,"href":"https:\/\/moto-oprema.com\/hr\/wp-json\/wp\/v2\/product_cat?post=137136"},{"taxonomy":"product_tag","embeddable":true,"href":"https:\/\/moto-oprema.com\/hr\/wp-json\/wp\/v2\/product_tag?post=137136"}],"curies":[{"name":"wp","href":"https:\/\/api.w.org\/{rel}","templated":true}]}}