{"id":137129,"date":"2019-12-09T06:19:45","date_gmt":"2019-12-09T06:19:45","guid":{"rendered":"https:\/\/moto-oprema.com\/Artikel\/acerbis-torba-za-pojas\/"},"modified":"2019-12-09T06:19:45","modified_gmt":"2019-12-09T06:19:45","slug":"acerbis-torba-za-pojas","status":"publish","type":"product","link":"https:\/\/moto-oprema.com\/hr\/Artikel\/acerbis-torba-za-pojas\/","title":{"rendered":"ACERBIS TORBA ZA POJAS"},"content":{"rendered":"<p>Acerbis torba za pojas. Idealna za enduro voza\u010de. Pogodna za pohranu dokumenata i malog alata. Ukupni kapacitet 2l. Odvojeni pretinac za alat i dokumente.    <\/p>\n<p>Sastav sirovine:<\/p>\n<p>100% poliester<\/p>\n<div class=\"ui-tabs-panel ui-widget-content ui-corner-bottom\" id=\"tab-product-description-original\">\n<div class=\"description\"><strong>Zna\u010dajke:<\/strong><\/p>\n<ul>\n<li>Dvostruko zatvaranje elasti\u010dnim remenom s \u010di\u010dkom i plasti\u010dnom kop\u010dom<\/li>\n<li>Gumena zakrpa na donjem dijelu le\u0111a za savr\u0161eno pristajanje<\/li>\n<li>Remen s d\u017eepom za voza\u010dku dozvolu ili karticu s \u017eigom, s unutarnjom identifikacijskom etiketom voza\u010da<\/li>\n<li>Brojni d\u017eepovi: stra\u017enji d\u017eep za alat, uklju\u010duju\u0107i dodatni d\u017eep za kompas, dva bo\u010dna d\u017eepa za ostale potrep\u0161tine za vo\u017enju<\/li>\n<\/ul>\n<\/div>\n<\/div>\n","protected":false},"excerpt":{"rendered":"<p>Acerbis torba za pojas. Idealna za enduro voza\u010de. Pogodna za pohranu dokumenata i malog alata. Ukupni&#8230;<\/p>\n","protected":false},"featured_media":6782,"comment_status":"open","ping_status":"open","template":"","meta":{"_acf_changed":false},"brand":[2978],"gender":[],"product_brand":[],"product_cat":[1356,2729,2755],"product_tag":[],"class_list":{"0":"post-137129","1":"product","2":"type-product","3":"status-publish","4":"has-post-thumbnail","6":"brand-acerbis-hr","7":"product_cat-motociklisticka-oprema","8":"product_cat-pribor","9":"product_cat-ruksaci-i-torbe-za-noge","11":"first","12":"onbackorder","13":"taxable","14":"shipping-taxable","15":"purchasable","16":"product-type-simple"},"acf":[],"_links":{"self":[{"href":"https:\/\/moto-oprema.com\/hr\/wp-json\/wp\/v2\/product\/137129","targetHints":{"allow":["GET"]}}],"collection":[{"href":"https:\/\/moto-oprema.com\/hr\/wp-json\/wp\/v2\/product"}],"about":[{"href":"https:\/\/moto-oprema.com\/hr\/wp-json\/wp\/v2\/types\/product"}],"replies":[{"embeddable":true,"href":"https:\/\/moto-oprema.com\/hr\/wp-json\/wp\/v2\/comments?post=137129"}],"wp:featuredmedia":[{"embeddable":true,"href":"https:\/\/moto-oprema.com\/hr\/wp-json\/wp\/v2\/media\/6782"}],"wp:attachment":[{"href":"https:\/\/moto-oprema.com\/hr\/wp-json\/wp\/v2\/media?parent=137129"}],"wp:term":[{"taxonomy":"brand","embeddable":true,"href":"https:\/\/moto-oprema.com\/hr\/wp-json\/wp\/v2\/brand?post=137129"},{"taxonomy":"gender","embeddable":true,"href":"https:\/\/moto-oprema.com\/hr\/wp-json\/wp\/v2\/gender?post=137129"},{"taxonomy":"product_brand","embeddable":true,"href":"https:\/\/moto-oprema.com\/hr\/wp-json\/wp\/v2\/product_brand?post=137129"},{"taxonomy":"product_cat","embeddable":true,"href":"https:\/\/moto-oprema.com\/hr\/wp-json\/wp\/v2\/product_cat?post=137129"},{"taxonomy":"product_tag","embeddable":true,"href":"https:\/\/moto-oprema.com\/hr\/wp-json\/wp\/v2\/product_tag?post=137129"}],"curies":[{"name":"wp","href":"https:\/\/api.w.org\/{rel}","templated":true}]}}