{"id":137106,"date":"2020-02-19T11:59:11","date_gmt":"2020-02-19T11:59:11","guid":{"rendered":"https:\/\/moto-oprema.com\/Artikel\/alpinestars-bionic-plus-zastitna-jakna-za-djecu\/"},"modified":"2020-02-19T11:59:11","modified_gmt":"2020-02-19T11:59:11","slug":"alpinestars-bionic-plus-zastitna-jakna-za-djecu","status":"publish","type":"product","link":"https:\/\/moto-oprema.com\/hr\/Artikel\/alpinestars-bionic-plus-zastitna-jakna-za-djecu\/","title":{"rendered":"ALPINESTARS BIONIC PLUS ZA\u0160TITNA JAKNA ZA DJECU"},"content":{"rendered":"<div class=\"rte\">\n<p>&#8211; Lagane i udobne za no\u0161enje.<br \/>\n&#8211; Izra\u0111en od visokokvalitetnog materijala koji pru\u017ea vrlo dobru za\u0161titu.<br \/>\n&#8211; \u0160titnici za ramena i laktove od PU pjene.<br \/>\n&#8211; Mre\u017easta podstava pru\u017ea maksimalnu udobnost i ventilaciju.<br \/>\n&#8211; Gornji dio \u0161titnika za le\u0111a kompatibilan je s Alpinestars BNS ovratnicima.<br \/>\n&#8211; Zatvaranje s YKK\u00ae patentnim zatvara\u010dem.<br \/>\n&#8211; Testirano i certificirano prema europskoj normi (CE) EN 1621-1:2012 (razina 1), EN 1621-2:2014 (razina 2) i EN 1621-3:2016 (razina 2).<\/p>\n<\/div>\n","protected":false},"excerpt":{"rendered":"<p>Alpinestars Bionic Plus za\u0161titna jakna za mlade.<\/p>\n","protected":false},"featured_media":8212,"comment_status":"open","ping_status":"closed","template":"","meta":{"_acf_changed":false},"brand":[2748],"gender":[],"product_brand":[],"product_cat":[2935,2733,2892],"product_tag":[],"class_list":{"0":"post-137106","1":"product","2":"type-product","3":"status-publish","4":"has-post-thumbnail","6":"brand-alpinestars-hr","7":"product_cat-mx-stitnici","8":"product_cat-oprema-za-motokros","9":"product_cat-za-najmlade-hr","10":"pa_size-l-xl-hr","11":"pa_size-sm","13":"first","14":"onbackorder","15":"sale","16":"taxable","17":"shipping-taxable","18":"purchasable","19":"product-type-variable"},"acf":[],"_links":{"self":[{"href":"https:\/\/moto-oprema.com\/hr\/wp-json\/wp\/v2\/product\/137106","targetHints":{"allow":["GET"]}}],"collection":[{"href":"https:\/\/moto-oprema.com\/hr\/wp-json\/wp\/v2\/product"}],"about":[{"href":"https:\/\/moto-oprema.com\/hr\/wp-json\/wp\/v2\/types\/product"}],"replies":[{"embeddable":true,"href":"https:\/\/moto-oprema.com\/hr\/wp-json\/wp\/v2\/comments?post=137106"}],"wp:featuredmedia":[{"embeddable":true,"href":"https:\/\/moto-oprema.com\/hr\/wp-json\/wp\/v2\/media\/8212"}],"wp:attachment":[{"href":"https:\/\/moto-oprema.com\/hr\/wp-json\/wp\/v2\/media?parent=137106"}],"wp:term":[{"taxonomy":"brand","embeddable":true,"href":"https:\/\/moto-oprema.com\/hr\/wp-json\/wp\/v2\/brand?post=137106"},{"taxonomy":"gender","embeddable":true,"href":"https:\/\/moto-oprema.com\/hr\/wp-json\/wp\/v2\/gender?post=137106"},{"taxonomy":"product_brand","embeddable":true,"href":"https:\/\/moto-oprema.com\/hr\/wp-json\/wp\/v2\/product_brand?post=137106"},{"taxonomy":"product_cat","embeddable":true,"href":"https:\/\/moto-oprema.com\/hr\/wp-json\/wp\/v2\/product_cat?post=137106"},{"taxonomy":"product_tag","embeddable":true,"href":"https:\/\/moto-oprema.com\/hr\/wp-json\/wp\/v2\/product_tag?post=137106"}],"curies":[{"name":"wp","href":"https:\/\/api.w.org\/{rel}","templated":true}]}}