{"id":137104,"date":"2020-02-19T12:10:35","date_gmt":"2020-02-19T12:10:35","guid":{"rendered":"https:\/\/moto-oprema.com\/Artikel\/alpinestars-bionic-hydratation-ruksak\/"},"modified":"2020-02-19T12:10:35","modified_gmt":"2020-02-19T12:10:35","slug":"alpinestars-bionic-hydratation-ruksak","status":"publish","type":"product","link":"https:\/\/moto-oprema.com\/hr\/Artikel\/alpinestars-bionic-hydratation-ruksak\/","title":{"rendered":"ALPINESTARS BIONIC HYDRATATION ruksak"},"content":{"rendered":"<p>Lagani Bionic ruksak za hidrataciju omogu\u0107uje jo\u0161 du\u017ee vo\u017enje. Dizajniran je da ponudi udobnost, jednostavnost no\u0161enja, prozra\u010dnost i izdr\u017eljivost.<br \/> Kompatibilno s Bionic Tech v2 i Bionic Pro v2 jaknama. <\/p>\n<p>Kapacitet napitka 1,5 l<\/p><\/p>\n","protected":false},"excerpt":{"rendered":"<p>Lagani Bionic ruksak za hidrataciju omogu\u0107uje jo\u0161 du\u017ee vo\u017enje. Dizajniran je da ponudi udobnost, jednostavnost no\u0161enja,&#8230;<\/p>\n","protected":false},"featured_media":8220,"comment_status":"open","ping_status":"closed","template":"","meta":{"_acf_changed":false},"brand":[2748],"gender":[],"product_brand":[],"product_cat":[2729],"product_tag":[],"class_list":{"0":"post-137104","1":"product","2":"type-product","3":"status-publish","4":"has-post-thumbnail","6":"brand-alpinestars-hr","7":"product_cat-pribor","9":"first","10":"instock","11":"taxable","12":"shipping-taxable","13":"purchasable","14":"product-type-simple"},"acf":[],"_links":{"self":[{"href":"https:\/\/moto-oprema.com\/hr\/wp-json\/wp\/v2\/product\/137104","targetHints":{"allow":["GET"]}}],"collection":[{"href":"https:\/\/moto-oprema.com\/hr\/wp-json\/wp\/v2\/product"}],"about":[{"href":"https:\/\/moto-oprema.com\/hr\/wp-json\/wp\/v2\/types\/product"}],"replies":[{"embeddable":true,"href":"https:\/\/moto-oprema.com\/hr\/wp-json\/wp\/v2\/comments?post=137104"}],"wp:featuredmedia":[{"embeddable":true,"href":"https:\/\/moto-oprema.com\/hr\/wp-json\/wp\/v2\/media\/8220"}],"wp:attachment":[{"href":"https:\/\/moto-oprema.com\/hr\/wp-json\/wp\/v2\/media?parent=137104"}],"wp:term":[{"taxonomy":"brand","embeddable":true,"href":"https:\/\/moto-oprema.com\/hr\/wp-json\/wp\/v2\/brand?post=137104"},{"taxonomy":"gender","embeddable":true,"href":"https:\/\/moto-oprema.com\/hr\/wp-json\/wp\/v2\/gender?post=137104"},{"taxonomy":"product_brand","embeddable":true,"href":"https:\/\/moto-oprema.com\/hr\/wp-json\/wp\/v2\/product_brand?post=137104"},{"taxonomy":"product_cat","embeddable":true,"href":"https:\/\/moto-oprema.com\/hr\/wp-json\/wp\/v2\/product_cat?post=137104"},{"taxonomy":"product_tag","embeddable":true,"href":"https:\/\/moto-oprema.com\/hr\/wp-json\/wp\/v2\/product_tag?post=137104"}],"curies":[{"name":"wp","href":"https:\/\/api.w.org\/{rel}","templated":true}]}}