{"id":137095,"date":"2020-02-05T09:52:46","date_gmt":"2020-02-05T09:52:46","guid":{"rendered":"https:\/\/moto-oprema.com\/Artikel\/spidi-rock-kozna-jakna-crna\/"},"modified":"2020-02-05T09:52:46","modified_gmt":"2020-02-05T09:52:46","slug":"spidi-rock-kozna-jakna-crna","status":"publish","type":"product","link":"https:\/\/moto-oprema.com\/hr\/Artikel\/spidi-rock-kozna-jakna-crna\/","title":{"rendered":"SPIDI ROCK KO\u017dNA JAKNA CRNA"},"content":{"rendered":"<p>Spidi Rock nova jakna u Spidi kolekciji. Namijenjena je za kori\u0161tenje u urbanim okru\u017eenjima. Dizajnirana za udobnost i za\u0161titu tijekom svakodnevne vo\u017enje. Tako\u0111er je pogodna za no\u0161enje kada ne koristite motocikl. Jakna ima \u0161titnike na ramenima i laktovima.    <\/p>\n<\/p>\n<p>Zna\u010dajke:<\/p>\n<ul>\n<li>1 unutarnji d\u017eep<\/li>\n<li>2 vanjska d\u017eepa<\/li>\n<li>CE certifikat &#8211; Ko\u0161arica. II &#8211; prEN 17092 <\/li>\n<li>D\u017eep za \u0161titnik za le\u0111a G1 i G2<\/li>\n<li>Reflektori svjetla<\/li>\n<li>Nastavimo na bokovima<\/li>\n<li>Kompozitni \u0161titnici certificirani prema standardu EN 1621.1<\/li>\n<\/ul>\n<p>Sastav sirovine: 100% ko\u017ea<\/p>\n","protected":false},"excerpt":{"rendered":"<p>Spidi Rock nova jakna u Spidi kolekciji. Namijenjena je za kori\u0161tenje u urbanim okru\u017eenjima. Dizajnirana za&#8230;<\/p>\n","protected":false},"featured_media":8038,"comment_status":"open","ping_status":"closed","template":"","meta":{"_acf_changed":false},"brand":[2732],"gender":[1313],"product_brand":[],"product_cat":[2759,2915,1356],"product_tag":[],"class_list":{"0":"post-137095","1":"product","2":"type-product","3":"status-publish","4":"has-post-thumbnail","6":"brand-spidi-hr","7":"gender-moski","8":"product_cat-jakne-hr","9":"product_cat-kozne-jakne","10":"product_cat-motociklisticka-oprema","11":"pa_size-46-hr","12":"pa_size-48-hr","13":"pa_size-50-hr","14":"pa_size-52-hr","15":"pa_size-54-hr","16":"pa_size-56-hr","17":"pa_size-58-hr","19":"first","20":"outofstock","21":"sale","22":"taxable","23":"shipping-taxable","24":"purchasable","25":"product-type-variable"},"acf":[],"_links":{"self":[{"href":"https:\/\/moto-oprema.com\/hr\/wp-json\/wp\/v2\/product\/137095","targetHints":{"allow":["GET"]}}],"collection":[{"href":"https:\/\/moto-oprema.com\/hr\/wp-json\/wp\/v2\/product"}],"about":[{"href":"https:\/\/moto-oprema.com\/hr\/wp-json\/wp\/v2\/types\/product"}],"replies":[{"embeddable":true,"href":"https:\/\/moto-oprema.com\/hr\/wp-json\/wp\/v2\/comments?post=137095"}],"wp:featuredmedia":[{"embeddable":true,"href":"https:\/\/moto-oprema.com\/hr\/wp-json\/wp\/v2\/media\/8038"}],"wp:attachment":[{"href":"https:\/\/moto-oprema.com\/hr\/wp-json\/wp\/v2\/media?parent=137095"}],"wp:term":[{"taxonomy":"brand","embeddable":true,"href":"https:\/\/moto-oprema.com\/hr\/wp-json\/wp\/v2\/brand?post=137095"},{"taxonomy":"gender","embeddable":true,"href":"https:\/\/moto-oprema.com\/hr\/wp-json\/wp\/v2\/gender?post=137095"},{"taxonomy":"product_brand","embeddable":true,"href":"https:\/\/moto-oprema.com\/hr\/wp-json\/wp\/v2\/product_brand?post=137095"},{"taxonomy":"product_cat","embeddable":true,"href":"https:\/\/moto-oprema.com\/hr\/wp-json\/wp\/v2\/product_cat?post=137095"},{"taxonomy":"product_tag","embeddable":true,"href":"https:\/\/moto-oprema.com\/hr\/wp-json\/wp\/v2\/product_tag?post=137095"}],"curies":[{"name":"wp","href":"https:\/\/api.w.org\/{rel}","templated":true}]}}