{"id":136981,"date":"2019-10-22T05:05:34","date_gmt":"2019-10-22T05:05:34","guid":{"rendered":"https:\/\/moto-oprema.com\/Artikel\/dainese-aurora-d-wp-zenske-cizme-crne\/"},"modified":"2019-10-22T05:05:34","modified_gmt":"2019-10-22T05:05:34","slug":"dainese-aurora-d-wp-zenske-cizme-crne","status":"publish","type":"product","link":"https:\/\/moto-oprema.com\/hr\/Artikel\/dainese-aurora-d-wp-zenske-cizme-crne\/","title":{"rendered":"DAINESE AURORA D-WP \u017dENSKE \u010cIZME CRNE"},"content":{"rendered":"<p>Dainese Aurora D-WP \u010dizme imaju posebnu D-WP membranu koja ih \u010dini vodootpornima i prikladnima za vo\u017enju u svim vremenskim uvjetima. Osim toga, \u010dizma vam nudi i poslovi\u010dnu Dainese sigurnost. <\/p>\n<p>Zna\u010dajke:<\/p>\n<div class=\"tabs-informations\">\n<div class=\"product-info\" style=\"border-top:1px solid #e0dcdc;\">\n<div class=\"information-product\">\n<div class=\"row missing-icon\">\n<div class=\"col-sm-10 col-xs-9 vertical-aligned\">\n<p>Zatvaranje patentnim zatvara\u010dem i trakama sa strane<\/p>\n<\/div>\n<\/div>\n<div class=\"row missing-icon\">\n<div class=\"col-sm-10 col-xs-9 vertical-aligned\">\n<p>Fleksibilni zglobovi za dodatnu udobnost hodanja<\/p>\n<\/div>\n<\/div>\n<\/div>\n<\/div>\n<div class=\"product-info\">\n<div class=\"information-product\">\n<div class=\"row missing-icon\">\n<div class=\"col-sm-10 col-xs-9 vertical-aligned\">\n<p>Reflektiraju\u0107i umetci<\/p>\n<\/div>\n<\/div>\n<div class=\"row missing-icon\">\n<div class=\"col-sm-10 col-xs-9 vertical-aligned\">\n<p>Gumeni potplat s diferenciranim dizajnom<\/p>\n<\/div>\n<\/div>\n<div class=\"row missing-icon\">\n<div class=\"col-sm-10 col-xs-9 vertical-aligned\">\n<p>Meki umetci<\/p>\n<\/div>\n<\/div>\n<div class=\"row missing-icon\">\n<div class=\"col-sm-10 col-xs-9 vertical-aligned\">\n<p>TPU za\u0161tita ru\u010dice mjenja\u010da<\/p>\n<\/div>\n<\/div>\n<\/div>\n<\/div>\n<div class=\"product-info\" style=\"border-top:1px solid #e0dcdc;\">\n<div class=\"information-product\">\n<div class=\"row missing-icon\">\n<div class=\"col-sm-10 col-xs-9 vertical-aligned\">\n<p>Gornji dio od mikrovlakana i visoko\u010dvrste poliamidne tkanine<\/p>\n<\/div>\n<\/div>\n<\/div>\n<\/div>\n<div class=\"product-info\">\n<div class=\"title-info\">\n<p>\u010cizme certificirane prema CE &#8211; kat. II &#8211; standardu EN 13634 <\/p>\n<\/div>\n<div class=\"information-product\">\n<div class=\"row missing-icon\">\n<div class=\"col-sm-10 col-xs-9 vertical-aligned\">\n<p>Najlonska peta<\/p>\n<\/div>\n<\/div>\n<div class=\"row missing-icon\">\n<div class=\"col-sm-10 col-xs-9 vertical-aligned\">\n<p>Kruti umetci na gle\u017enjevima<\/p>\n<\/div>\n<\/div>\n<div class=\"row missing-icon\">\n<div class=\"col-sm-10 col-xs-9 vertical-aligned\">\n<p>Termoformirani umetak na potkoljenici<\/p>\n<\/div>\n<\/div>\n<\/div>\n<\/div>\n<div class=\"product-info\">\n<div class=\"information-product\">\n<div class=\"row missing-icon\">\n<div class=\"col-sm-10 col-xs-9 vertical-aligned\">\n<p>Vodootporna D-WP\u00ae unutra\u0161njost<\/p>\n<\/div>\n<\/div>\n<\/div>\n<\/div>\n<\/div>\n<p>Sastav sirovina: Mikrofibra, Ko\u017eni umeci<\/p><\/p>\n","protected":false},"excerpt":{"rendered":"<p>Udobne \u017eenske cestovne cipele s vodootpornom D-WP membranom.<\/p>\n","protected":false},"featured_media":194301,"comment_status":"open","ping_status":"closed","template":"","meta":{"_acf_changed":false},"brand":[2800],"gender":[1314],"product_brand":[],"product_cat":[1356,2769,2813],"product_tag":[],"class_list":{"0":"post-136981","1":"product","2":"type-product","3":"status-publish","4":"has-post-thumbnail","6":"brand-dainese-hr","7":"gender-zenska","8":"product_cat-motociklisticka-oprema","9":"product_cat-obuca","10":"product_cat-obuca-za-planinarenje","11":"pa_velikost-skornji-36-hr","12":"pa_velikost-skornji-37-hr","13":"pa_velikost-skornji-38-hr","14":"pa_velikost-skornji-39-hr","15":"pa_velikost-skornji-40-hr","16":"pa_velikost-skornji-41-hr","17":"pa_velikost-skornji-42-hr","19":"first","20":"onbackorder","21":"taxable","22":"shipping-taxable","23":"purchasable","24":"product-type-variable"},"acf":[],"_links":{"self":[{"href":"https:\/\/moto-oprema.com\/hr\/wp-json\/wp\/v2\/product\/136981","targetHints":{"allow":["GET"]}}],"collection":[{"href":"https:\/\/moto-oprema.com\/hr\/wp-json\/wp\/v2\/product"}],"about":[{"href":"https:\/\/moto-oprema.com\/hr\/wp-json\/wp\/v2\/types\/product"}],"replies":[{"embeddable":true,"href":"https:\/\/moto-oprema.com\/hr\/wp-json\/wp\/v2\/comments?post=136981"}],"wp:featuredmedia":[{"embeddable":true,"href":"https:\/\/moto-oprema.com\/hr\/wp-json\/wp\/v2\/media\/194301"}],"wp:attachment":[{"href":"https:\/\/moto-oprema.com\/hr\/wp-json\/wp\/v2\/media?parent=136981"}],"wp:term":[{"taxonomy":"brand","embeddable":true,"href":"https:\/\/moto-oprema.com\/hr\/wp-json\/wp\/v2\/brand?post=136981"},{"taxonomy":"gender","embeddable":true,"href":"https:\/\/moto-oprema.com\/hr\/wp-json\/wp\/v2\/gender?post=136981"},{"taxonomy":"product_brand","embeddable":true,"href":"https:\/\/moto-oprema.com\/hr\/wp-json\/wp\/v2\/product_brand?post=136981"},{"taxonomy":"product_cat","embeddable":true,"href":"https:\/\/moto-oprema.com\/hr\/wp-json\/wp\/v2\/product_cat?post=136981"},{"taxonomy":"product_tag","embeddable":true,"href":"https:\/\/moto-oprema.com\/hr\/wp-json\/wp\/v2\/product_tag?post=136981"}],"curies":[{"name":"wp","href":"https:\/\/api.w.org\/{rel}","templated":true}]}}